{"id":746752,"date":"2025-08-28T02:50:00","date_gmt":"2025-08-27T23:50:00","guid":{"rendered":"https:\/\/roveyayinevi.com.tr\/index.php\/urun\/ya-adalet-ya-sefalet\/"},"modified":"2026-04-16T02:59:01","modified_gmt":"2026-04-15T23:59:01","slug":"ya-adalet-ya-sefalet","status":"publish","type":"product","link":"https:\/\/roveyayinevi.com.tr\/index.php\/urun\/ya-adalet-ya-sefalet\/","title":{"rendered":"Ya Adalet Ya Sefalet"},"content":{"rendered":"<p>\u015eimdi umutsuzlu\u011fa teslim olma zaman\u0131 de\u011fil!   Bizi buraya ne co\u011frafya ne de \u201ckader\u201d getirdi. Bizi buraya ge\u00e7mi\u015fteki tercihlerimiz getirdi. \u015eimdi T\u00fcrkiye\u2019nin \u00f6n\u00fcnde bir yol ayr\u0131m\u0131 var. Ya sefalette \u0131srar edece\u011fiz ya da yeni bir hik\u00e2ye yazmak i\u00e7in yola \u00e7\u0131kaca\u011f\u0131z. Tercih bizim.   Hem iyi bir ara\u015ft\u0131rmac\u0131 hem de en karma\u015f\u0131k meseleleri herkese anlatabilecek kadar g\u00fc\u00e7l\u00fc bir yazar olan Sel\u00e7uk \u015eirin, \u201c\u00dcmitsiz olsam iki y\u0131l\u0131m\u0131 bu kitaba vermezdim\u201d diyor. \u015eirin bu \u00e7al\u0131\u015fmas\u0131nda, T\u00fcrkiye\u2019nin acilen \u00e7\u00f6z\u00fclmesi gereken 7 temel meselesini verilerle ve ya\u015fanm\u0131\u015f ger\u00e7ek insan hik\u00e2yeleriyle ortaya koyuyor, her bir soruna tarihimizden ve d\u00fcnyadan iyi \u00f6rneklerle somut \u00e7\u00f6z\u00fcmler sunuyor.   Okuduk\u00e7a T\u00fcrkiye\u2019ye bak\u0131\u015f\u0131n\u0131z de\u011fi\u015fecek, kendinizi daha umutlu ve g\u00fc\u00e7l\u00fc hissedeceksiniz. \u00c7\u00fcnk\u00fc de\u011fi\u015fim \u00fcmit etmekle ba\u015flar.   De\u011ferli dostum Sel\u00e7uk \u015eirin, akademik \u00e7al\u0131\u015fmalar\u0131n\u0131 kitleye yayma ve daha iyi bir e\u011fitimle, sayg\u0131n, adaletli bir toplum yap\u0131s\u0131na ula\u015fma yolunda hayran olunacak kadar b\u00fcy\u00fck bir \u00e7aba g\u00f6steriyor.  Bu de\u011ferli kitapla bu duyarl\u0131l\u0131\u011f\u0131n\u0131 bir kez daha ta\u00e7land\u0131r\u0131yor.              Z\u00fclf\u00fc Livaneli   <\/p>\n","protected":false},"excerpt":{"rendered":"<p>\u015eimdi umutsuzlu\u011fa teslim olma zaman\u0131 de\u011fil! Bizi buraya ne co\u011frafya ne de \u201ckader\u201d getirdi. Bizi buraya ge\u00e7mi\u015fteki tercihlerimiz getirdi. \u015eimdi T\u00fcrkiye\u2019nin \u00f6n\u00fcnde bir yol ayr\u0131m\u0131 var.<span class=\"excerpt-hellip\"> [\u2026]<\/span><\/p>\n","protected":false},"featured_media":0,"template":"","meta":{"_monsterinsights_skip_tracking":false,"_monsterinsights_sitenote_active":false,"_monsterinsights_sitenote_note":"","_monsterinsights_sitenote_category":0},"product_brand":[],"product_cat":[13590,12337],"product_tag":[],"class_list":{"0":"post-746752","1":"product","2":"type-product","3":"status-publish","5":"product_cat-arastirma-inceleme-politika-siyaset","6":"product_cat-politika-siyaset","7":"pa_cilt-ciltsiz","8":"pa_tur-kitap","9":"pa_yayinevi-dogan-kitap","10":"pa_yazar-selcuk-sirin","12":"first","13":"instock","14":"sale","15":"shipping-taxable","16":"purchasable","17":"product-type-simple"},"_links":{"self":[{"href":"https:\/\/roveyayinevi.com.tr\/index.php\/wp-json\/wp\/v2\/product\/746752","targetHints":{"allow":["GET"]}}],"collection":[{"href":"https:\/\/roveyayinevi.com.tr\/index.php\/wp-json\/wp\/v2\/product"}],"about":[{"href":"https:\/\/roveyayinevi.com.tr\/index.php\/wp-json\/wp\/v2\/types\/product"}],"wp:attachment":[{"href":"https:\/\/roveyayinevi.com.tr\/index.php\/wp-json\/wp\/v2\/media?parent=746752"}],"wp:term":[{"taxonomy":"product_brand","embeddable":true,"href":"https:\/\/roveyayinevi.com.tr\/index.php\/wp-json\/wp\/v2\/product_brand?post=746752"},{"taxonomy":"product_cat","embeddable":true,"href":"https:\/\/roveyayinevi.com.tr\/index.php\/wp-json\/wp\/v2\/product_cat?post=746752"},{"taxonomy":"product_tag","embeddable":true,"href":"https:\/\/roveyayinevi.com.tr\/index.php\/wp-json\/wp\/v2\/product_tag?post=746752"}],"curies":[{"name":"wp","href":"https:\/\/api.w.org\/{rel}","templated":true}]}}