{"id":746750,"date":"2025-08-28T02:49:57","date_gmt":"2025-08-27T23:49:57","guid":{"rendered":"https:\/\/roveyayinevi.com.tr\/index.php\/urun\/konstantinopolis\/"},"modified":"2026-04-16T02:59:01","modified_gmt":"2026-04-15T23:59:01","slug":"konstantinopolis","status":"publish","type":"product","link":"https:\/\/roveyayinevi.com.tr\/index.php\/urun\/konstantinopolis\/","title":{"rendered":"Konstantinopolis"},"content":{"rendered":"<p>\u0130mparatorluklar ba\u015fkenti, kutsal \u015fehir, \u00c7e\u015fm-i Cihan, Dersaadet \u2026 her yak\u0131\u015ft\u0131rman\u0131n hakk\u0131n\u0131 verebilen bu \u015fehrin en \u00f6zel hik\u00e2yesini Mansel\u2019den dinliyoruz.   \u201cOsmanl\u0131 \u0130mparatorlu\u011funun ba\u015fkentine dair b\u00fcy\u00fcleyici bir tarih. Cazibesi daha ilk sat\u0131rda belli ediyor kendini.\u201d -Niall Ferguson, The Sunday Times   \u201cBir ba\u015fyap\u0131t.\u201d -Godfrey Goodwin, British Museum Journal   \u201cOla\u011fan\u00fcst\u00fc\u2026 \u015eehrin hik\u00e2yesi de bu kitapla b\u00fcy\u00fcy\u00fcp serpiliyor\u2026 Konstantinopolis\u2019in kalp at\u0131\u015flar\u0131n\u0131 duyuyorsunuz: gizemli ve hovarda.\u201d -Michael Ratcliffe, Observer   \u201cB\u00fcy\u00fcleyici bir imparatorluk \u015fehrine ve sakinlerine dair m\u00fckemmel bir \u00e7al\u0131\u015fma.\u2019 -Robert Carver, Scotsman   \u201cKonuya merak duyan her okurun yan\u0131 s\u0131ra Osmanl\u0131 tarihi \u00fczerine \u00e7al\u0131\u015fan akademisyenlerin de b\u00fcy\u00fck be\u011fenisini kazanacak.\u201d -Noel Malcolm, Sunday Telegraph <\/p>\n","protected":false},"excerpt":{"rendered":"<p>\u0130mparatorluklar ba\u015fkenti, kutsal \u015fehir, \u00c7e\u015fm-i Cihan, Dersaadet \u2026 her yak\u0131\u015ft\u0131rman\u0131n hakk\u0131n\u0131 verebilen bu \u015fehrin en \u00f6zel hik\u00e2yesini Mansel\u2019den dinliyoruz. \u201cOsmanl\u0131 \u0130mparatorlu\u011funun ba\u015fkentine dair b\u00fcy\u00fcleyici bir tarih.<span class=\"excerpt-hellip\"> [\u2026]<\/span><\/p>\n","protected":false},"featured_media":0,"template":"","meta":{"_monsterinsights_skip_tracking":false,"_monsterinsights_sitenote_active":false,"_monsterinsights_sitenote_note":"","_monsterinsights_sitenote_category":0},"product_brand":[],"product_cat":[12312,12304],"product_tag":[],"class_list":{"0":"post-746750","1":"product","2":"type-product","3":"status-publish","5":"product_cat-diger","6":"product_cat-tarih","7":"pa_cilt-ciltsiz","8":"pa_tur-kitap","9":"pa_yayinevi-alfa-yayinlari","10":"pa_yazar-philip-mansel","12":"first","13":"instock","14":"sale","15":"shipping-taxable","16":"purchasable","17":"product-type-simple"},"_links":{"self":[{"href":"https:\/\/roveyayinevi.com.tr\/index.php\/wp-json\/wp\/v2\/product\/746750","targetHints":{"allow":["GET"]}}],"collection":[{"href":"https:\/\/roveyayinevi.com.tr\/index.php\/wp-json\/wp\/v2\/product"}],"about":[{"href":"https:\/\/roveyayinevi.com.tr\/index.php\/wp-json\/wp\/v2\/types\/product"}],"wp:attachment":[{"href":"https:\/\/roveyayinevi.com.tr\/index.php\/wp-json\/wp\/v2\/media?parent=746750"}],"wp:term":[{"taxonomy":"product_brand","embeddable":true,"href":"https:\/\/roveyayinevi.com.tr\/index.php\/wp-json\/wp\/v2\/product_brand?post=746750"},{"taxonomy":"product_cat","embeddable":true,"href":"https:\/\/roveyayinevi.com.tr\/index.php\/wp-json\/wp\/v2\/product_cat?post=746750"},{"taxonomy":"product_tag","embeddable":true,"href":"https:\/\/roveyayinevi.com.tr\/index.php\/wp-json\/wp\/v2\/product_tag?post=746750"}],"curies":[{"name":"wp","href":"https:\/\/api.w.org\/{rel}","templated":true}]}}