{"id":746746,"date":"2025-08-28T02:49:51","date_gmt":"2025-08-27T23:49:51","guid":{"rendered":"https:\/\/roveyayinevi.com.tr\/index.php\/urun\/arkadasim-mustafa\/"},"modified":"2026-04-16T02:59:01","modified_gmt":"2026-04-15T23:59:01","slug":"arkadasim-mustafa","status":"publish","type":"product","link":"https:\/\/roveyayinevi.com.tr\/index.php\/urun\/arkadasim-mustafa\/","title":{"rendered":"Arkada\u015f\u0131m Mustafa"},"content":{"rendered":"<p>Arkada\u015f\u0131m Mustafa yak\u0131ndan tan\u0131d\u0131\u011f\u0131m\u0131z, i\u00e7selle\u015ftirdi\u011fimiz, t\u0131pk\u0131 bir \u00f6nder gibi \u00e7\u00f6z\u00fcmler \u00fcreten ve t\u0131pk\u0131 bir \u00f6nder gibi aram\u0131zda dola\u015fan \u00e7ocuk Mustafa&#8217;n\u0131n \u00f6yk\u00fclerinden olu\u015fuyor. Bize hem ge\u00e7mi\u015ften sesleniyor hem \u015fimdiden. \u015eartlar ne olursa olsun \u00e7\u00f6z\u00fcm \u00fcretmekten, payla\u015fmaktan, hayvan, do\u011fa ve kitap sevgisinden vazge\u00e7meyen bir \u00e7ocu\u011fun ve yak\u0131n arkada\u015flar\u0131n\u0131n hepimize ilham olabilecek yedi \u00f6yk\u00fcs\u00fcn\u00fc \u00e7ok sevece\u011finizi umuyoruz. Alper Karaa\u011fa\u00e7 ilham\u0131n\u0131 o mavi g\u00f6zl\u00fc devden, \u00e7ocuktan, arkada\u015fl\u0131ktan, hayvan sevgisinden ve yar\u0131nlardan alan \u00f6yk\u00fcleriyle \u00e7ocuk edebiyat\u0131na yeni bir soluk getiriyor.<\/p>\n","protected":false},"excerpt":{"rendered":"<p>Arkada\u015f\u0131m Mustafa yak\u0131ndan tan\u0131d\u0131\u011f\u0131m\u0131z, i\u00e7selle\u015ftirdi\u011fimiz, t\u0131pk\u0131 bir \u00f6nder gibi \u00e7\u00f6z\u00fcmler \u00fcreten ve t\u0131pk\u0131 bir \u00f6nder gibi aram\u0131zda dola\u015fan \u00e7ocuk Mustafa&#8217;n\u0131n \u00f6yk\u00fclerinden olu\u015fuyor. Bize hem ge\u00e7mi\u015ften sesleniyor<span class=\"excerpt-hellip\"> [\u2026]<\/span><\/p>\n","protected":false},"featured_media":0,"template":"","meta":{"_monsterinsights_skip_tracking":false,"_monsterinsights_sitenote_active":false,"_monsterinsights_sitenote_note":"","_monsterinsights_sitenote_category":0},"product_brand":[],"product_cat":[12274,12284],"product_tag":[],"class_list":{"0":"post-746746","1":"product","2":"type-product","3":"status-publish","5":"product_cat-cocuk-ve-genclik-kitaplari","6":"product_cat-hikayeler","7":"pa_cilt-ciltsiz","8":"pa_tur-kitap","9":"pa_yayinevi-altin-kitaplar-ozel-urun","10":"pa_yazar-alper-karaagac","12":"first","13":"instock","14":"sale","15":"shipping-taxable","16":"purchasable","17":"product-type-simple"},"_links":{"self":[{"href":"https:\/\/roveyayinevi.com.tr\/index.php\/wp-json\/wp\/v2\/product\/746746","targetHints":{"allow":["GET"]}}],"collection":[{"href":"https:\/\/roveyayinevi.com.tr\/index.php\/wp-json\/wp\/v2\/product"}],"about":[{"href":"https:\/\/roveyayinevi.com.tr\/index.php\/wp-json\/wp\/v2\/types\/product"}],"wp:attachment":[{"href":"https:\/\/roveyayinevi.com.tr\/index.php\/wp-json\/wp\/v2\/media?parent=746746"}],"wp:term":[{"taxonomy":"product_brand","embeddable":true,"href":"https:\/\/roveyayinevi.com.tr\/index.php\/wp-json\/wp\/v2\/product_brand?post=746746"},{"taxonomy":"product_cat","embeddable":true,"href":"https:\/\/roveyayinevi.com.tr\/index.php\/wp-json\/wp\/v2\/product_cat?post=746746"},{"taxonomy":"product_tag","embeddable":true,"href":"https:\/\/roveyayinevi.com.tr\/index.php\/wp-json\/wp\/v2\/product_tag?post=746746"}],"curies":[{"name":"wp","href":"https:\/\/api.w.org\/{rel}","templated":true}]}}