{"id":746744,"date":"2025-08-28T02:49:49","date_gmt":"2025-08-27T23:49:49","guid":{"rendered":"https:\/\/roveyayinevi.com.tr\/index.php\/urun\/binbir-bilim\/"},"modified":"2026-04-16T02:59:01","modified_gmt":"2026-04-15T23:59:01","slug":"binbir-bilim","status":"publish","type":"product","link":"https:\/\/roveyayinevi.com.tr\/index.php\/urun\/binbir-bilim\/","title":{"rendered":"Binbir Bilim"},"content":{"rendered":"<p>Teknolojinin ba\u015f d\u00f6nd\u00fcr\u00fcc\u00fc h\u0131zla ilerledi\u011fi bir zamanda ya\u015f\u0131yoruz. Ancak bilimin s\u0131rlar\u0131ndan uzak durmayanlar \u00e7a\u011f\u0131n gerisinde kalmamay\u0131 ba\u015faracaklar. Bunun yolu gen\u00e7lerin bilimle erken ya\u015flarda tan\u0131\u015fmas\u0131ndan ge\u00e7iyor. Toprak I\u015f\u0131k otuz y\u0131la yak\u0131n bir s\u00fcredir hem yazarl\u0131k hem de m\u00fchendislik yap\u0131yor. Kendi hayat\u0131nda iki mesle\u011fi bulu\u015fturmaktan ald\u0131\u011f\u0131 keyfi yazd\u0131klar\u0131na da yans\u0131t\u0131yor; y\u0131llard\u0131r \u00f6\u011frenmenin ve e\u011flenmenin bir arada yap\u0131labilece\u011fini g\u00f6steriyor. Elinizdeki kitap, size u\u00e7aklar\u0131n nas\u0131l u\u00e7tu\u011fundan ak\u0131ll\u0131 ila\u00e7lar\u0131n ard\u0131ndaki mant\u0131\u011fa kadar pek \u00e7ok bilimsel ger\u00e7e\u011fi a\u00e7\u0131kl\u0131yor. Toprak I\u015f\u0131k, Binbir Bilim\u2019de yirmi birinci y\u00fczy\u0131l bilim ve teknolojisinin en karma\u015f\u0131k konular\u0131n\u0131 alabildi\u011fine basitle\u015ftirirken, herkesin e\u011flenerek okuyaca\u011f\u0131 bir \u00f6yk\u00fc de anlat\u0131yor. E\u011flenmeyi ve \u00f6\u011frenmeyi seviyorsan\u0131z bu kitap tam size g\u00f6re!<\/p>\n","protected":false},"excerpt":{"rendered":"<p>Teknolojinin ba\u015f d\u00f6nd\u00fcr\u00fcc\u00fc h\u0131zla ilerledi\u011fi bir zamanda ya\u015f\u0131yoruz. Ancak bilimin s\u0131rlar\u0131ndan uzak durmayanlar \u00e7a\u011f\u0131n gerisinde kalmamay\u0131 ba\u015faracaklar. Bunun yolu gen\u00e7lerin bilimle erken ya\u015flarda tan\u0131\u015fmas\u0131ndan ge\u00e7iyor. Toprak<span class=\"excerpt-hellip\"> [\u2026]<\/span><\/p>\n","protected":false},"featured_media":0,"template":"","meta":{"_monsterinsights_skip_tracking":false,"_monsterinsights_sitenote_active":false,"_monsterinsights_sitenote_note":"","_monsterinsights_sitenote_category":0},"product_brand":[],"product_cat":[12274,15842],"product_tag":[],"class_list":{"0":"post-746744","1":"product","2":"type-product","3":"status-publish","5":"product_cat-cocuk-ve-genclik-kitaplari","6":"product_cat-egitici-kitaplar","7":"pa_cilt-ciltsiz","8":"pa_tur-kitap","9":"pa_yayinevi-altin-kitaplar-ozel-urun","10":"pa_yazar-toprak-isik","12":"first","13":"instock","14":"sale","15":"shipping-taxable","16":"purchasable","17":"product-type-simple"},"_links":{"self":[{"href":"https:\/\/roveyayinevi.com.tr\/index.php\/wp-json\/wp\/v2\/product\/746744","targetHints":{"allow":["GET"]}}],"collection":[{"href":"https:\/\/roveyayinevi.com.tr\/index.php\/wp-json\/wp\/v2\/product"}],"about":[{"href":"https:\/\/roveyayinevi.com.tr\/index.php\/wp-json\/wp\/v2\/types\/product"}],"wp:attachment":[{"href":"https:\/\/roveyayinevi.com.tr\/index.php\/wp-json\/wp\/v2\/media?parent=746744"}],"wp:term":[{"taxonomy":"product_brand","embeddable":true,"href":"https:\/\/roveyayinevi.com.tr\/index.php\/wp-json\/wp\/v2\/product_brand?post=746744"},{"taxonomy":"product_cat","embeddable":true,"href":"https:\/\/roveyayinevi.com.tr\/index.php\/wp-json\/wp\/v2\/product_cat?post=746744"},{"taxonomy":"product_tag","embeddable":true,"href":"https:\/\/roveyayinevi.com.tr\/index.php\/wp-json\/wp\/v2\/product_tag?post=746744"}],"curies":[{"name":"wp","href":"https:\/\/api.w.org\/{rel}","templated":true}]}}