{"id":746743,"date":"2025-08-28T02:49:47","date_gmt":"2025-08-27T23:49:47","guid":{"rendered":"https:\/\/roveyayinevi.com.tr\/index.php\/urun\/sokagin-yalniz-cocugu\/"},"modified":"2026-04-16T02:59:01","modified_gmt":"2026-04-15T23:59:01","slug":"sokagin-yalniz-cocugu","status":"publish","type":"product","link":"https:\/\/roveyayinevi.com.tr\/index.php\/urun\/sokagin-yalniz-cocugu\/","title":{"rendered":"Soka\u011f\u0131n Yaln\u0131z \u00c7ocu\u011fu"},"content":{"rendered":"<p>Sadece ba\u015frol oyuncular\u0131n\u0131n isimlerinin yaz\u0131ld\u0131\u011f\u0131 renkli afi\u015flere inat, sinemaya sevdal\u0131 herkes Yadig\u00e2r Ejder\u2019in ad\u0131n\u0131 bilirdi. \u201cYeri doldurulamaz, d\u00f6rt d\u00f6rtl\u00fck adam\u201d diye an\u0131l\u0131yor \u015fimdi. Bu kitapta onun nas\u0131l ke\u015ffedildi\u011fine, aile ili\u015fkilerine, arkada\u015fl\u0131klar\u0131na, kariyerine ve k\u0131rg\u0131nl\u0131klar\u0131na dair daha \u00f6nce hi\u00e7 bilmedi\u011finiz ayr\u0131nt\u0131lar okurken, bir karakter oyuncusunun ve sinema emek\u00e7isinin h\u00fcz\u00fcnl\u00fc hayat hik\u00e2yesiyle de kar\u015f\u0131la\u015facaks\u0131n\u0131z. Arkada\u015flar\u0131n\u0131n ve onu tan\u0131yanlar\u0131n anlatt\u0131\u011f\u0131 hik\u00e2yelerle hem g\u00fcl\u00fcmseyecek hem de duygulanacaks\u0131n\u0131z.   \u201c\u00fc\u00e7\u00fcnc\u00fc s\u0131n\u0131f lokantalarda doyurur karn\u0131n\u0131 uyur \u00fc\u00e7\u00fcnc\u00fc s\u0131n\u0131f otellerde \u00fc\u00e7\u00fcnc\u00fc s\u0131n\u0131f rollerde oynar birinci s\u0131n\u0131f y\u00fcrekle.\u201d   G\u00fcl Gibi Zab\u0131ta Dururken K\u0131z\u0131n\u0131 \u00c7\u00f6p\u00e7\u00fcye Veren Adam\u2019\u0131n yazar\u0131 Erhan Tuncer\u2019den Ye\u015fil\u00e7am\u2019\u0131n k\u0131y\u0131da kalm\u0131\u015f emektarlar\u0131na sayg\u0131 duru\u015fu niteli\u011finde bir kitap.<\/p>\n","protected":false},"excerpt":{"rendered":"<p>Sadece ba\u015frol oyuncular\u0131n\u0131n isimlerinin yaz\u0131ld\u0131\u011f\u0131 renkli afi\u015flere inat, sinemaya sevdal\u0131 herkes Yadig\u00e2r Ejder\u2019in ad\u0131n\u0131 bilirdi. \u201cYeri doldurulamaz, d\u00f6rt d\u00f6rtl\u00fck adam\u201d diye an\u0131l\u0131yor \u015fimdi. Bu kitapta onun<span class=\"excerpt-hellip\"> [\u2026]<\/span><\/p>\n","protected":false},"featured_media":0,"template":"","meta":{"_monsterinsights_skip_tracking":false,"_monsterinsights_sitenote_active":false,"_monsterinsights_sitenote_note":"","_monsterinsights_sitenote_category":0},"product_brand":[],"product_cat":[14009,12291],"product_tag":[],"class_list":{"0":"post-746743","1":"product","2":"type-product","3":"status-publish","5":"product_cat-biyografi-otobiyografi-edebiyat","6":"product_cat-edebiyat","7":"pa_cilt-ciltsiz","8":"pa_tur-kitap","9":"pa_yayinevi-nemesis-kitap","10":"pa_yazar-erhan-tuncer","12":"first","13":"instock","14":"sale","15":"shipping-taxable","16":"purchasable","17":"product-type-simple"},"_links":{"self":[{"href":"https:\/\/roveyayinevi.com.tr\/index.php\/wp-json\/wp\/v2\/product\/746743","targetHints":{"allow":["GET"]}}],"collection":[{"href":"https:\/\/roveyayinevi.com.tr\/index.php\/wp-json\/wp\/v2\/product"}],"about":[{"href":"https:\/\/roveyayinevi.com.tr\/index.php\/wp-json\/wp\/v2\/types\/product"}],"wp:attachment":[{"href":"https:\/\/roveyayinevi.com.tr\/index.php\/wp-json\/wp\/v2\/media?parent=746743"}],"wp:term":[{"taxonomy":"product_brand","embeddable":true,"href":"https:\/\/roveyayinevi.com.tr\/index.php\/wp-json\/wp\/v2\/product_brand?post=746743"},{"taxonomy":"product_cat","embeddable":true,"href":"https:\/\/roveyayinevi.com.tr\/index.php\/wp-json\/wp\/v2\/product_cat?post=746743"},{"taxonomy":"product_tag","embeddable":true,"href":"https:\/\/roveyayinevi.com.tr\/index.php\/wp-json\/wp\/v2\/product_tag?post=746743"}],"curies":[{"name":"wp","href":"https:\/\/api.w.org\/{rel}","templated":true}]}}