{"id":746742,"date":"2025-08-28T02:49:46","date_gmt":"2025-08-27T23:49:46","guid":{"rendered":"https:\/\/roveyayinevi.com.tr\/index.php\/urun\/bir-kulturel-donusumun-oykusu\/"},"modified":"2026-04-16T02:59:01","modified_gmt":"2026-04-15T23:59:01","slug":"bir-kulturel-donusumun-oykusu","status":"publish","type":"product","link":"https:\/\/roveyayinevi.com.tr\/index.php\/urun\/bir-kulturel-donusumun-oykusu\/","title":{"rendered":"Bir K\u00fclt\u00fcrel D\u00f6n\u00fc\u015f\u00fcm\u00fcn \u00d6yk\u00fcs\u00fc"},"content":{"rendered":"<p>Nusret Senem, do\u011fup b\u00fcy\u00fcd\u00fc\u011f\u00fc k\u00f6y olan Meredis (Ardahan ilinin \u00c7\u0131ld\u0131r il\u00e7esine ba\u011fl\u0131) ve ailesi \u00fczerinden Terekemelerin (Karapapaklar), ge\u00e7irdi\u011fi de\u011fi\u015fimi, g\u00f6\u00e7ebelikten yerle\u015fik hayata ge\u00e7i\u015fini ve \u00f6zellikle 1970\u2019li y\u0131llardan itibaren yayg\u0131nla\u015fan d\u0131\u015fa a\u00e7\u0131lmay\u0131 anlat\u0131yor.   G\u00fcn\u00fcm\u00fczdeki ismi G\u00f6lebakan olan k\u00f6y\u00fcn tarihsel ge\u00e7mi\u015fi zengin kaynaklarla (kitaplar, an\u0131lar, foto\u011fraflar, mezar ta\u015flar\u0131) okuyucuya sunuluyor, Terekemelerin tarihi, ya\u015fam bi\u00e7imi, b\u00f6lgenin co\u011frafyas\u0131 hakk\u0131nda okuyucu ayr\u0131nt\u0131l\u0131 bilgiler ediniyor.   Tar\u0131ma yabanc\u0131 olan ve esas olarak hayvanc\u0131l\u0131kla u\u011fra\u015fan Terekemeler hakk\u0131nda bilimsel nitelikli kaynaklara dayal\u0131 olarak zengin bilgiler verilen kitapta Terekemelerin kulland\u0131\u011f\u0131, y\u00f6reye has olan yayg\u0131n kelimelerin etimolojik a\u00e7\u0131klamas\u0131 da yap\u0131l\u0131yor.   \u201cBir O\u011fuz y\u00f6resinin tarihine, co\u011frafyas\u0131na, maddi \u00f6zellikleri ile k\u00fclt\u00fcr\u00fcne b\u00fct\u00fcn bunlar\u0131 ve tan\u0131kl\u0131\u011f\u0131m\u0131 da katarak \u00e7arp\u0131c\u0131 bir de\u011fi\u015fimi, hatta d\u00f6n\u00fc\u015f\u00fcm\u00fc anlamaya \u00e7abalad\u0131m.\u201d (Nusret Senem)   <\/p>\n","protected":false},"excerpt":{"rendered":"<p>Nusret Senem, do\u011fup b\u00fcy\u00fcd\u00fc\u011f\u00fc k\u00f6y olan Meredis (Ardahan ilinin \u00c7\u0131ld\u0131r il\u00e7esine ba\u011fl\u0131) ve ailesi \u00fczerinden Terekemelerin (Karapapaklar), ge\u00e7irdi\u011fi de\u011fi\u015fimi, g\u00f6\u00e7ebelikten yerle\u015fik hayata ge\u00e7i\u015fini ve \u00f6zellikle 1970\u2019li<span class=\"excerpt-hellip\"> [\u2026]<\/span><\/p>\n","protected":false},"featured_media":0,"template":"","meta":{"_monsterinsights_skip_tracking":false,"_monsterinsights_sitenote_active":false,"_monsterinsights_sitenote_note":"","_monsterinsights_sitenote_category":0},"product_brand":[],"product_cat":[20039,13488],"product_tag":[],"class_list":{"0":"post-746742","1":"product","2":"type-product","3":"status-publish","5":"product_cat-kultur-tarihi","6":"product_cat-toplum-ve-insan","7":"pa_cilt-ciltsiz","8":"pa_tur-kitap","9":"pa_yayinevi-kaynak-yayinlari","10":"pa_yazar-nusret-senem","12":"first","13":"instock","14":"sale","15":"shipping-taxable","16":"purchasable","17":"product-type-simple"},"_links":{"self":[{"href":"https:\/\/roveyayinevi.com.tr\/index.php\/wp-json\/wp\/v2\/product\/746742","targetHints":{"allow":["GET"]}}],"collection":[{"href":"https:\/\/roveyayinevi.com.tr\/index.php\/wp-json\/wp\/v2\/product"}],"about":[{"href":"https:\/\/roveyayinevi.com.tr\/index.php\/wp-json\/wp\/v2\/types\/product"}],"wp:attachment":[{"href":"https:\/\/roveyayinevi.com.tr\/index.php\/wp-json\/wp\/v2\/media?parent=746742"}],"wp:term":[{"taxonomy":"product_brand","embeddable":true,"href":"https:\/\/roveyayinevi.com.tr\/index.php\/wp-json\/wp\/v2\/product_brand?post=746742"},{"taxonomy":"product_cat","embeddable":true,"href":"https:\/\/roveyayinevi.com.tr\/index.php\/wp-json\/wp\/v2\/product_cat?post=746742"},{"taxonomy":"product_tag","embeddable":true,"href":"https:\/\/roveyayinevi.com.tr\/index.php\/wp-json\/wp\/v2\/product_tag?post=746742"}],"curies":[{"name":"wp","href":"https:\/\/api.w.org\/{rel}","templated":true}]}}