{"id":746740,"date":"2025-08-28T02:49:44","date_gmt":"2025-08-27T23:49:44","guid":{"rendered":"https:\/\/roveyayinevi.com.tr\/index.php\/urun\/kuzey-amerika-soykirimi\/"},"modified":"2026-04-16T02:59:01","modified_gmt":"2026-04-15T23:59:01","slug":"kuzey-amerika-soykirimi","status":"publish","type":"product","link":"https:\/\/roveyayinevi.com.tr\/index.php\/urun\/kuzey-amerika-soykirimi\/","title":{"rendered":"Kuzey Amerika Soyk\u0131r\u0131m\u0131"},"content":{"rendered":"<p>Necla Geyikda\u011f\u0131 bu \u00e7al\u0131\u015fmas\u0131nda \u00f6zg\u00fcn incelemeler yapmakta ve \u015fu sorular\u0131n yan\u0131tlar\u0131n\u0131 aramaktad\u0131r: &#8211; \u201cK\u0131z\u0131lderili Soyk\u0131r\u0131m\u0131\u201d olgusu nas\u0131l ger\u00e7ekle\u015fmi\u015f, tarihsel veriler \u0131\u015f\u0131\u011f\u0131nda nas\u0131l ortaya \u00e7\u0131km\u0131\u015ft\u0131r? &#8211; Ke\u015fif ve bunu takip eden istila hareketleri yerel halklar\u0131n ya\u015fant\u0131s\u0131n\u0131 nas\u0131l de\u011fi\u015ftirmi\u015ftir? &#8211; K\u0131z\u0131lderililerin n\u00fcfusunun azalmas\u0131nda hangi fakt\u00f6rler rol oynam\u0131\u015ft\u0131r? &#8211; Her ortaya \u00e7\u0131k\u0131\u015f\u0131nda binlerce ya\u015fama son veren \u00e7i\u00e7ek hastal\u0131\u011f\u0131 gibi salg\u0131nlar yan\u0131nda, s\u00fcrekli bir hastal\u0131k olan verem Amerika k\u0131tas\u0131na kimler taraf\u0131ndan getirilmi\u015ftir? &#8211; Alkoll\u00fc i\u00e7kiyi Amerika\u2019ya getirenler ve K\u0131z\u0131lderilileri alkolizm bata\u011f\u0131na sokanlar kimlerdir?   \u201cBu \u00e7al\u0131\u015fma, k\u0131tan\u0131n Avrupal\u0131lar taraf\u0131ndan istilas\u0131ndan ba\u015flayarak g\u00fcn\u00fcm\u00fcze kadar ge\u00e7en olaylar\u0131n ve ancak s\u0131n\u0131rl\u0131 say\u0131daki kabilelerin u\u011frad\u0131klar\u0131 felaketlerin bir \u00f6zetidir.\u201d <\/p>\n","protected":false},"excerpt":{"rendered":"<p>Necla Geyikda\u011f\u0131 bu \u00e7al\u0131\u015fmas\u0131nda \u00f6zg\u00fcn incelemeler yapmakta ve \u015fu sorular\u0131n yan\u0131tlar\u0131n\u0131 aramaktad\u0131r: &#8211; \u201cK\u0131z\u0131lderili Soyk\u0131r\u0131m\u0131\u201d olgusu nas\u0131l ger\u00e7ekle\u015fmi\u015f, tarihsel veriler \u0131\u015f\u0131\u011f\u0131nda nas\u0131l ortaya \u00e7\u0131km\u0131\u015ft\u0131r? &#8211; Ke\u015fif<span class=\"excerpt-hellip\"> [\u2026]<\/span><\/p>\n","protected":false},"featured_media":0,"template":"","meta":{"_monsterinsights_skip_tracking":false,"_monsterinsights_sitenote_active":false,"_monsterinsights_sitenote_note":"","_monsterinsights_sitenote_category":0},"product_brand":[],"product_cat":[12312,12304],"product_tag":[],"class_list":{"0":"post-746740","1":"product","2":"type-product","3":"status-publish","5":"product_cat-diger","6":"product_cat-tarih","7":"pa_cilt-ciltsiz","8":"pa_tur-kitap","9":"pa_yayinevi-kaynak-yayinlari","10":"pa_yazar-v-necla-geyikdagi","12":"first","13":"instock","14":"sale","15":"shipping-taxable","16":"purchasable","17":"product-type-simple"},"_links":{"self":[{"href":"https:\/\/roveyayinevi.com.tr\/index.php\/wp-json\/wp\/v2\/product\/746740","targetHints":{"allow":["GET"]}}],"collection":[{"href":"https:\/\/roveyayinevi.com.tr\/index.php\/wp-json\/wp\/v2\/product"}],"about":[{"href":"https:\/\/roveyayinevi.com.tr\/index.php\/wp-json\/wp\/v2\/types\/product"}],"wp:attachment":[{"href":"https:\/\/roveyayinevi.com.tr\/index.php\/wp-json\/wp\/v2\/media?parent=746740"}],"wp:term":[{"taxonomy":"product_brand","embeddable":true,"href":"https:\/\/roveyayinevi.com.tr\/index.php\/wp-json\/wp\/v2\/product_brand?post=746740"},{"taxonomy":"product_cat","embeddable":true,"href":"https:\/\/roveyayinevi.com.tr\/index.php\/wp-json\/wp\/v2\/product_cat?post=746740"},{"taxonomy":"product_tag","embeddable":true,"href":"https:\/\/roveyayinevi.com.tr\/index.php\/wp-json\/wp\/v2\/product_tag?post=746740"}],"curies":[{"name":"wp","href":"https:\/\/api.w.org\/{rel}","templated":true}]}}