{"id":746739,"date":"2025-08-28T02:49:42","date_gmt":"2025-08-27T23:49:42","guid":{"rendered":"https:\/\/roveyayinevi.com.tr\/index.php\/urun\/zeki-muren-eskimeden-yenilenmeyi-bilen-basarir\/"},"modified":"2026-04-16T02:59:01","modified_gmt":"2026-04-15T23:59:01","slug":"zeki-muren-eskimeden-yenilenmeyi-bilen-basarir","status":"publish","type":"product","link":"https:\/\/roveyayinevi.com.tr\/index.php\/urun\/zeki-muren-eskimeden-yenilenmeyi-bilen-basarir\/","title":{"rendered":"Zeki M\u00fcren &#8211; Eskimeden Yenilenmeyi Bilen Ba\u015far\u0131r"},"content":{"rendered":"<p>\u201cGer\u00e7ek sanat\u00e7\u0131, kendini topluma adayan ki\u015fidir.\u201d \u2013 Zeki M\u00fcren   T\u00fcrkiye\u2019nin en avangart, en iddial\u0131 ikonlar\u0131ndan biridir Zeki M\u00fcren\u2026 Yar\u0131m asra yak\u0131n s\u00fcren sanat hayat\u0131nda pek \u00e7ok ilki ger\u00e7ekle\u015ftirerek, T\u00fcrkiye\u2019de gazino ve e\u011flence anlay\u0131\u015f\u0131na yepyeni bir boyut kazand\u0131rd\u0131. G\u00f6z al\u0131c\u0131 sahne kost\u00fcmleriyle, s\u0131ra d\u0131\u015f\u0131 tarz\u0131, taviz vermedi\u011fi kurallar\u0131 ve e\u015fsiz icras\u0131yla 1950\u2019li y\u0131llardan 1990\u2019l\u0131 y\u0131llara kadar hep g\u00fcndemde kalmay\u0131, hayranl\u0131k ve sayg\u0131 uyand\u0131rmay\u0131 ba\u015fard\u0131. T\u00fcrkiye\u2019nin hem Pa\u015fa\u2019s\u0131 hem Sanat G\u00fcne\u015fi oldu Zeki M\u00fcren. Sahnede bir kez olsun arkas\u0131n\u0131 d\u00f6nmedi\u011fi seyircilerinin g\u00f6nl\u00fcnde taht kurdu. Onun \u00e7ok merak edilen, bilinmeyen, bir yan\u0131yla \u015fatafatl\u0131, di\u011fer yan\u0131yla yapayaln\u0131z ve m\u00fctevaz\u0131 ya\u015fam\u00f6yk\u00fcs\u00fcn\u00fc soluksuz okuyacaks\u0131n\u0131z\u2026  <\/p>\n","protected":false},"excerpt":{"rendered":"<p>\u201cGer\u00e7ek sanat\u00e7\u0131, kendini topluma adayan ki\u015fidir.\u201d \u2013 Zeki M\u00fcren T\u00fcrkiye\u2019nin en avangart, en iddial\u0131 ikonlar\u0131ndan biridir Zeki M\u00fcren\u2026 Yar\u0131m asra yak\u0131n s\u00fcren sanat hayat\u0131nda pek \u00e7ok<span class=\"excerpt-hellip\"> [\u2026]<\/span><\/p>\n","protected":false},"featured_media":0,"template":"","meta":{"_monsterinsights_skip_tracking":false,"_monsterinsights_sitenote_active":false,"_monsterinsights_sitenote_note":"","_monsterinsights_sitenote_category":0},"product_brand":[],"product_cat":[14009,12291],"product_tag":[],"class_list":{"0":"post-746739","1":"product","2":"type-product","3":"status-publish","5":"product_cat-biyografi-otobiyografi-edebiyat","6":"product_cat-edebiyat","7":"pa_cilt-ciltsiz","8":"pa_tur-kitap","9":"pa_yayinevi-destek-yayinlari","10":"pa_yazar-zeynep-tutuncu-gungor","12":"first","13":"instock","14":"sale","15":"shipping-taxable","16":"purchasable","17":"product-type-simple"},"_links":{"self":[{"href":"https:\/\/roveyayinevi.com.tr\/index.php\/wp-json\/wp\/v2\/product\/746739","targetHints":{"allow":["GET"]}}],"collection":[{"href":"https:\/\/roveyayinevi.com.tr\/index.php\/wp-json\/wp\/v2\/product"}],"about":[{"href":"https:\/\/roveyayinevi.com.tr\/index.php\/wp-json\/wp\/v2\/types\/product"}],"wp:attachment":[{"href":"https:\/\/roveyayinevi.com.tr\/index.php\/wp-json\/wp\/v2\/media?parent=746739"}],"wp:term":[{"taxonomy":"product_brand","embeddable":true,"href":"https:\/\/roveyayinevi.com.tr\/index.php\/wp-json\/wp\/v2\/product_brand?post=746739"},{"taxonomy":"product_cat","embeddable":true,"href":"https:\/\/roveyayinevi.com.tr\/index.php\/wp-json\/wp\/v2\/product_cat?post=746739"},{"taxonomy":"product_tag","embeddable":true,"href":"https:\/\/roveyayinevi.com.tr\/index.php\/wp-json\/wp\/v2\/product_tag?post=746739"}],"curies":[{"name":"wp","href":"https:\/\/api.w.org\/{rel}","templated":true}]}}