{"id":746737,"date":"2025-08-28T02:49:40","date_gmt":"2025-08-27T23:49:40","guid":{"rendered":"https:\/\/roveyayinevi.com.tr\/index.php\/urun\/insan-nasil-hayatta-kaldi\/"},"modified":"2026-04-16T02:59:01","modified_gmt":"2026-04-15T23:59:01","slug":"insan-nasil-hayatta-kaldi","status":"publish","type":"product","link":"https:\/\/roveyayinevi.com.tr\/index.php\/urun\/insan-nasil-hayatta-kaldi\/","title":{"rendered":"\u0130nsan Nas\u0131l Hayatta Kald\u0131"},"content":{"rendered":"<p>\u00d6l\u00fcm\u00fcn tarihi ayn\u0131 zamanda ya\u015fam\u0131n da tarihidir.   \u0130nsan ma\u011faradan bug\u00fcne olan yolculu\u011funda nas\u0131l hayatta kald\u0131? Onu hangi ke\u015fifler hayatta tuttu? Peki ya insan\u0131n sosyal becerileri bu macerada nas\u0131l bir role sahipti? Manchester \u00dcniversitesi Biyokimya Profes\u00f6r\u00fc Andrew Doig, bula\u015f\u0131c\u0131 hastal\u0131klardan genetik hastal\u0131klara, \u015fiddetten kazalara kadar \u00f6l\u00fcm\u00fcn belirli nedenlerine, bunlar\u0131n kimleri nas\u0131l etkiledi\u011fine ve \u00f6l\u00fcm\u00fcn \u00fcstesinden gelmeyi m\u00fcmk\u00fcn k\u0131lan insanlara bakarak \u00f6l\u00fcm kavram\u0131n\u0131n tarihi perspektifte ufuk a\u00e7\u0131c\u0131 bir tasvirini yap\u0131yor. \u00d6l\u00fcm\u00fcn bizi ve bizim de onu nas\u0131l \u015fekillendirdi\u011fimizi anlatan bu titiz vakayinamede tarih, biyolojiyle bulu\u015fuyor. Doig, bitkileri ve salg\u0131n hastal\u0131klar\u0131 takas etti\u011fimiz, yeni k\u0131talar ve hayat kurtaran ila\u00e7lar ke\u015ffetti\u011fimiz kolektif ge\u00e7mi\u015fimizin bireysel gelece\u011fimizi nas\u0131l belirledi\u011fini a\u00e7\u0131klayarak en evrensel deneyimimizin ard\u0131ndaki tarihi ve bilimsel tuhafl\u0131klar\u0131 b\u00fcy\u00fcleyici bir tatta ayd\u0131nlat\u0131yor. \u00d6l\u00fcm nedenlerinin gelecekte nas\u0131l de\u011fi\u015febilece\u011fini tart\u0131\u015farak, \u015fu anki durumumuza dair muhte\u015fem, uzun soluklu bir bak\u0131\u015f a\u00e7\u0131s\u0131 sunuyor. \u0130nsan Nas\u0131l Hayatta Kald\u0131, gelece\u011fe bakman\u0131n ve umudun heyecan verici bir hik\u00e2yesidir.   \u201c\u015ea\u015f\u0131rt\u0131c\u0131 derecede e\u011flenceli&#8230;\u201d \u2013 The Times \u201cHayranl\u0131k uyand\u0131r\u0131c\u0131 derecede kolay anla\u015f\u0131l\u0131r yaz\u0131lm\u0131\u015f merak uyand\u0131ran bir hik\u00e2ye.\u201d \u2013 Financial Times <\/p>\n","protected":false},"excerpt":{"rendered":"<p>\u00d6l\u00fcm\u00fcn tarihi ayn\u0131 zamanda ya\u015fam\u0131n da tarihidir. \u0130nsan ma\u011faradan bug\u00fcne olan yolculu\u011funda nas\u0131l hayatta kald\u0131? Onu hangi ke\u015fifler hayatta tuttu? Peki ya insan\u0131n sosyal becerileri bu<span class=\"excerpt-hellip\"> [\u2026]<\/span><\/p>\n","protected":false},"featured_media":0,"template":"","meta":{"_monsterinsights_skip_tracking":false,"_monsterinsights_sitenote_active":false,"_monsterinsights_sitenote_note":"","_monsterinsights_sitenote_category":0},"product_brand":[],"product_cat":[13005,15998],"product_tag":[],"class_list":{"0":"post-746737","1":"product","2":"type-product","3":"status-publish","5":"product_cat-bilim-muhendislik","6":"product_cat-bilim-tarihi","7":"pa_cilt-ciltsiz","8":"pa_tur-kitap","9":"pa_yayinevi-beyaz-baykus-yayinlari","10":"pa_yazar-andrew-doig","12":"first","13":"instock","14":"sale","15":"shipping-taxable","16":"purchasable","17":"product-type-simple"},"_links":{"self":[{"href":"https:\/\/roveyayinevi.com.tr\/index.php\/wp-json\/wp\/v2\/product\/746737","targetHints":{"allow":["GET"]}}],"collection":[{"href":"https:\/\/roveyayinevi.com.tr\/index.php\/wp-json\/wp\/v2\/product"}],"about":[{"href":"https:\/\/roveyayinevi.com.tr\/index.php\/wp-json\/wp\/v2\/types\/product"}],"wp:attachment":[{"href":"https:\/\/roveyayinevi.com.tr\/index.php\/wp-json\/wp\/v2\/media?parent=746737"}],"wp:term":[{"taxonomy":"product_brand","embeddable":true,"href":"https:\/\/roveyayinevi.com.tr\/index.php\/wp-json\/wp\/v2\/product_brand?post=746737"},{"taxonomy":"product_cat","embeddable":true,"href":"https:\/\/roveyayinevi.com.tr\/index.php\/wp-json\/wp\/v2\/product_cat?post=746737"},{"taxonomy":"product_tag","embeddable":true,"href":"https:\/\/roveyayinevi.com.tr\/index.php\/wp-json\/wp\/v2\/product_tag?post=746737"}],"curies":[{"name":"wp","href":"https:\/\/api.w.org\/{rel}","templated":true}]}}