{"id":746735,"date":"2025-08-28T02:49:38","date_gmt":"2025-08-27T23:49:38","guid":{"rendered":"https:\/\/roveyayinevi.com.tr\/index.php\/urun\/eszterin-mirasi\/"},"modified":"2026-04-16T02:59:01","modified_gmt":"2026-04-15T23:59:01","slug":"eszterin-mirasi","status":"publish","type":"product","link":"https:\/\/roveyayinevi.com.tr\/index.php\/urun\/eszterin-mirasi\/","title":{"rendered":"Eszter&#8217;in Miras\u0131"},"content":{"rendered":"<p>Sevdi\u011fi erke\u011fin y\u0131llar \u00f6nce kendisini aldatarak k\u0131z karde\u015fiyle evlenmesine g\u00f6z yuman Eszter, uzak bir akrabas\u0131yla birlikte, sakin bir hayat s\u00fcrmektedir. G\u00fcn\u00fcn birinde eski sevgilisi Lajos\u2019tan bir telgraf al\u0131r. Lajos bir g\u00fcnl\u00fc\u011f\u00fcne \u015fehre gelmektedir, yan\u0131nda da \u00e7ocuklar\u0131 ile baz\u0131 yabanc\u0131lar vard\u0131r. Eszter\u2019in ruhunda birden eski g\u00fcnlerin an\u0131lar\u0131, kendisinin de anlam veremedi\u011fi tan\u0131d\u0131k duygular uyan\u0131r. Hi\u00e7 kimse Lajos\u2019un ne ama\u00e7la geri d\u00f6nd\u00fc\u011f\u00fcn\u00fc bilmemekle birlikte herkes onun ahlaks\u0131z bir doland\u0131r\u0131c\u0131, ikna g\u00fcc\u00fc y\u00fcksek bir laf ebesi oldu\u011fu konusunda hemfikirdir. Yaz\u0131ld\u0131\u011f\u0131 d\u00f6nem ve M\u00e1rai\u2019\u0131n siyasi duru\u015fu a\u00e7\u0131s\u0131ndan bak\u0131ld\u0131\u011f\u0131nda roman\u0131n ba\u015fkarakteri Eszter, neredeyse bir trans halindeymi\u015f\u00e7esine felakete do\u011fru ko\u015fan halklar\u0131, karizmatik liderlerce bo\u015f vaatlerle kand\u0131r\u0131lan kitleleri, zay\u0131f iradelilerin daha g\u00fc\u00e7l\u00fc g\u00f6r\u00fcnenlere teslimiyetini simgeliyor.Macaristan\u2019\u0131n en b\u00fcy\u00fck \u00e7a\u011fda\u015f yazarlar\u0131ndan M\u00e1rai, \u0130kinci D\u00fcnya Sava\u015f\u0131\u2019n\u0131n hemen \u00f6ncesinde kaleme ald\u0131\u011f\u0131 bu roman\u0131nda insan ili\u015fkilerindeki irade g\u00fcc\u00fc, vazge\u00e7i\u015f ve teslimiyete odaklan\u0131yor.<\/p>\n","protected":false},"excerpt":{"rendered":"<p>Sevdi\u011fi erke\u011fin y\u0131llar \u00f6nce kendisini aldatarak k\u0131z karde\u015fiyle evlenmesine g\u00f6z yuman Eszter, uzak bir akrabas\u0131yla birlikte, sakin bir hayat s\u00fcrmektedir. G\u00fcn\u00fcn birinde eski sevgilisi Lajos\u2019tan bir<span class=\"excerpt-hellip\"> [\u2026]<\/span><\/p>\n","protected":false},"featured_media":0,"template":"","meta":{"_monsterinsights_skip_tracking":false,"_monsterinsights_sitenote_active":false,"_monsterinsights_sitenote_note":"","_monsterinsights_sitenote_category":0},"product_brand":[],"product_cat":[12291,12711],"product_tag":[],"class_list":{"0":"post-746735","1":"product","2":"type-product","3":"status-publish","5":"product_cat-edebiyat","6":"product_cat-roman-oyku","7":"pa_cilt-ciltsiz","8":"pa_tur-kitap","9":"pa_yayinevi-yapi-kredi-yayinlari","10":"pa_yazar-sandor-marai","12":"first","13":"instock","14":"sale","15":"shipping-taxable","16":"purchasable","17":"product-type-simple"},"_links":{"self":[{"href":"https:\/\/roveyayinevi.com.tr\/index.php\/wp-json\/wp\/v2\/product\/746735","targetHints":{"allow":["GET"]}}],"collection":[{"href":"https:\/\/roveyayinevi.com.tr\/index.php\/wp-json\/wp\/v2\/product"}],"about":[{"href":"https:\/\/roveyayinevi.com.tr\/index.php\/wp-json\/wp\/v2\/types\/product"}],"wp:attachment":[{"href":"https:\/\/roveyayinevi.com.tr\/index.php\/wp-json\/wp\/v2\/media?parent=746735"}],"wp:term":[{"taxonomy":"product_brand","embeddable":true,"href":"https:\/\/roveyayinevi.com.tr\/index.php\/wp-json\/wp\/v2\/product_brand?post=746735"},{"taxonomy":"product_cat","embeddable":true,"href":"https:\/\/roveyayinevi.com.tr\/index.php\/wp-json\/wp\/v2\/product_cat?post=746735"},{"taxonomy":"product_tag","embeddable":true,"href":"https:\/\/roveyayinevi.com.tr\/index.php\/wp-json\/wp\/v2\/product_tag?post=746735"}],"curies":[{"name":"wp","href":"https:\/\/api.w.org\/{rel}","templated":true}]}}