{"id":746733,"date":"2025-08-28T02:49:35","date_gmt":"2025-08-27T23:49:35","guid":{"rendered":"https:\/\/roveyayinevi.com.tr\/index.php\/urun\/yedi-yildiz-tasi\/"},"modified":"2026-04-16T02:59:01","modified_gmt":"2026-04-15T23:59:01","slug":"yedi-yildiz-tasi","status":"publish","type":"product","link":"https:\/\/roveyayinevi.com.tr\/index.php\/urun\/yedi-yildiz-tasi\/","title":{"rendered":"Yedi Y\u0131ld\u0131z Ta\u015f\u0131"},"content":{"rendered":"<p>Gen\u00e7 avukat Malcolm Ross, bir g\u00fcn sabah\u0131n erken saatlerinde uykusundan uyand\u0131r\u0131l\u0131r. Yeni tan\u0131\u015ft\u0131\u011f\u0131 g\u00fczel Margaret\u2019\u0131n babas\u0131, tutku dolu bir Eski M\u0131s\u0131r bilgini olan Abel Trelawny kendi malik\u00e2nesinde sald\u0131r\u0131ya u\u011fram\u0131\u015ft\u0131r. Ross, olan biteni anlamak ve sevdi\u011fi kad\u0131n\u0131n yard\u0131m\u0131na ko\u015fmak i\u00e7in hemen yola \u00e7\u0131kar. G\u00fcnler boyunca bayg\u0131n yatan Trelawny\u2019nin ba\u015f\u0131nda n\u00f6bet tutarlar. Malik\u00e2nenin her k\u00f6\u015fesi Eski M\u0131s\u0131r\u2019\u0131n kutsal mezar e\u015fyalar\u0131, biblolar\u0131 ve de\u011ferli ta\u015flar\u0131yla doludur. Sald\u0131r\u0131yla ilgili ortaya \u00e7\u0131kan tuhaf ger\u00e7ekler, evin kasvetli ve b\u00fcy\u00fcl\u00fc atmosferi i\u00e7eridekileri yava\u015f yava\u015f etkisi alt\u0131na almaya ba\u015flar. Fakat gizem, kendi att\u0131\u011f\u0131 d\u00fc\u011f\u00fcmleri vakti gelince tek tek \u00e7\u00f6zecektir\u2026 Gotik edebiyat\u0131n \u00fcnl\u00fc klasi\u011fi Dracula\u2019n\u0131n \u00f6l\u00fcms\u00fcz yazar\u0131 Bram Stoker, Yedi Y\u0131ld\u0131z Ta\u015f\u0131\u2019nda Eski M\u0131s\u0131r\u2019\u0131n mezar ta\u015flar\u0131, hiyeroglifleri, mumyalar\u0131, tanr\u0131lar\u0131 ve t\u00fcyler \u00fcrpertici rit\u00fcellerinin \u00fczerine y\u0131ld\u0131zlar\u0131n \u0131\u015f\u0131\u011f\u0131n\u0131 tutuyor. A\u015fa\u011f\u0131 d\u00fcnyalardan yukar\u0131 d\u00fcnyalara\u2026Mezar \u00e7ukurlar\u0131ndan tak\u0131my\u0131ld\u0131zlara\u2026Sembollerden anlamlara\u2026\u00d6l\u00fcmden dirili\u015fe&#8230;B\u00fct\u00fcn s\u0131rlar\u0131ndan soyunan \u201cger\u00e7e\u011fe\u201d do\u011fru \u00e7a\u011f\u0131r\u0131yor:B\u00fcy\u00fck Deney\u2019e haz\u0131r m\u0131s\u0131n\u0131z?<\/p>\n","protected":false},"excerpt":{"rendered":"<p>Gen\u00e7 avukat Malcolm Ross, bir g\u00fcn sabah\u0131n erken saatlerinde uykusundan uyand\u0131r\u0131l\u0131r. Yeni tan\u0131\u015ft\u0131\u011f\u0131 g\u00fczel Margaret\u2019\u0131n babas\u0131, tutku dolu bir Eski M\u0131s\u0131r bilgini olan Abel Trelawny kendi<span class=\"excerpt-hellip\"> [\u2026]<\/span><\/p>\n","protected":false},"featured_media":0,"template":"","meta":{"_monsterinsights_skip_tracking":false,"_monsterinsights_sitenote_active":false,"_monsterinsights_sitenote_note":"","_monsterinsights_sitenote_category":0},"product_brand":[],"product_cat":[12291,50487],"product_tag":[],"class_list":{"0":"post-746733","1":"product","2":"type-product","3":"status-publish","5":"product_cat-edebiyat","6":"product_cat-kurgu","7":"pa_cilt-ciltsiz","8":"pa_tur-kitap","9":"pa_yayinevi-kafka-yayinevi","10":"pa_yazar-bram-stoker","12":"first","13":"instock","14":"sale","15":"shipping-taxable","16":"purchasable","17":"product-type-simple"},"_links":{"self":[{"href":"https:\/\/roveyayinevi.com.tr\/index.php\/wp-json\/wp\/v2\/product\/746733","targetHints":{"allow":["GET"]}}],"collection":[{"href":"https:\/\/roveyayinevi.com.tr\/index.php\/wp-json\/wp\/v2\/product"}],"about":[{"href":"https:\/\/roveyayinevi.com.tr\/index.php\/wp-json\/wp\/v2\/types\/product"}],"wp:attachment":[{"href":"https:\/\/roveyayinevi.com.tr\/index.php\/wp-json\/wp\/v2\/media?parent=746733"}],"wp:term":[{"taxonomy":"product_brand","embeddable":true,"href":"https:\/\/roveyayinevi.com.tr\/index.php\/wp-json\/wp\/v2\/product_brand?post=746733"},{"taxonomy":"product_cat","embeddable":true,"href":"https:\/\/roveyayinevi.com.tr\/index.php\/wp-json\/wp\/v2\/product_cat?post=746733"},{"taxonomy":"product_tag","embeddable":true,"href":"https:\/\/roveyayinevi.com.tr\/index.php\/wp-json\/wp\/v2\/product_tag?post=746733"}],"curies":[{"name":"wp","href":"https:\/\/api.w.org\/{rel}","templated":true}]}}