{"id":746732,"date":"2025-08-28T02:49:33","date_gmt":"2025-08-27T23:49:33","guid":{"rendered":"https:\/\/roveyayinevi.com.tr\/index.php\/urun\/tuylu-bir-uzayli-macerasi-halfeti\/"},"modified":"2026-04-16T02:59:01","modified_gmt":"2026-04-15T23:59:01","slug":"tuylu-bir-uzayli-macerasi-halfeti","status":"publish","type":"product","link":"https:\/\/roveyayinevi.com.tr\/index.php\/urun\/tuylu-bir-uzayli-macerasi-halfeti\/","title":{"rendered":"T\u00fcyl\u00fc Bir Uzayl\u0131 Maceras\u0131- Halfeti"},"content":{"rendered":"<p>\u00c7ocuklar\u0131n cesareti D\u00fcnya\u2019y\u0131 kurtarabilir! Sabri Safiye, fantastik roman\u0131 T\u00fcyl\u00fc Bir Uzayl\u0131 Maceras\u0131\u2019n\u0131 ikinci kitapla s\u00fcrd\u00fcr\u00fcyor, macera tam gaz s\u00fcr\u00fcyor! D\u00f6rt arkada\u015f ve uzayl\u0131 kedi Felis\u2019in yolu bu kez, \u015eanl\u0131urfa\u2019n\u0131n siyah g\u00fcl\u00fcyle \u00fcnl\u00fc Halfeti\u2019sine d\u00fc\u015f\u00fcyor. K\u00f6t\u00fclere kar\u015f\u0131 birlik olman\u0131n \u00f6nemine, gizemli y\u00f6resel de\u011ferlere odaklanan roman, s\u0131rad\u0131\u015f\u0131 karakterleri ve s\u00fcr\u00fckleyici anlat\u0131m\u0131yla her ya\u015ftan okuru unutulmaz bir ser\u00fcvene davet ediyor. Uzayda ileti\u015fim, arkeolojik kaz\u0131lar, k\u00fclt\u00fcrel miras ve efsaneler gibi merak uyand\u0131ran konular\u0131n yan\u0131 s\u0131ra arkada\u015fl\u0131\u011f\u0131n, e\u015fitli\u011fin ve iyili\u011fin g\u00fcc\u00fcn\u00fc duyumsat\u0131yor. K\u0131\u015f\u0131n ya\u015fad\u0131klar\u0131 maceran\u0131n ard\u0131ndan yaz tatilinin tad\u0131n\u0131 \u00e7\u0131karan Dilek, R\u0131za, Mert ve Belma, uzayl\u0131 kedi Felis\u2019in hediyesi Jelib\u00fcs\u2019le d\u00fcnyay\u0131 gezmektedir. Ancak tehlike ge\u00e7memi\u015ftir. Motosikletli dostlar\u0131 I\u015f\u0131k ortadan kaybolunca, ara\u015ft\u0131rmaya koyulurlar. Ula\u015ft\u0131klar\u0131 Halfeti\u2019nin, sulardan a\u011fa\u00e7lara y\u00fcr\u00fcyen s\u0131rlar\u0131ndan ve yeni dostluklardan habersiz, boylar\u0131ndan b\u00fcy\u00fck i\u015flere kalk\u0131\u015f\u0131rlar. Uzay\u0131n derinliklerindeki Felis\u2019se d\u00fcnyal\u0131 dostlar\u0131n\u0131n ba\u015f\u0131na gelenlerden habersizdir\u2026 <\/p>\n","protected":false},"excerpt":{"rendered":"<p>\u00c7ocuklar\u0131n cesareti D\u00fcnya\u2019y\u0131 kurtarabilir! Sabri Safiye, fantastik roman\u0131 T\u00fcyl\u00fc Bir Uzayl\u0131 Maceras\u0131\u2019n\u0131 ikinci kitapla s\u00fcrd\u00fcr\u00fcyor, macera tam gaz s\u00fcr\u00fcyor! D\u00f6rt arkada\u015f ve uzayl\u0131 kedi Felis\u2019in yolu<span class=\"excerpt-hellip\"> [\u2026]<\/span><\/p>\n","protected":false},"featured_media":0,"template":"","meta":{"_monsterinsights_skip_tracking":false,"_monsterinsights_sitenote_active":false,"_monsterinsights_sitenote_note":"","_monsterinsights_sitenote_category":0},"product_brand":[],"product_cat":[12689,12274],"product_tag":[],"class_list":{"0":"post-746732","1":"product","2":"type-product","3":"status-publish","5":"product_cat-cizgi-roman-cocuk-ve-genclik-kitaplari","6":"product_cat-cocuk-ve-genclik-kitaplari","7":"pa_cilt-ciltsiz","8":"pa_tur-kitap","9":"pa_yayinevi-gunisigi-kitapligi","10":"pa_yazar-sabri-safiye","12":"first","13":"instock","14":"sale","15":"shipping-taxable","16":"purchasable","17":"product-type-simple"},"_links":{"self":[{"href":"https:\/\/roveyayinevi.com.tr\/index.php\/wp-json\/wp\/v2\/product\/746732","targetHints":{"allow":["GET"]}}],"collection":[{"href":"https:\/\/roveyayinevi.com.tr\/index.php\/wp-json\/wp\/v2\/product"}],"about":[{"href":"https:\/\/roveyayinevi.com.tr\/index.php\/wp-json\/wp\/v2\/types\/product"}],"wp:attachment":[{"href":"https:\/\/roveyayinevi.com.tr\/index.php\/wp-json\/wp\/v2\/media?parent=746732"}],"wp:term":[{"taxonomy":"product_brand","embeddable":true,"href":"https:\/\/roveyayinevi.com.tr\/index.php\/wp-json\/wp\/v2\/product_brand?post=746732"},{"taxonomy":"product_cat","embeddable":true,"href":"https:\/\/roveyayinevi.com.tr\/index.php\/wp-json\/wp\/v2\/product_cat?post=746732"},{"taxonomy":"product_tag","embeddable":true,"href":"https:\/\/roveyayinevi.com.tr\/index.php\/wp-json\/wp\/v2\/product_tag?post=746732"}],"curies":[{"name":"wp","href":"https:\/\/api.w.org\/{rel}","templated":true}]}}