{"id":746730,"date":"2025-08-28T02:49:31","date_gmt":"2025-08-27T23:49:31","guid":{"rendered":"https:\/\/roveyayinevi.com.tr\/index.php\/urun\/oyle-bir-siir-iste\/"},"modified":"2026-04-16T02:59:01","modified_gmt":"2026-04-15T23:59:01","slug":"oyle-bir-siir-iste","status":"publish","type":"product","link":"https:\/\/roveyayinevi.com.tr\/index.php\/urun\/oyle-bir-siir-iste\/","title":{"rendered":"\u00d6yle Bir \u015eiir \u0130\u015fte"},"content":{"rendered":"<p>Yazd\u0131m akla geleni\u00d6yle bir \u015fiir i\u015fte.Hem ne\u015femi hem \u00e7ilemi\u00d6yle bir \u015fiir i\u015fte.Gah a\u015fk yazd\u0131m gah\u0131 sitemGah ne\u015fe yazd\u0131m gah\u0131 matemBilmem daha ne s\u00f6ylesem\u00d6yle bir \u015fiir i\u015fte.Bazen bahar baz\u0131 g\u00fczd\u00fcKiminin ba\u011fr\u0131n\u0131 ezdiArifo\u011flu neler yazd\u0131?\u00d6yle bir \u015fiir i\u015fte. <\/p>\n","protected":false},"excerpt":{"rendered":"<p>Yazd\u0131m akla geleni\u00d6yle bir \u015fiir i\u015fte.Hem ne\u015femi hem \u00e7ilemi\u00d6yle bir \u015fiir i\u015fte.Gah a\u015fk yazd\u0131m gah\u0131 sitemGah ne\u015fe yazd\u0131m gah\u0131 matemBilmem daha ne s\u00f6ylesem\u00d6yle bir \u015fiir i\u015fte.Bazen<span class=\"excerpt-hellip\"> [\u2026]<\/span><\/p>\n","protected":false},"featured_media":0,"template":"","meta":{"_monsterinsights_skip_tracking":false,"_monsterinsights_sitenote_active":false,"_monsterinsights_sitenote_note":"","_monsterinsights_sitenote_category":0},"product_brand":[],"product_cat":[12291,12509],"product_tag":[],"class_list":{"0":"post-746730","1":"product","2":"type-product","3":"status-publish","5":"product_cat-edebiyat","6":"product_cat-siir","7":"pa_cilt-ciltsiz","8":"pa_tur-kitap","9":"pa_yayinevi-karina-yayinevi","10":"pa_yazar-ahmet-kopar-arifoglu","12":"first","13":"instock","14":"sale","15":"shipping-taxable","16":"purchasable","17":"product-type-simple"},"_links":{"self":[{"href":"https:\/\/roveyayinevi.com.tr\/index.php\/wp-json\/wp\/v2\/product\/746730","targetHints":{"allow":["GET"]}}],"collection":[{"href":"https:\/\/roveyayinevi.com.tr\/index.php\/wp-json\/wp\/v2\/product"}],"about":[{"href":"https:\/\/roveyayinevi.com.tr\/index.php\/wp-json\/wp\/v2\/types\/product"}],"wp:attachment":[{"href":"https:\/\/roveyayinevi.com.tr\/index.php\/wp-json\/wp\/v2\/media?parent=746730"}],"wp:term":[{"taxonomy":"product_brand","embeddable":true,"href":"https:\/\/roveyayinevi.com.tr\/index.php\/wp-json\/wp\/v2\/product_brand?post=746730"},{"taxonomy":"product_cat","embeddable":true,"href":"https:\/\/roveyayinevi.com.tr\/index.php\/wp-json\/wp\/v2\/product_cat?post=746730"},{"taxonomy":"product_tag","embeddable":true,"href":"https:\/\/roveyayinevi.com.tr\/index.php\/wp-json\/wp\/v2\/product_tag?post=746730"}],"curies":[{"name":"wp","href":"https:\/\/api.w.org\/{rel}","templated":true}]}}