{"id":746729,"date":"2025-08-28T02:49:30","date_gmt":"2025-08-27T23:49:30","guid":{"rendered":"https:\/\/roveyayinevi.com.tr\/index.php\/urun\/omrumun-treni\/"},"modified":"2026-04-16T02:59:01","modified_gmt":"2026-04-15T23:59:01","slug":"omrumun-treni","status":"publish","type":"product","link":"https:\/\/roveyayinevi.com.tr\/index.php\/urun\/omrumun-treni\/","title":{"rendered":"\u00d6mr\u00fcm\u00fcn Treni"},"content":{"rendered":"<p>G\u00f6n\u00fcl k\u00f6pr\u00fcm\u00fcz\u00fc y\u0131kt\u0131lar,Beni senden kopard\u0131lar,Yollar\u0131m\u0131za dikenler diktiler,\u00dcmitlerimizi bitirdiler. G\u00f6nl\u00fcm\u00fcn anahtar\u0131 sende kald\u0131,Beni sensizlik zindan\u0131na mahk\u00fbm ettiler.G\u00f6r\u00fcnmeyen prangalarla g\u00f6n\u00fclda\u015f yapt\u0131lar,Mevsimler gibi seni hayat\u0131mdan ge\u00e7irdiler. \u015eiirler genellikle yal\u0131n, \u00f6zentiden uzak, i\u00e7inden geldi\u011fi gibi yaz\u0131lm\u0131\u015f. Zaten i\u00e7ten gelmeyince \u015fiir yaz\u0131lmaz. &#8220;Bir kez olsun gel r\u00fcyama, tar\u00e7\u0131n kokulu nazl\u0131 y\u00e2r&#8221; ya da &#8220;Ba\u015f\u0131nda bir tel sa\u00e7 olsayd\u0131m, g\u00f6z\u00fcnde bir damla ya\u015f olsayd\u0131m&#8221; dizelerinde oldu\u011fu gibi &#8220;Torunlar\u0131m&#8221; \u015fiirindeki yal\u0131nl\u0131k ve i\u00e7tenlik gibi&#8230; M\u00fc\u015ferref ve Kemal Nehrozo\u011flu   <\/p>\n","protected":false},"excerpt":{"rendered":"<p>G\u00f6n\u00fcl k\u00f6pr\u00fcm\u00fcz\u00fc y\u0131kt\u0131lar,Beni senden kopard\u0131lar,Yollar\u0131m\u0131za dikenler diktiler,\u00dcmitlerimizi bitirdiler. G\u00f6nl\u00fcm\u00fcn anahtar\u0131 sende kald\u0131,Beni sensizlik zindan\u0131na mahk\u00fbm ettiler.G\u00f6r\u00fcnmeyen prangalarla g\u00f6n\u00fclda\u015f yapt\u0131lar,Mevsimler gibi seni hayat\u0131mdan ge\u00e7irdiler. \u015eiirler genellikle yal\u0131n,<span class=\"excerpt-hellip\"> [\u2026]<\/span><\/p>\n","protected":false},"featured_media":0,"template":"","meta":{"_monsterinsights_skip_tracking":false,"_monsterinsights_sitenote_active":false,"_monsterinsights_sitenote_note":"","_monsterinsights_sitenote_category":0},"product_brand":[],"product_cat":[12291,12509],"product_tag":[],"class_list":{"0":"post-746729","1":"product","2":"type-product","3":"status-publish","5":"product_cat-edebiyat","6":"product_cat-siir","7":"pa_cilt-ciltsiz","8":"pa_tur-kitap","9":"pa_yayinevi-karina-yayinevi","10":"pa_yazar-hayriye-gokdogan","12":"first","13":"instock","14":"sale","15":"shipping-taxable","16":"purchasable","17":"product-type-simple"},"_links":{"self":[{"href":"https:\/\/roveyayinevi.com.tr\/index.php\/wp-json\/wp\/v2\/product\/746729","targetHints":{"allow":["GET"]}}],"collection":[{"href":"https:\/\/roveyayinevi.com.tr\/index.php\/wp-json\/wp\/v2\/product"}],"about":[{"href":"https:\/\/roveyayinevi.com.tr\/index.php\/wp-json\/wp\/v2\/types\/product"}],"wp:attachment":[{"href":"https:\/\/roveyayinevi.com.tr\/index.php\/wp-json\/wp\/v2\/media?parent=746729"}],"wp:term":[{"taxonomy":"product_brand","embeddable":true,"href":"https:\/\/roveyayinevi.com.tr\/index.php\/wp-json\/wp\/v2\/product_brand?post=746729"},{"taxonomy":"product_cat","embeddable":true,"href":"https:\/\/roveyayinevi.com.tr\/index.php\/wp-json\/wp\/v2\/product_cat?post=746729"},{"taxonomy":"product_tag","embeddable":true,"href":"https:\/\/roveyayinevi.com.tr\/index.php\/wp-json\/wp\/v2\/product_tag?post=746729"}],"curies":[{"name":"wp","href":"https:\/\/api.w.org\/{rel}","templated":true}]}}