{"id":746727,"date":"2025-08-28T02:49:28","date_gmt":"2025-08-27T23:49:28","guid":{"rendered":"https:\/\/roveyayinevi.com.tr\/index.php\/urun\/dorduncu-yonetici\/"},"modified":"2026-04-03T03:01:58","modified_gmt":"2026-04-03T00:01:58","slug":"dorduncu-yonetici","status":"publish","type":"product","link":"https:\/\/roveyayinevi.com.tr\/index.php\/urun\/dorduncu-yonetici\/","title":{"rendered":"D\u00f6rd\u00fcnc\u00fc Y\u00f6netici"},"content":{"rendered":"<p>Hayat\u0131n anlam\u0131n\u0131 arama \u00e7abas\u0131 hep vard\u0131. Filozoflar, d\u00fc\u015f\u00fcn\u00fcrler, dertli edebiyat\u00e7\u0131lar, \u015fairler, b\u00fcy\u00fck b\u00fcy\u00fck dedeniz, anneniz ve hatta siz de hayat\u0131n\u0131z\u0131n belli d\u00f6nemlerinde bunun pe\u015findeydiniz. Ge\u00e7mi\u015fte alt\u0131na h\u00fccum edilen topraklarda art\u0131k \u2018fikrin\u2019 pe\u015fine d\u00fc\u015fen Silikon Vadisi, onun pe\u015finden gelen Berlin, Amsterdam, Paris, Londra, Tel Aviv, Singapur gibi inovasyon merkezleri hayat\u0131n anlam\u0131n\u0131 her g\u00fcn de\u011fi\u015ftiriyor, bulman\u0131z biraz daha zor olabilir. Art\u0131k d\u00fc\u015f\u00fcnmek i\u00e7in \u00e7ok daha fazla \u015feyimiz var. Mega trendlerin, hibrit \u00e7al\u0131\u015fma bi\u00e7imlerinin, iklim krizinin, teknolojinin her g\u00fcn \u015fekillendirdi\u011fi D\u00f6rd\u00fcnc\u00fc Sanayi Devrimi\u2019ni ya\u015f\u0131yoruz. Tam da bu sebeple, bug\u00fcn\u00fcn y\u00f6neticileri de \u201c\u0130\u015f, i\u015f g\u00fcc\u00fc, i\u015f yeri nas\u0131l bir y\u00f6neticiye ihtiya\u00e7 duyuyor?\u201d sorular\u0131yla birlikte \u201ci\u015f hayat\u0131n\u0131n anlam\u0131n\u0131\u201d \u00e7\u00f6zmek zorundalar. D\u00f6rd\u00fcnc\u00fc Y\u00f6netici, i\u015fte bu anlam\u0131n pe\u015fine d\u00fc\u015fen, d\u00fc\u015fmezse bug\u00fcn\u00fc gelece\u011fe ta\u015f\u0131yamayacak oldu\u011funu bilen y\u00f6netici demek. T\u00fcrkiye\u2019nin en be\u011fenilen \u015firketlerinin tamam\u0131n\u0131n y\u00f6netim dan\u0131\u015fman\u0131 Tanyer S\u00f6nmezer bu kitapta size, siz ve \u015firketiniz i\u00e7in gelece\u011fi sunuyor. Bug\u00fcne ve gelece\u011fe \u0131\u015f\u0131k tutuyor. S\u00f6nmezer, daha \u00f6nceki eserleri 15:21 Y\u00f6neticinin Beslenme \u00c7antas\u0131 ve Y\u00f6neticinin S\u0131rt \u00c7antas\u0131 kitaplar\u0131nda oldu\u011fu gibi yine \u00fczerine \u00e7ok\u00e7a d\u00fc\u015f\u00fcnece\u011finiz, \u2018yeni\u2019yi \u00f6\u011frenece\u011finiz, sorgulayaca\u011f\u0131n\u0131z ve d\u00f6n\u00fc\u015fece\u011finiz bir yol arkada\u015f\u0131, bir y\u00f6netici anayasas\u0131 ve kendisi gibi bir biley ta\u015f\u0131 koyuyor ortaya. Haz\u0131rsan\u0131z, kitab\u0131n kapa\u011f\u0131n\u0131 a\u00e7\u0131n ve her sanayi devriminde oldu\u011fu gibi y\u00f6neticisini arayan D\u00f6rd\u00fcnc\u00fc Sanayi Devrimi\u2019nin YEN\u0130 Y\u00f6neticisi olmak i\u00e7in ilk ad\u0131m\u0131 at\u0131n. Ve i\u00e7inde bulundu\u011funuz ormanda art\u0131k a\u011faca dikkatli bak\u0131n. <\/p>\n","protected":false},"excerpt":{"rendered":"<p>Hayat\u0131n anlam\u0131n\u0131 arama \u00e7abas\u0131 hep vard\u0131. Filozoflar, d\u00fc\u015f\u00fcn\u00fcrler, dertli edebiyat\u00e7\u0131lar, \u015fairler, b\u00fcy\u00fck b\u00fcy\u00fck dedeniz, anneniz ve hatta siz de hayat\u0131n\u0131z\u0131n belli d\u00f6nemlerinde bunun pe\u015findeydiniz. Ge\u00e7mi\u015fte alt\u0131na<span class=\"excerpt-hellip\"> [\u2026]<\/span><\/p>\n","protected":false},"featured_media":0,"template":"","meta":{"_monsterinsights_skip_tracking":false,"_monsterinsights_sitenote_active":false,"_monsterinsights_sitenote_note":"","_monsterinsights_sitenote_category":0},"product_brand":[],"product_cat":[12364,12376],"product_tag":[],"class_list":{"0":"post-746727","1":"product","2":"type-product","3":"status-publish","5":"product_cat-genel-konular","6":"product_cat-kisisel-gelisim","7":"pa_cilt-ciltsiz","8":"pa_tur-kitap","9":"pa_yayinevi-okuyan-us-yayin","10":"pa_yazar-tanyer-sonmezer","12":"first","13":"instock","14":"sale","15":"shipping-taxable","16":"purchasable","17":"product-type-simple"},"_links":{"self":[{"href":"https:\/\/roveyayinevi.com.tr\/index.php\/wp-json\/wp\/v2\/product\/746727","targetHints":{"allow":["GET"]}}],"collection":[{"href":"https:\/\/roveyayinevi.com.tr\/index.php\/wp-json\/wp\/v2\/product"}],"about":[{"href":"https:\/\/roveyayinevi.com.tr\/index.php\/wp-json\/wp\/v2\/types\/product"}],"wp:attachment":[{"href":"https:\/\/roveyayinevi.com.tr\/index.php\/wp-json\/wp\/v2\/media?parent=746727"}],"wp:term":[{"taxonomy":"product_brand","embeddable":true,"href":"https:\/\/roveyayinevi.com.tr\/index.php\/wp-json\/wp\/v2\/product_brand?post=746727"},{"taxonomy":"product_cat","embeddable":true,"href":"https:\/\/roveyayinevi.com.tr\/index.php\/wp-json\/wp\/v2\/product_cat?post=746727"},{"taxonomy":"product_tag","embeddable":true,"href":"https:\/\/roveyayinevi.com.tr\/index.php\/wp-json\/wp\/v2\/product_tag?post=746727"}],"curies":[{"name":"wp","href":"https:\/\/api.w.org\/{rel}","templated":true}]}}