{"id":746726,"date":"2025-08-28T02:49:27","date_gmt":"2025-08-27T23:49:27","guid":{"rendered":"https:\/\/roveyayinevi.com.tr\/index.php\/urun\/doganin-insanlasmasi\/"},"modified":"2026-04-16T02:59:01","modified_gmt":"2026-04-15T23:59:01","slug":"doganin-insanlasmasi","status":"publish","type":"product","link":"https:\/\/roveyayinevi.com.tr\/index.php\/urun\/doganin-insanlasmasi\/","title":{"rendered":"Do\u011fan\u0131n \u0130nsanla\u015fmas\u0131"},"content":{"rendered":"<p>Yirmi otuz y\u0131l \u00f6ncesine kadar do\u011fan\u0131n insanla\u015fmas\u0131 \u00e7al\u0131\u015fman\u0131n, toplumsalla\u015fman\u0131n, akl\u0131n geli\u015fmesinin bir mucizesi olarak de\u011ferlendiriliyor; en yetkin ki\u015filer bile bu s\u00fcre\u00e7 i\u00e7inde saptanabilen evrim a\u015famalar\u0131n\u0131 anlamak ve anlatmakta b\u00fcy\u00fck zorluk \u00e7ekiyorlard\u0131. Bu konu art\u0131k b\u00fcy\u00fck oranda ayd\u0131nland\u0131. Bulgular bir senfoni g\u00fczelli\u011fiyle sergileniyor. Darwin Kuram\u0131\u2019n\u0131n do\u011frulu\u011fu ve g\u00fczelli\u011fi, \u00f6neri olman\u0131n \u00f6tesinde, ayr\u0131nt\u0131lar\u0131yla ortaya konuldu. Ve \u00e7al\u0131\u015fmalar da devam ediyor. Ancak son y\u0131llarda pek \u00e7ok \u015fey de\u011fi\u015fti&#8230; Ak\u0131ll\u0131 insan Homo sapiens, gerek kendi soyundan gelenlere, gerek do\u011faya kar\u015f\u0131 anla\u015f\u0131lmas\u0131 \u00e7ok kolay olmayan bir tutumla bir has\u0131m, bir d\u00fc\u015fman gibi davranmaya ya da \u00e7ok eskiden beri i\u00e7inde ta\u015f\u0131d\u0131\u011f\u0131 bu e\u011filimi a\u00e7\u0131k\u00e7a ortaya koymaya; kendi gelece\u011fini ve do\u011fay\u0131 geri d\u00f6n\u00fc\u015fs\u00fcz bir bi\u00e7imde tahrip etmeye ba\u015flad\u0131. Bu ba\u011flam i\u00e7inde Do\u011fan\u0131n \u0130nsanla\u015fmas\u0131, ak\u0131ll\u0131 insan\u0131n geli\u015fimi -neredeyse- \u201ck\u00f6t\u00fc bir i\u015f kazas\u0131 gibi\u201d \u00fcz\u00fcnt\u00fcyle izleniyor. Modern insan bu davran\u0131\u015f\u0131nda o denli ileri gidiyor ki mucizevi bir \u015fekilde kar\u015f\u0131lanan bu s\u00fcre\u00e7, do\u011fan\u0131n y\u00fcz karas\u0131 olmaya d\u00f6n\u00fc\u015f\u00fcyor. \u201cDarwin Devrimi\u201dni ve buradan yola \u00e7\u0131k\u0131larak geli\u015ftirilen seleksiyon teorilerini tek ba\u015f\u0131na okuman\u0131n yetersizli\u011fi ortada. Bu s\u00fcre\u00e7te olanlar\u0131, Kafka\u2019n\u0131n 6 Nisan 1917\u2019de yazd\u0131\u011f\u0131 ve d\u00fcnyan\u0131n durumunu \u201cinsanla\u015fmak zorunda kalm\u0131\u015f\u201d bir \u015fempanzenin g\u00f6z\u00fcyle anlatt\u0131\u011f\u0131 \u201cAkademi \u0130\u00e7in Bir Rapor\u201d adl\u0131 \u00f6yk\u00fcs\u00fcyle birlikte okuman\u0131n sa\u011fl\u0131kl\u0131 bir d\u00fc\u015f\u00fcnce olu\u015fmas\u0131na katk\u0131da bulunaca\u011f\u0131n\u0131 ve yine Kafka\u2019n\u0131n s\u00f6yledi\u011fi \u201cD\u00fcnyayla arandaki \u00f6l\u00fcmc\u00fcl m\u00fccadelede d\u00fcnyan\u0131n yan\u0131nda ol\u201d aforizmas\u0131n\u0131 da unutmamak gerekir. \u201cTutunamayanlar\u201d\u0131n Politik Psikolojisi, Bilimsel Bir Peri Masal\u0131: Freud\u2019un \u201cAile ve Tarihsel Roman\u0131\u201d, A\u015fiyan\u2019daki Kahin: Tevfik Fikret\u2019in Melankolik D\u00fcnyas\u0131 kitaplar\u0131n\u0131 Okuyan Us\u2019a emanet eden Serol Teber, Melankoli: Normal Bir Anomali, Politik Psikoloji Notlar\u0131, Davran\u0131\u015flar\u0131m\u0131z\u0131n K\u00f6keni ve Do\u011fa\u2019n\u0131n \u0130nsanla\u015fmas\u0131 ile okurlar\u0131yla yeniden bulu\u015ftu. <\/p>\n","protected":false},"excerpt":{"rendered":"<p>Yirmi otuz y\u0131l \u00f6ncesine kadar do\u011fan\u0131n insanla\u015fmas\u0131 \u00e7al\u0131\u015fman\u0131n, toplumsalla\u015fman\u0131n, akl\u0131n geli\u015fmesinin bir mucizesi olarak de\u011ferlendiriliyor; en yetkin ki\u015filer bile bu s\u00fcre\u00e7 i\u00e7inde saptanabilen evrim a\u015famalar\u0131n\u0131 anlamak<span class=\"excerpt-hellip\"> [\u2026]<\/span><\/p>\n","protected":false},"featured_media":0,"template":"","meta":{"_monsterinsights_skip_tracking":false,"_monsterinsights_sitenote_active":false,"_monsterinsights_sitenote_note":"","_monsterinsights_sitenote_category":0},"product_brand":[],"product_cat":[12357],"product_tag":[],"class_list":{"0":"post-746726","1":"product","2":"type-product","3":"status-publish","5":"product_cat-psikoloji","6":"pa_cilt-ciltsiz","7":"pa_tur-kitap","8":"pa_yayinevi-okuyan-us-yayin","9":"pa_yazar-serol-teber","11":"first","12":"instock","13":"sale","14":"shipping-taxable","15":"purchasable","16":"product-type-simple"},"_links":{"self":[{"href":"https:\/\/roveyayinevi.com.tr\/index.php\/wp-json\/wp\/v2\/product\/746726","targetHints":{"allow":["GET"]}}],"collection":[{"href":"https:\/\/roveyayinevi.com.tr\/index.php\/wp-json\/wp\/v2\/product"}],"about":[{"href":"https:\/\/roveyayinevi.com.tr\/index.php\/wp-json\/wp\/v2\/types\/product"}],"wp:attachment":[{"href":"https:\/\/roveyayinevi.com.tr\/index.php\/wp-json\/wp\/v2\/media?parent=746726"}],"wp:term":[{"taxonomy":"product_brand","embeddable":true,"href":"https:\/\/roveyayinevi.com.tr\/index.php\/wp-json\/wp\/v2\/product_brand?post=746726"},{"taxonomy":"product_cat","embeddable":true,"href":"https:\/\/roveyayinevi.com.tr\/index.php\/wp-json\/wp\/v2\/product_cat?post=746726"},{"taxonomy":"product_tag","embeddable":true,"href":"https:\/\/roveyayinevi.com.tr\/index.php\/wp-json\/wp\/v2\/product_tag?post=746726"}],"curies":[{"name":"wp","href":"https:\/\/api.w.org\/{rel}","templated":true}]}}