{"id":746725,"date":"2025-08-28T02:49:26","date_gmt":"2025-08-27T23:49:26","guid":{"rendered":"https:\/\/roveyayinevi.com.tr\/index.php\/urun\/bir-bulut-olsam-boyle-yagardim-ciltli\/"},"modified":"2026-04-16T02:59:01","modified_gmt":"2026-04-15T23:59:01","slug":"bir-bulut-olsam-boyle-yagardim-ciltli","status":"publish","type":"product","link":"https:\/\/roveyayinevi.com.tr\/index.php\/urun\/bir-bulut-olsam-boyle-yagardim-ciltli\/","title":{"rendered":"Bir Bulut Olsam B\u00f6yle Ya\u011fard\u0131m (Ciltli)"},"content":{"rendered":"<p>Okuruna, kendi penceresinden g\u00f6rd\u00fc\u011f\u00fc ufkun bulutlar\u0131 \u00fczerinden yaz\u0131yor Melis Konuko\u011flu&#8230; \u0130lk kitab\u0131 Bir Bulut Olsam B\u00f6yle Ya\u011fard\u0131m ile herkesin ba\u015f\u0131ndan ge\u00e7enlere, kendi fikir bulutundan ya\u011fmurlar ya\u011fd\u0131r\u0131yor.   Korkar\u0131m sende bir limanda dinlenmekte olan sade bir yolcusun. \u00dczerinde \u015fifon \u015feffaf bir \u015fal, yemye\u015fil elbisen, tatl\u0131 d\u00fcz pabu\u00e7lar\u0131n, Uzunca bir yoldan gelmi\u015fsin belli ki. Y\u00fcz\u00fcnde tatl\u0131 yorgun bir tebess\u00fcm, Dizlerinde h\u00e2l\u00e2 ilk g\u00fcn kadar olmasa da inceden heyecan\u0131n, ruhunda ya\u015fanm\u0131\u015fl\u0131\u011f\u0131n sab\u0131rl\u0131 bekleyi\u015fiyle\u2026 Nereye gidece\u011fini bilmeyen, ancak nerede duraca\u011f\u0131n\u0131 iyi bilen bir yolcu. Senin g\u00fcvenli liman\u0131n oldu\u011fum ve beni se\u00e7ti\u011fin i\u00e7in mutluluklar biriktirdi\u011fimi bilmeni isterim. Ho\u015f geldin sefalar getirdin. <\/p>\n","protected":false},"excerpt":{"rendered":"<p>Okuruna, kendi penceresinden g\u00f6rd\u00fc\u011f\u00fc ufkun bulutlar\u0131 \u00fczerinden yaz\u0131yor Melis Konuko\u011flu&#8230; \u0130lk kitab\u0131 Bir Bulut Olsam B\u00f6yle Ya\u011fard\u0131m ile herkesin ba\u015f\u0131ndan ge\u00e7enlere, kendi fikir bulutundan ya\u011fmurlar ya\u011fd\u0131r\u0131yor.<span class=\"excerpt-hellip\"> [\u2026]<\/span><\/p>\n","protected":false},"featured_media":0,"template":"","meta":{"_monsterinsights_skip_tracking":false,"_monsterinsights_sitenote_active":false,"_monsterinsights_sitenote_note":"","_monsterinsights_sitenote_category":0},"product_brand":[],"product_cat":[12777,12291],"product_tag":[],"class_list":{"0":"post-746725","1":"product","2":"type-product","3":"status-publish","5":"product_cat-deneme","6":"product_cat-edebiyat","7":"pa_cilt-ciltli","8":"pa_tur-kitap","9":"pa_yayinevi-feniks-yayinlari","10":"pa_yazar-melis-konukoglu","12":"first","13":"instock","14":"sale","15":"shipping-taxable","16":"purchasable","17":"product-type-simple"},"_links":{"self":[{"href":"https:\/\/roveyayinevi.com.tr\/index.php\/wp-json\/wp\/v2\/product\/746725","targetHints":{"allow":["GET"]}}],"collection":[{"href":"https:\/\/roveyayinevi.com.tr\/index.php\/wp-json\/wp\/v2\/product"}],"about":[{"href":"https:\/\/roveyayinevi.com.tr\/index.php\/wp-json\/wp\/v2\/types\/product"}],"wp:attachment":[{"href":"https:\/\/roveyayinevi.com.tr\/index.php\/wp-json\/wp\/v2\/media?parent=746725"}],"wp:term":[{"taxonomy":"product_brand","embeddable":true,"href":"https:\/\/roveyayinevi.com.tr\/index.php\/wp-json\/wp\/v2\/product_brand?post=746725"},{"taxonomy":"product_cat","embeddable":true,"href":"https:\/\/roveyayinevi.com.tr\/index.php\/wp-json\/wp\/v2\/product_cat?post=746725"},{"taxonomy":"product_tag","embeddable":true,"href":"https:\/\/roveyayinevi.com.tr\/index.php\/wp-json\/wp\/v2\/product_tag?post=746725"}],"curies":[{"name":"wp","href":"https:\/\/api.w.org\/{rel}","templated":true}]}}