{"id":746721,"date":"2025-08-28T02:49:19","date_gmt":"2025-08-27T23:49:19","guid":{"rendered":"https:\/\/roveyayinevi.com.tr\/index.php\/urun\/kiyima-vuranlar\/"},"modified":"2026-04-16T02:59:00","modified_gmt":"2026-04-15T23:59:00","slug":"kiyima-vuranlar","status":"publish","type":"product","link":"https:\/\/roveyayinevi.com.tr\/index.php\/urun\/kiyima-vuranlar\/","title":{"rendered":"K\u0131y\u0131ma Vuranlar"},"content":{"rendered":"<p>Gecenin \u00e7arklar\u0131 \u00f6tt\u00fc. D\u0131\u015farda u\u011fultusuyla kol gezen r\u00fczg\u00e2r, Evleri yutan karanl\u0131k; \u00d6n\u00fcm\u00fc g\u00f6remiyorum. Durup dinliyorum geceyi. Bayku\u015flar\u0131n havadisleri var&#8230; Birazdan yarasalar da gelecek. Her zamanki yerimizde bulu\u015faca\u011f\u0131z. \u00c7\u0131plak kalm\u0131\u015f a\u011fac\u0131n alt\u0131nda, Ya\u011fmurdan, nemden, r\u00fczg\u00e2rdan eskiyen bankta; Usulca seyre dalaca\u011f\u0131z geceyi ve mehtab\u0131. Ate\u015f b\u00f6cekleri yolumuzu ayd\u0131nlatacak. Uykudan bahsetmeyelim bu gece! Zira uykular\u0131m ka\u00e7\u0131yor vuslat\u0131 d\u00fc\u015f\u00fcnd\u00fck\u00e7e. <\/p>\n","protected":false},"excerpt":{"rendered":"<p>Gecenin \u00e7arklar\u0131 \u00f6tt\u00fc. D\u0131\u015farda u\u011fultusuyla kol gezen r\u00fczg\u00e2r, Evleri yutan karanl\u0131k; \u00d6n\u00fcm\u00fc g\u00f6remiyorum. Durup dinliyorum geceyi. Bayku\u015flar\u0131n havadisleri var&#8230; Birazdan yarasalar da gelecek. Her zamanki yerimizde<span class=\"excerpt-hellip\"> [\u2026]<\/span><\/p>\n","protected":false},"featured_media":0,"template":"","meta":{"_monsterinsights_skip_tracking":false,"_monsterinsights_sitenote_active":false,"_monsterinsights_sitenote_note":"","_monsterinsights_sitenote_category":0},"product_brand":[],"product_cat":[12291,12509],"product_tag":[],"class_list":{"0":"post-746721","1":"product","2":"type-product","3":"status-publish","5":"product_cat-edebiyat","6":"product_cat-siir","7":"pa_cilt-ciltsiz","8":"pa_tur-kitap","9":"pa_yayinevi-karina-yayinevi","10":"pa_yazar-ilknur-hilal-tugcu","12":"first","13":"instock","14":"sale","15":"shipping-taxable","16":"purchasable","17":"product-type-simple"},"_links":{"self":[{"href":"https:\/\/roveyayinevi.com.tr\/index.php\/wp-json\/wp\/v2\/product\/746721","targetHints":{"allow":["GET"]}}],"collection":[{"href":"https:\/\/roveyayinevi.com.tr\/index.php\/wp-json\/wp\/v2\/product"}],"about":[{"href":"https:\/\/roveyayinevi.com.tr\/index.php\/wp-json\/wp\/v2\/types\/product"}],"wp:attachment":[{"href":"https:\/\/roveyayinevi.com.tr\/index.php\/wp-json\/wp\/v2\/media?parent=746721"}],"wp:term":[{"taxonomy":"product_brand","embeddable":true,"href":"https:\/\/roveyayinevi.com.tr\/index.php\/wp-json\/wp\/v2\/product_brand?post=746721"},{"taxonomy":"product_cat","embeddable":true,"href":"https:\/\/roveyayinevi.com.tr\/index.php\/wp-json\/wp\/v2\/product_cat?post=746721"},{"taxonomy":"product_tag","embeddable":true,"href":"https:\/\/roveyayinevi.com.tr\/index.php\/wp-json\/wp\/v2\/product_tag?post=746721"}],"curies":[{"name":"wp","href":"https:\/\/api.w.org\/{rel}","templated":true}]}}