{"id":746718,"date":"2025-08-28T02:49:15","date_gmt":"2025-08-27T23:49:15","guid":{"rendered":"https:\/\/roveyayinevi.com.tr\/index.php\/urun\/askin-ilaci-cikolata\/"},"modified":"2026-04-16T02:59:00","modified_gmt":"2026-04-15T23:59:00","slug":"askin-ilaci-cikolata","status":"publish","type":"product","link":"https:\/\/roveyayinevi.com.tr\/index.php\/urun\/askin-ilaci-cikolata\/","title":{"rendered":"A\u015fk\u0131n \u0130lac\u0131 \u00c7ikolata"},"content":{"rendered":"<p>\u00c7ikolatayla a\u015fk \u00f6teden beri birbirinden ayr\u0131lmaz bir ikili halinde gezinir yery\u00fcz\u00fcnde. A\u015fk\u0131n ikiz karde\u015fi olan ac\u0131larla titreyen bir y\u00fcz\u00fc \u00e7ikolata g\u00fcld\u00fcr\u00fcr ancak. Kimi zaman da \u00e7ikolata bedenleri a\u015fk&#8230; \u0130\u015fte Deniz G\u00fcrsoy, bu gizemli tatl\u0131n\u0131n b\u00fct\u00fcn d\u00fcnyadaki ser\u00fcvenini anlat\u0131yor. T\u00fcrkiye&#8217;deki hikayesi de dahil. Hem de b\u00fct\u00fcn d\u00fcnyadan en lezzetli \u00e7ikolata tarifleriyle&#8230; <\/p>\n","protected":false},"excerpt":{"rendered":"<p>\u00c7ikolatayla a\u015fk \u00f6teden beri birbirinden ayr\u0131lmaz bir ikili halinde gezinir yery\u00fcz\u00fcnde. A\u015fk\u0131n ikiz karde\u015fi olan ac\u0131larla titreyen bir y\u00fcz\u00fc \u00e7ikolata g\u00fcld\u00fcr\u00fcr ancak. Kimi zaman da \u00e7ikolata<span class=\"excerpt-hellip\"> [\u2026]<\/span><\/p>\n","protected":false},"featured_media":0,"template":"","meta":{"_monsterinsights_skip_tracking":false,"_monsterinsights_sitenote_active":false,"_monsterinsights_sitenote_note":"","_monsterinsights_sitenote_category":0},"product_brand":[],"product_cat":[12457],"product_tag":[],"class_list":{"0":"post-746718","1":"product","2":"type-product","3":"status-publish","5":"product_cat-yemek-kitaplari","6":"pa_cilt-ciltsiz","7":"pa_tur-kitap","8":"pa_yayinevi-oglak-yayincilik","9":"pa_yazar-deniz-gursoy","11":"first","12":"instock","13":"sale","14":"shipping-taxable","15":"purchasable","16":"product-type-simple"},"_links":{"self":[{"href":"https:\/\/roveyayinevi.com.tr\/index.php\/wp-json\/wp\/v2\/product\/746718","targetHints":{"allow":["GET"]}}],"collection":[{"href":"https:\/\/roveyayinevi.com.tr\/index.php\/wp-json\/wp\/v2\/product"}],"about":[{"href":"https:\/\/roveyayinevi.com.tr\/index.php\/wp-json\/wp\/v2\/types\/product"}],"wp:attachment":[{"href":"https:\/\/roveyayinevi.com.tr\/index.php\/wp-json\/wp\/v2\/media?parent=746718"}],"wp:term":[{"taxonomy":"product_brand","embeddable":true,"href":"https:\/\/roveyayinevi.com.tr\/index.php\/wp-json\/wp\/v2\/product_brand?post=746718"},{"taxonomy":"product_cat","embeddable":true,"href":"https:\/\/roveyayinevi.com.tr\/index.php\/wp-json\/wp\/v2\/product_cat?post=746718"},{"taxonomy":"product_tag","embeddable":true,"href":"https:\/\/roveyayinevi.com.tr\/index.php\/wp-json\/wp\/v2\/product_tag?post=746718"}],"curies":[{"name":"wp","href":"https:\/\/api.w.org\/{rel}","templated":true}]}}