{"id":746714,"date":"2025-08-28T02:49:10","date_gmt":"2025-08-27T23:49:10","guid":{"rendered":"https:\/\/roveyayinevi.com.tr\/index.php\/urun\/universite-ogrencilerinin-duygu-duzenleme-guclugu-ile-spor-iliskisinin-arastirilmasi\/"},"modified":"2026-04-16T02:59:00","modified_gmt":"2026-04-15T23:59:00","slug":"universite-ogrencilerinin-duygu-duzenleme-guclugu-ile-spor-iliskisinin-arastirilmasi","status":"publish","type":"product","link":"https:\/\/roveyayinevi.com.tr\/index.php\/urun\/universite-ogrencilerinin-duygu-duzenleme-guclugu-ile-spor-iliskisinin-arastirilmasi\/","title":{"rendered":"\u00dcniversite \u00d6\u011frencilerinin Duygu D\u00fczenleme G\u00fc\u00e7l\u00fc\u011f\u00fc ile Spor \u0130li\u015fkisinin Ara\u015ft\u0131r\u0131lmas\u0131"},"content":{"rendered":"<p>1. G\u0130R\u0130\u015e 1.1. Duygu Kavram\u0131 ve \u00f6zellikleri 1.1.1. Duygular\u0131n Temel \u00d6zellikleri 1.2. Temel Duygu T\u00fcrleri 1.2.1. \u00d6fke 1.2.2. H\u00fcz\u00fcn 1.2.3. Mutluluk 1.2.4. Korku 1.2.5. \u015ea\u015f\u0131rma 1.2.6. Nefret 1.3. Duygular\u0131n \u0130fadesi 1.4. Duygular\u0131n \u0130\u015flevleri 1.4.1. Duygular\u0131n Temel Soysal \u0130\u015flevleri 1.5. Duygu D\u00fczenleme Kavram\u0131 1.5.1. Gross Modelinde 5 Duygu D\u00fczenleme Stratejisi 1.5.2. Duygu D\u00fczenlemenin 3 Temel \u00d6zelli\u011fi 1.6. Bili\u015fsel Duygu D\u00fczenleme Stratejileri 1.6.1. Durum Se\u00e7imi 1.6.2. Durum De\u011fi\u015fimi 1.6.3. Dikkat Yay\u0131lmas\u0131 1.6.4. Bili\u015fsel De\u011fi\u015fim 1.6.5. Tepki D\u00fczenleme 1.7. Duygu D\u00fczenleme G\u00fc\u00e7l\u00fc\u011f\u00fc 1.7.1. Duygu D\u00fczenleme G\u00fc\u00e7l\u00fc\u011f\u00fc Alt Boyutlar\u0131 1.8. Spor ve Duygu 1.9. \u00dcniversite Gen\u00e7li\u011fi ve Spor 1.9.1. Spor Kavram\u0131 ve Y\u00fcksek\u00f6\u011fretim 2. GERE\u00c7 VE Y\u00d6NTEM 3. BULGULAR 4. TARTI\u015eMA SONU\u00c7 5. KAYNAK\u00c7A6 . EKLER<\/p>\n","protected":false},"excerpt":{"rendered":"<p>1. G\u0130R\u0130\u015e 1.1. Duygu Kavram\u0131 ve \u00f6zellikleri 1.1.1. Duygular\u0131n Temel \u00d6zellikleri 1.2. Temel Duygu T\u00fcrleri 1.2.1. \u00d6fke 1.2.2. H\u00fcz\u00fcn 1.2.3. Mutluluk 1.2.4. Korku 1.2.5. \u015ea\u015f\u0131rma 1.2.6.<span class=\"excerpt-hellip\"> [\u2026]<\/span><\/p>\n","protected":false},"featured_media":0,"template":"","meta":{"_monsterinsights_skip_tracking":false,"_monsterinsights_sitenote_active":false,"_monsterinsights_sitenote_note":"","_monsterinsights_sitenote_category":0},"product_brand":[],"product_cat":[15563,15564],"product_tag":[],"class_list":{"0":"post-746714","1":"product","2":"type-product","3":"status-publish","5":"product_cat-hobi","6":"product_cat-spor","7":"pa_cilt-ciltsiz","8":"pa_tur-kitap","9":"pa_yayinevi-gazi-kitabevi","10":"pa_yazar-muhammed-guler-abdurrahman-kirtepe","12":"first","13":"instock","14":"sale","15":"shipping-taxable","16":"purchasable","17":"product-type-simple"},"_links":{"self":[{"href":"https:\/\/roveyayinevi.com.tr\/index.php\/wp-json\/wp\/v2\/product\/746714","targetHints":{"allow":["GET"]}}],"collection":[{"href":"https:\/\/roveyayinevi.com.tr\/index.php\/wp-json\/wp\/v2\/product"}],"about":[{"href":"https:\/\/roveyayinevi.com.tr\/index.php\/wp-json\/wp\/v2\/types\/product"}],"wp:attachment":[{"href":"https:\/\/roveyayinevi.com.tr\/index.php\/wp-json\/wp\/v2\/media?parent=746714"}],"wp:term":[{"taxonomy":"product_brand","embeddable":true,"href":"https:\/\/roveyayinevi.com.tr\/index.php\/wp-json\/wp\/v2\/product_brand?post=746714"},{"taxonomy":"product_cat","embeddable":true,"href":"https:\/\/roveyayinevi.com.tr\/index.php\/wp-json\/wp\/v2\/product_cat?post=746714"},{"taxonomy":"product_tag","embeddable":true,"href":"https:\/\/roveyayinevi.com.tr\/index.php\/wp-json\/wp\/v2\/product_tag?post=746714"}],"curies":[{"name":"wp","href":"https:\/\/api.w.org\/{rel}","templated":true}]}}