{"id":746713,"date":"2025-08-28T02:49:09","date_gmt":"2025-08-27T23:49:09","guid":{"rendered":"https:\/\/roveyayinevi.com.tr\/index.php\/urun\/dijitallesen-dunyada-yonetsel-yaklasimlar\/"},"modified":"2026-04-16T02:59:00","modified_gmt":"2026-04-15T23:59:00","slug":"dijitallesen-dunyada-yonetsel-yaklasimlar","status":"publish","type":"product","link":"https:\/\/roveyayinevi.com.tr\/index.php\/urun\/dijitallesen-dunyada-yonetsel-yaklasimlar\/","title":{"rendered":"Dijitalle\u015fen D\u00fcnyada Y\u00f6netsel Yakla\u015f\u0131mlar"},"content":{"rendered":"<p>B\u00d6L\u00dcM 1 D\u0130J\u0130TAL D\u00d6N\u00dc\u015e\u00dcM VE Y\u00d6NET\u0130M\u0130 B\u00d6L\u00dcM 2 \u00d6RG\u00dcTSEL DE\u011e\u0130\u015e\u0130M Y\u00d6NET\u0130M\u0130 B\u00d6L\u00dcM 3 \u00d6RG\u00dcTSEL BEL\u0130RS\u0130ZL\u0130K Y\u00d6NET\u0130M\u0130 B\u00d6L\u00dcM 4 \u00d6RG\u00dcTSEL STRES Y\u00d6NET\u0130M\u0130 B\u00d6L\u00dcM 5 \u00d6RG\u00dcTLERDE KR\u0130Z Y\u00d6NET\u0130M\u0130 B\u00d6L\u00dcM 6 \u00d6RG\u00dcTLERDE R\u0130SK Y\u00d6NET\u0130M\u0130 B\u00d6L\u00dcM 7 \u00d6RG\u00dcTSEL \u0130LET\u0130\u015e\u0130M B\u00d6L\u00dcM 8 \u00d6RG\u00dcTSEL POL\u0130T\u0130KA B\u00d6L\u00dcM 9 YARATICILIK VE YEN\u0130L\u0130K Y\u00d6NET\u0130M\u0130 B\u00d6L\u00dcM 10 \u00d6RG\u00dcTSEL \u00d6\u011eRENME B\u00d6L\u00dcM 11 TAKIM \u00c7ALI\u015eMASI VE TAKIM Y\u00d6NET\u0130M\u0130 B\u00d6L\u00dcM 12 \u00d6RG\u00dcTLERDE YETENEK Y\u00d6NET\u0130M\u0130 B\u00d6L\u00dcM 13 \u00d6RG\u00dcTLERDE B\u0130LG\u0130 Y\u00d6NET\u0130M\u0130 B\u00d6L\u00dcM 14 PROJE Y\u00d6NET\u0130M\u0130 B\u00d6L\u00dcM 15 \u00d6RG\u00dcTSEL DAYANIKLILIK B\u00d6L\u00dcM 16 \u00d6RG\u00dcTSEL SA\u011eLIK B\u00d6L\u00dcM 17 \u00d6RG\u00dcTSEL USTALIK B\u00d6L\u00dcM 18 \u00c7ALI\u015eANLARIN G\u00dc\u00c7LEND\u0130R\u0130LMES\u0130<\/p>\n","protected":false},"excerpt":{"rendered":"<p>B\u00d6L\u00dcM 1 D\u0130J\u0130TAL D\u00d6N\u00dc\u015e\u00dcM VE Y\u00d6NET\u0130M\u0130 B\u00d6L\u00dcM 2 \u00d6RG\u00dcTSEL DE\u011e\u0130\u015e\u0130M Y\u00d6NET\u0130M\u0130 B\u00d6L\u00dcM 3 \u00d6RG\u00dcTSEL BEL\u0130RS\u0130ZL\u0130K Y\u00d6NET\u0130M\u0130 B\u00d6L\u00dcM 4 \u00d6RG\u00dcTSEL STRES Y\u00d6NET\u0130M\u0130 B\u00d6L\u00dcM 5 \u00d6RG\u00dcTLERDE KR\u0130Z Y\u00d6NET\u0130M\u0130<span class=\"excerpt-hellip\"> [\u2026]<\/span><\/p>\n","protected":false},"featured_media":0,"template":"","meta":{"_monsterinsights_skip_tracking":false,"_monsterinsights_sitenote_active":false,"_monsterinsights_sitenote_note":"","_monsterinsights_sitenote_category":0},"product_brand":[],"product_cat":[20333,13043],"product_tag":[],"class_list":{"0":"post-746713","1":"product","2":"type-product","3":"status-publish","5":"product_cat-diger-ekonomi","6":"product_cat-ekonomi","7":"pa_cilt-ciltsiz","8":"pa_tur-kitap","9":"pa_yayinevi-gazi-kitabevi","10":"pa_yazar-kolektif","12":"first","13":"instock","14":"sale","15":"shipping-taxable","16":"purchasable","17":"product-type-simple"},"_links":{"self":[{"href":"https:\/\/roveyayinevi.com.tr\/index.php\/wp-json\/wp\/v2\/product\/746713","targetHints":{"allow":["GET"]}}],"collection":[{"href":"https:\/\/roveyayinevi.com.tr\/index.php\/wp-json\/wp\/v2\/product"}],"about":[{"href":"https:\/\/roveyayinevi.com.tr\/index.php\/wp-json\/wp\/v2\/types\/product"}],"wp:attachment":[{"href":"https:\/\/roveyayinevi.com.tr\/index.php\/wp-json\/wp\/v2\/media?parent=746713"}],"wp:term":[{"taxonomy":"product_brand","embeddable":true,"href":"https:\/\/roveyayinevi.com.tr\/index.php\/wp-json\/wp\/v2\/product_brand?post=746713"},{"taxonomy":"product_cat","embeddable":true,"href":"https:\/\/roveyayinevi.com.tr\/index.php\/wp-json\/wp\/v2\/product_cat?post=746713"},{"taxonomy":"product_tag","embeddable":true,"href":"https:\/\/roveyayinevi.com.tr\/index.php\/wp-json\/wp\/v2\/product_tag?post=746713"}],"curies":[{"name":"wp","href":"https:\/\/api.w.org\/{rel}","templated":true}]}}