{"id":746712,"date":"2025-08-28T02:49:08","date_gmt":"2025-08-27T23:49:08","guid":{"rendered":"https:\/\/roveyayinevi.com.tr\/index.php\/urun\/amme-alacaginin-cebren-takibi\/"},"modified":"2026-04-16T02:59:00","modified_gmt":"2026-04-15T23:59:00","slug":"amme-alacaginin-cebren-takibi","status":"publish","type":"product","link":"https:\/\/roveyayinevi.com.tr\/index.php\/urun\/amme-alacaginin-cebren-takibi\/","title":{"rendered":"Amme Alaca\u011f\u0131n\u0131n Cebren Takibi"},"content":{"rendered":"<p>\u00b7         AMME ALACA\u011eI \u00b7         6183 SAYILI \u0130HT\u0130YAT\u0130 TAHAKKUK &#8211; \u0130HT\u0130YAT\u0130 HAC\u0130Z \u00b7         R\u00dc\u00c7HAN HAKKI VE GARAMETEN TAKS\u0130M \u00b7         SORUMLULUK \u00b7         \u0130PTAL DAVALARI \u00b7         \u00d6DEME \u00b7         TEC\u0130L, TEH\u0130R VE GEC\u0130KME ZAMMI UYGULAMALARI \u00b7         6183 SAYILI KANUN KAPSAMINDA AC\u0130Z HAL\u0130 VE SONU\u00c7LARI \u00b7         ZOR KULLANMA \u00b7         MENKUL MALLARIN HACZ\u0130 \u00b7         KAMU ALACAKLARININ TAHS\u0130L\u0130NDE GAYR\u0130MENKUL MALLARIN HACZ\u0130 VE TEFERRU\u011eU \u00b7         6183 SAYILI KANUN KAPSAMINDA \u0130FLAS VE KONKORDATO \u00b7         ZAMANA\u015eIMI \u00b7         KAMU ALACA\u011eINI SONA ERD\u0130REN B\u0130R DURUM: TERK\u0130N KAMU ALACAKLARININ TAHS\u0130L\u0130NE \u0130L\u0130\u015eK\u0130N SU\u00c7 VE CEZALAR<\/p>\n","protected":false},"excerpt":{"rendered":"<p>\u00b7 AMME ALACA\u011eI \u00b7 6183 SAYILI \u0130HT\u0130YAT\u0130 TAHAKKUK &#8211; \u0130HT\u0130YAT\u0130 HAC\u0130Z \u00b7 R\u00dc\u00c7HAN HAKKI VE GARAMETEN TAKS\u0130M \u00b7 SORUMLULUK \u00b7 \u0130PTAL DAVALARI \u00b7 \u00d6DEME \u00b7 TEC\u0130L,<span class=\"excerpt-hellip\"> [\u2026]<\/span><\/p>\n","protected":false},"featured_media":0,"template":"","meta":{"_monsterinsights_skip_tracking":false,"_monsterinsights_sitenote_active":false,"_monsterinsights_sitenote_note":"","_monsterinsights_sitenote_category":0},"product_brand":[],"product_cat":[15350],"product_tag":[],"class_list":{"0":"post-746712","1":"product","2":"type-product","3":"status-publish","5":"product_cat-hukuk","6":"pa_cilt-ciltsiz","7":"pa_tur-kitap","8":"pa_yayinevi-gazi-kitabevi","9":"pa_yazar-kolektif","11":"first","12":"instock","13":"sale","14":"shipping-taxable","15":"purchasable","16":"product-type-simple"},"_links":{"self":[{"href":"https:\/\/roveyayinevi.com.tr\/index.php\/wp-json\/wp\/v2\/product\/746712","targetHints":{"allow":["GET"]}}],"collection":[{"href":"https:\/\/roveyayinevi.com.tr\/index.php\/wp-json\/wp\/v2\/product"}],"about":[{"href":"https:\/\/roveyayinevi.com.tr\/index.php\/wp-json\/wp\/v2\/types\/product"}],"wp:attachment":[{"href":"https:\/\/roveyayinevi.com.tr\/index.php\/wp-json\/wp\/v2\/media?parent=746712"}],"wp:term":[{"taxonomy":"product_brand","embeddable":true,"href":"https:\/\/roveyayinevi.com.tr\/index.php\/wp-json\/wp\/v2\/product_brand?post=746712"},{"taxonomy":"product_cat","embeddable":true,"href":"https:\/\/roveyayinevi.com.tr\/index.php\/wp-json\/wp\/v2\/product_cat?post=746712"},{"taxonomy":"product_tag","embeddable":true,"href":"https:\/\/roveyayinevi.com.tr\/index.php\/wp-json\/wp\/v2\/product_tag?post=746712"}],"curies":[{"name":"wp","href":"https:\/\/api.w.org\/{rel}","templated":true}]}}