{"id":746710,"date":"2025-08-28T02:49:06","date_gmt":"2025-08-27T23:49:06","guid":{"rendered":"https:\/\/roveyayinevi.com.tr\/index.php\/urun\/gozunuzu-aya-dikin\/"},"modified":"2026-04-16T02:59:00","modified_gmt":"2026-04-15T23:59:00","slug":"gozunuzu-aya-dikin","status":"publish","type":"product","link":"https:\/\/roveyayinevi.com.tr\/index.php\/urun\/gozunuzu-aya-dikin\/","title":{"rendered":"G\u00f6z\u00fcn\u00fcz\u00fc Ay&#8217;a Dikin"},"content":{"rendered":"<p>Apollo 11 g\u00f6revinin ard\u0131ndaki ekiple ilgili yeni hik\u00e2yeler ve s\u00f6yle\u015filerle   \u0130nsano\u011flunu Ay\u2019a \u00e7\u0131karan zihniyetle hayat\u0131n\u0131zda devrim yaratacak sekiz \u00f6nemli ilke\u2026   21 Temmuz 1969: Neil Armstrong, Ay\u2019a ayak basan ilk insan oldu. Hepimiz bunun, insano\u011flunun en b\u00fcy\u00fck ba\u015far\u0131lar\u0131ndan biri oldu\u011funu biliyor ve kabul ediyoruz. Peki, John. F. Kennedy\u2019nin hayalini ger\u00e7ekle\u015ftirmek i\u00e7in neler gerekmi\u015f olabilir? Profes\u00f6r Richard Wiseman bu etkileyici kitab\u0131nda insano\u011flunu Ay\u2019a \u00e7\u0131karan zihniyete dair \u00f6nc\u00fc bir \u00e7al\u0131\u015fma sunuyor ve size bu zihniyeti nas\u0131l benimseyebilece\u011finizi ve g\u00fcndelik hayat\u0131n\u0131zda s\u0131ra d\u0131\u015f\u0131 i\u015fler ba\u015farmak i\u00e7in bu zihniyetin g\u00fcc\u00fcnden nas\u0131l faydalanabilece\u011finizi anlat\u0131yor. Bizzat yapt\u0131\u011f\u0131 s\u00f6yle\u015fileri, g\u00f6rev ar\u015fivlerinden edindi\u011fi verileri ve psikoloji alan\u0131ndaki en g\u00fcncel bilgileri bir araya getiren Wiseman, bizi uzay\u0131n ve kendi i\u00e7 d\u00fcnyam\u0131z\u0131n derinliklerine do\u011fru etkileyici bir yolculu\u011fa \u00e7\u0131kar\u0131yor. Yol boyunca Apollo zihniyetini yaratan (k\u00f6t\u00fcmserli\u011fin ba\u015far\u0131 i\u00e7in neden gerekli oldu\u011fu, korku ve trajedinin nas\u0131l umuda ve iyimserli\u011fe d\u00f6n\u00fc\u015ft\u00fcr\u00fclebilece\u011fi gibi) sekiz ilkeyi belirliyor.   Bu kitapta \u00f6zel ve profesyonel hayat\u0131n\u0131zda ba\u015far\u0131l\u0131 olmak i\u00e7in kullanabilece\u011finiz bir dizi pratik tekni\u011fi ke\u015ffedeceksiniz. \u0130ster bir ticari giri\u015fimde bulunmay\u0131, kariyer de\u011fi\u015ftirmeyi, ideal partnerinizi bulmay\u0131, sevgi dolu bir aile kurmay\u0131, terfi almay\u0131, yeni bir beceri kazanmay\u0131, yar\u0131\u015f ve m\u00fccadele ortam\u0131ndan kurtulmay\u0131, isterseniz de \u00f6m\u00fcrl\u00fck bir tutkunun pe\u015finden gitmeyi hedefliyor olun, bu teknikler size kendi Ay\u2019\u0131n\u0131za ula\u015fman\u0131zda yard\u0131mc\u0131 olacak.     \u201cT\u00fcm olanaks\u0131zl\u0131klara ra\u011fmen insano\u011flunu Ay\u2019a \u00e7\u0131karmay\u0131 ba\u015faran \u00f6nc\u00fc ruha hepimizin biraz ihtiyac\u0131 var.\u201d The Big Issue   \u201cNASA\u2019n\u0131n Apollo uzay g\u00f6revlerinin tarihini inceleyen etkileyici bir kitap.\u201d  Daily Mail <\/p>\n","protected":false},"excerpt":{"rendered":"<p>Apollo 11 g\u00f6revinin ard\u0131ndaki ekiple ilgili yeni hik\u00e2yeler ve s\u00f6yle\u015filerle \u0130nsano\u011flunu Ay\u2019a \u00e7\u0131karan zihniyetle hayat\u0131n\u0131zda devrim yaratacak sekiz \u00f6nemli ilke\u2026 21 Temmuz 1969: Neil Armstrong, Ay\u2019a<span class=\"excerpt-hellip\"> [\u2026]<\/span><\/p>\n","protected":false},"featured_media":0,"template":"","meta":{"_monsterinsights_skip_tracking":false,"_monsterinsights_sitenote_active":false,"_monsterinsights_sitenote_note":"","_monsterinsights_sitenote_category":0},"product_brand":[],"product_cat":[43754,13005],"product_tag":[],"class_list":{"0":"post-746710","1":"product","2":"type-product","3":"status-publish","5":"product_cat-astronomi","6":"product_cat-bilim-muhendislik","7":"pa_cilt-ciltsiz","8":"pa_tur-kitap","9":"pa_yayinevi-pegasus-yayinlari","10":"pa_yazar-richard-wiseman","12":"first","13":"instock","14":"sale","15":"shipping-taxable","16":"purchasable","17":"product-type-simple"},"_links":{"self":[{"href":"https:\/\/roveyayinevi.com.tr\/index.php\/wp-json\/wp\/v2\/product\/746710","targetHints":{"allow":["GET"]}}],"collection":[{"href":"https:\/\/roveyayinevi.com.tr\/index.php\/wp-json\/wp\/v2\/product"}],"about":[{"href":"https:\/\/roveyayinevi.com.tr\/index.php\/wp-json\/wp\/v2\/types\/product"}],"wp:attachment":[{"href":"https:\/\/roveyayinevi.com.tr\/index.php\/wp-json\/wp\/v2\/media?parent=746710"}],"wp:term":[{"taxonomy":"product_brand","embeddable":true,"href":"https:\/\/roveyayinevi.com.tr\/index.php\/wp-json\/wp\/v2\/product_brand?post=746710"},{"taxonomy":"product_cat","embeddable":true,"href":"https:\/\/roveyayinevi.com.tr\/index.php\/wp-json\/wp\/v2\/product_cat?post=746710"},{"taxonomy":"product_tag","embeddable":true,"href":"https:\/\/roveyayinevi.com.tr\/index.php\/wp-json\/wp\/v2\/product_tag?post=746710"}],"curies":[{"name":"wp","href":"https:\/\/api.w.org\/{rel}","templated":true}]}}