{"id":746705,"date":"2025-08-28T02:48:57","date_gmt":"2025-08-27T23:48:57","guid":{"rendered":"https:\/\/roveyayinevi.com.tr\/index.php\/urun\/yuzlesmeler\/"},"modified":"2026-04-16T02:59:00","modified_gmt":"2026-04-15T23:59:00","slug":"yuzlesmeler","status":"publish","type":"product","link":"https:\/\/roveyayinevi.com.tr\/index.php\/urun\/yuzlesmeler\/","title":{"rendered":"Y\u00fczle\u015fmeler"},"content":{"rendered":"<p>\u201cK\u00e2\u011f\u0131tlar ne kadar kirlense, ne kadar kirletilse onca art\u0131yor ayd\u0131nl\u0131k. Karanl\u0131ktan ayd\u0131nl\u0131\u011fa.\u201d   Edebiyat yolculu\u011funda yar\u0131m y\u00fczy\u0131l\u0131 geride b\u0131rakm\u0131\u015f usta bir \u00f6yk\u00fcc\u00fcden ya\u015fama, ya\u015fananlara, d\u00fc\u015flere ve d\u00fc\u015f\u00fcn\u00fc\u015flere dair incelikli izlenimler&#8230; Y\u00fczle\u015fmeler, 1950 ku\u015fa\u011f\u0131n\u0131n en \u00f6nemli kalemlerinden Adnan \u00d6zyal\u00e7\u0131ner\u2019in, g\u00fcnl\u00fck ya\u015fam\u0131n a\u00e7mazlar\u0131ndan sanat\u0131n anlam\u0131na, emek d\u00fcnyas\u0131n\u0131n evriminden politik-ekolojik s\u0131k\u0131nt\u0131lara, a\u015fktan yaln\u0131zl\u0131\u011fa ve dayan\u0131\u015fmaya, g\u00fcncelin aynas\u0131ndan yans\u0131yanlarla kendine \u00f6zg\u00fc hasbih\u00e2lini sunuyor okura. Ger\u00e7e\u011fin y\u00fcz\u00fcne d\u00fcr\u00fcst\u00e7e bakarken umudun ipini b\u0131rakmayan par\u00e7a tesirli d\u00fc\u015f\u00fcnceler, yepyeni \u201c\u00f6yk\u00fc u\u00e7lar\u0131\u201d belki de&#8230;   Ne zaman kalabal\u0131\u011f\u0131 anlatmaya kalkt\u0131ysam kendim oldum; kendimi anlatmaya kalk\u0131\u015ft\u0131\u011f\u0131mdaysa kalabal\u0131\u011f\u0131 buldum. Hangisi ger\u00e7ek\u00e7iydi, bilemiyorum. <\/p>\n","protected":false},"excerpt":{"rendered":"<p>\u201cK\u00e2\u011f\u0131tlar ne kadar kirlense, ne kadar kirletilse onca art\u0131yor ayd\u0131nl\u0131k. Karanl\u0131ktan ayd\u0131nl\u0131\u011fa.\u201d Edebiyat yolculu\u011funda yar\u0131m y\u00fczy\u0131l\u0131 geride b\u0131rakm\u0131\u015f usta bir \u00f6yk\u00fcc\u00fcden ya\u015fama, ya\u015fananlara, d\u00fc\u015flere ve d\u00fc\u015f\u00fcn\u00fc\u015flere<span class=\"excerpt-hellip\"> [\u2026]<\/span><\/p>\n","protected":false},"featured_media":0,"template":"","meta":{"_monsterinsights_skip_tracking":false,"_monsterinsights_sitenote_active":false,"_monsterinsights_sitenote_note":"","_monsterinsights_sitenote_category":0},"product_brand":[],"product_cat":[18545,12291],"product_tag":[],"class_list":{"0":"post-746705","1":"product","2":"type-product","3":"status-publish","5":"product_cat-anlati","6":"product_cat-edebiyat","7":"pa_cilt-ciltsiz","8":"pa_tur-kitap","9":"pa_yayinevi-everest-yayinlari","10":"pa_yazar-adnan-ozyalciner","12":"first","13":"instock","14":"sale","15":"shipping-taxable","16":"purchasable","17":"product-type-simple"},"_links":{"self":[{"href":"https:\/\/roveyayinevi.com.tr\/index.php\/wp-json\/wp\/v2\/product\/746705","targetHints":{"allow":["GET"]}}],"collection":[{"href":"https:\/\/roveyayinevi.com.tr\/index.php\/wp-json\/wp\/v2\/product"}],"about":[{"href":"https:\/\/roveyayinevi.com.tr\/index.php\/wp-json\/wp\/v2\/types\/product"}],"wp:attachment":[{"href":"https:\/\/roveyayinevi.com.tr\/index.php\/wp-json\/wp\/v2\/media?parent=746705"}],"wp:term":[{"taxonomy":"product_brand","embeddable":true,"href":"https:\/\/roveyayinevi.com.tr\/index.php\/wp-json\/wp\/v2\/product_brand?post=746705"},{"taxonomy":"product_cat","embeddable":true,"href":"https:\/\/roveyayinevi.com.tr\/index.php\/wp-json\/wp\/v2\/product_cat?post=746705"},{"taxonomy":"product_tag","embeddable":true,"href":"https:\/\/roveyayinevi.com.tr\/index.php\/wp-json\/wp\/v2\/product_tag?post=746705"}],"curies":[{"name":"wp","href":"https:\/\/api.w.org\/{rel}","templated":true}]}}