{"id":746704,"date":"2025-08-28T02:48:56","date_gmt":"2025-08-27T23:48:56","guid":{"rendered":"https:\/\/roveyayinevi.com.tr\/index.php\/urun\/hareketliligin-dogasi\/"},"modified":"2026-04-16T02:59:00","modified_gmt":"2026-04-15T23:59:00","slug":"hareketliligin-dogasi","status":"publish","type":"product","link":"https:\/\/roveyayinevi.com.tr\/index.php\/urun\/hareketliligin-dogasi\/","title":{"rendered":"Hareketlili\u011fin Do\u011fas\u0131"},"content":{"rendered":"<p>Hareketin Olana\u011f\u0131: Antik D\u00f6nemden Modern D\u00f6neme Uzanan Bir Tart\u0131\u015fma, Din\u00e7er \u00c7evik Zanaat Uzmanl\u0131\u011f\u0131n\u0131n Geli\u015fiminde Gezgin Zanaatk\u00e2rlar \u00dczerine Bir S\u00f6ylem, \u015eerife \u00c7akar Arkaik D\u00f6nemde \u0130spanya\u2019daki Grek Kolonileri, P\u0131nar \u00c7a\u011fnis Geminin Hareketi, Amphoran\u0131n Hareketsizli\u011fi, \u00dclk\u00fc Kara Ge\u00e7 Antik\u00e7a\u011fda Do\u011fu Roma\u2019dan \u0130ran\u2019a Felsefi Bir Hareket, Emine Bilgi\u00e7 Kavak Oryantalist Dura\u011fan Toplum Tezi Kar\u015f\u0131s\u0131nda \u201cMiskin Do\u011funun\u201d Savunusu, Tevfik Orkun Develi Bir \u201cVar Olma\u201d Bi\u00e7imi Olarak G\u00f6\u00e7: Kuramsal Bir Tart\u0131\u015fma, \u00c7a\u011flar \u00d6zbek-U\u011fur Can K\u00f6\u015fk Devingen Betimler: Antik\u00e7a\u011fda K\u00fclt Heykellerinin Hareketlili\u011fi, Esen Kaya \u0130lk G\u00fcnah \u0130konografisinde Y\u0131lan Sembol\u00fc ile Tanr\u0131\u00e7a Miti \u0130li\u015fkisi, Dilek Maktal Canko Tasvirlerle \u0130srailo\u011fullar\u0131n\u0131n G\u00f6\u00e7\u00fc: Bizans Sanat\u0131nda K\u0131z\u0131ldeniz ve K\u0131z\u0131ldeniz\u2019den Ge\u00e7i\u015f Sahneleri, Hatice Demir Ge\u00e7 Antik\u00e7a\u011fda Tutsakl\u0131k, P\u0131nar Serdar Din\u00e7er Theophano Mart\u0131nak\u0131a: Bizans Saray\u0131nda Bir Kad\u0131n\u0131n Esareti, Ya\u015fam\u0131, Mucizeleri ve Bizans Sanat\u0131ndaki Temsili, \u0130lkg\u00fcl Kaya<\/p>\n","protected":false},"excerpt":{"rendered":"<p>Hareketin Olana\u011f\u0131: Antik D\u00f6nemden Modern D\u00f6neme Uzanan Bir Tart\u0131\u015fma, Din\u00e7er \u00c7evik Zanaat Uzmanl\u0131\u011f\u0131n\u0131n Geli\u015fiminde Gezgin Zanaatk\u00e2rlar \u00dczerine Bir S\u00f6ylem, \u015eerife \u00c7akar Arkaik D\u00f6nemde \u0130spanya\u2019daki Grek Kolonileri,<span class=\"excerpt-hellip\"> [\u2026]<\/span><\/p>\n","protected":false},"featured_media":0,"template":"","meta":{"_monsterinsights_skip_tracking":false,"_monsterinsights_sitenote_active":false,"_monsterinsights_sitenote_note":"","_monsterinsights_sitenote_category":0},"product_brand":[],"product_cat":[12370,12304],"product_tag":[],"class_list":{"0":"post-746704","1":"product","2":"type-product","3":"status-publish","5":"product_cat-arastirma-inceleme","6":"product_cat-tarih","7":"pa_cilt-ciltsiz","8":"pa_tur-kitap","9":"pa_yayinevi-alfa-yayinlari","10":"pa_yazar-kolektif","12":"first","13":"instock","14":"sale","15":"shipping-taxable","16":"purchasable","17":"product-type-simple"},"_links":{"self":[{"href":"https:\/\/roveyayinevi.com.tr\/index.php\/wp-json\/wp\/v2\/product\/746704","targetHints":{"allow":["GET"]}}],"collection":[{"href":"https:\/\/roveyayinevi.com.tr\/index.php\/wp-json\/wp\/v2\/product"}],"about":[{"href":"https:\/\/roveyayinevi.com.tr\/index.php\/wp-json\/wp\/v2\/types\/product"}],"wp:attachment":[{"href":"https:\/\/roveyayinevi.com.tr\/index.php\/wp-json\/wp\/v2\/media?parent=746704"}],"wp:term":[{"taxonomy":"product_brand","embeddable":true,"href":"https:\/\/roveyayinevi.com.tr\/index.php\/wp-json\/wp\/v2\/product_brand?post=746704"},{"taxonomy":"product_cat","embeddable":true,"href":"https:\/\/roveyayinevi.com.tr\/index.php\/wp-json\/wp\/v2\/product_cat?post=746704"},{"taxonomy":"product_tag","embeddable":true,"href":"https:\/\/roveyayinevi.com.tr\/index.php\/wp-json\/wp\/v2\/product_tag?post=746704"}],"curies":[{"name":"wp","href":"https:\/\/api.w.org\/{rel}","templated":true}]}}