{"id":746703,"date":"2025-08-28T02:48:54","date_gmt":"2025-08-27T23:48:54","guid":{"rendered":"https:\/\/roveyayinevi.com.tr\/index.php\/urun\/dunya-bizim-evimiz\/"},"modified":"2026-04-16T02:59:00","modified_gmt":"2026-04-15T23:59:00","slug":"dunya-bizim-evimiz","status":"publish","type":"product","link":"https:\/\/roveyayinevi.com.tr\/index.php\/urun\/dunya-bizim-evimiz\/","title":{"rendered":"D\u00fcnya Bizim Evimiz"},"content":{"rendered":"<p>Usta yazar S\u00fcleyman Bulut\u2019un kaleminden ak\u0131c\u0131 bir ekoloji \u00f6yk\u00fcs\u00fc okurlar ile bulu\u015fuyor. Yazar bu kitapta sorular\u0131na, \u00e7ocuklar\u0131n cevap bulmas\u0131n\u0131 hedefliyor. Defne\u2019nin g\u00f6z\u00fcnden d\u00fcnyam\u0131za neler yapt\u0131\u011f\u0131m\u0131z\u0131 hep birlikte ara\u015ft\u0131r\u0131yoruz.   Bu defa cevaplar sizde.   Arka kapaktan:   Defne, anneannesine sordu: &#8211;          Anneanne, g\u00fczelim d\u00fcnyam\u0131za kim yapt\u0131 bunlar\u0131?   Deniz bize ne verdi?                                                                                                                                                                                                                Biz denize ne verdik?   Toprak bize ne verdi? Biz topra\u011fa ne verdik?   G\u00f6ky\u00fcz\u00fc bize ne verdi? Biz g\u00f6ky\u00fcz\u00fcne ne verdik?   Orman bize ne verdi? Biz ormana ne verdik?   Portakal a\u011fac\u0131 bize ne verdi? Biz portakal a\u011fac\u0131na ne verdik? Ar\u0131lar bize ne verdi? Biz ar\u0131lara ne verdik?     S\u00fcleyman Bulut\u2019un kaleminden biz ula\u015fan D\u00fcnya Bizim Evimiz\u2019i usta \u00e7izer Ferit Avc\u0131 resimledi. <\/p>\n","protected":false},"excerpt":{"rendered":"<p>Usta yazar S\u00fcleyman Bulut\u2019un kaleminden ak\u0131c\u0131 bir ekoloji \u00f6yk\u00fcs\u00fc okurlar ile bulu\u015fuyor. Yazar bu kitapta sorular\u0131na, \u00e7ocuklar\u0131n cevap bulmas\u0131n\u0131 hedefliyor. Defne\u2019nin g\u00f6z\u00fcnden d\u00fcnyam\u0131za neler yapt\u0131\u011f\u0131m\u0131z\u0131 hep<span class=\"excerpt-hellip\"> [\u2026]<\/span><\/p>\n","protected":false},"featured_media":0,"template":"","meta":{"_monsterinsights_skip_tracking":false,"_monsterinsights_sitenote_active":false,"_monsterinsights_sitenote_note":"","_monsterinsights_sitenote_category":0},"product_brand":[],"product_cat":[12274,12284],"product_tag":[],"class_list":{"0":"post-746703","1":"product","2":"type-product","3":"status-publish","5":"product_cat-cocuk-ve-genclik-kitaplari","6":"product_cat-hikayeler","7":"pa_cilt-ciltsiz","8":"pa_tur-kitap","9":"pa_yayinevi-fom-kitap","10":"pa_yazar-suleyman-bulut","12":"first","13":"instock","14":"sale","15":"shipping-taxable","16":"purchasable","17":"product-type-simple"},"_links":{"self":[{"href":"https:\/\/roveyayinevi.com.tr\/index.php\/wp-json\/wp\/v2\/product\/746703","targetHints":{"allow":["GET"]}}],"collection":[{"href":"https:\/\/roveyayinevi.com.tr\/index.php\/wp-json\/wp\/v2\/product"}],"about":[{"href":"https:\/\/roveyayinevi.com.tr\/index.php\/wp-json\/wp\/v2\/types\/product"}],"wp:attachment":[{"href":"https:\/\/roveyayinevi.com.tr\/index.php\/wp-json\/wp\/v2\/media?parent=746703"}],"wp:term":[{"taxonomy":"product_brand","embeddable":true,"href":"https:\/\/roveyayinevi.com.tr\/index.php\/wp-json\/wp\/v2\/product_brand?post=746703"},{"taxonomy":"product_cat","embeddable":true,"href":"https:\/\/roveyayinevi.com.tr\/index.php\/wp-json\/wp\/v2\/product_cat?post=746703"},{"taxonomy":"product_tag","embeddable":true,"href":"https:\/\/roveyayinevi.com.tr\/index.php\/wp-json\/wp\/v2\/product_tag?post=746703"}],"curies":[{"name":"wp","href":"https:\/\/api.w.org\/{rel}","templated":true}]}}