{"id":746701,"date":"2025-08-28T02:48:52","date_gmt":"2025-08-27T23:48:52","guid":{"rendered":"https:\/\/roveyayinevi.com.tr\/index.php\/urun\/istanbulda-gundelik-hayat\/"},"modified":"2026-04-16T02:59:00","modified_gmt":"2026-04-15T23:59:00","slug":"istanbulda-gundelik-hayat","status":"publish","type":"product","link":"https:\/\/roveyayinevi.com.tr\/index.php\/urun\/istanbulda-gundelik-hayat\/","title":{"rendered":"\u0130stanbul&#8217;da G\u00fcndelik Hayat"},"content":{"rendered":"<p>\u0130nsanl\u0131\u011f\u0131n varolu\u015f haritas\u0131nda \u0130stanbul, imparatorluklar d\u00f6nemi boyunca hep y\u00f6netici g\u00fcc\u00fcn merkezini temsil etti. Roma, Bizans ve Osmanl\u0131, bu merkezin etraf\u0131nda \u015fekillenen birer medeniyet dairesi olarak tarihte yerlerini ald\u0131lar. Tarihe bu a\u00e7\u0131dan bakmak ve onun sayfalar\u0131nda insanl\u0131\u011f\u0131n maceras\u0131n\u0131 okumak demek, bir bak\u0131ma Anadolu, Balkanlar ve Akdeniz\u2019in g\u00f6\u011f\u00fcnde parlayan bu g\u00f6z kama\u015ft\u0131r\u0131c\u0131 y\u0131ld\u0131z\u0131 her defas\u0131nda yeniden ke\u015ffetmek demekti. \u0130nsanl\u0131k \u0130stanbul\u2019u ke\u015ffettik\u00e7e, kendi ge\u00e7mi\u015fine uzanan yolun da tutkulu bir yolcusu oldu\u011funu farketti. Bug\u00fcn \u0130stanbul, kaybetti\u011fimiz b\u00fct\u00fcn de\u011ferleri itinayla saklayan bir hazinedir. Y\u00f6n\u00fcn\u00fc \u015fa\u015f\u0131ran toplumsal kimli\u011fimiz i\u00e7in bir pusula, \u00e7\u00fcr\u00fcyen estetik zevkimiz i\u00e7in bir mihenk ta\u015f\u0131 ve bozulan adalet duygumuz i\u00e7in g\u00fcvenilebilir bir terazi olma i\u015flevini \u00fcstlenen bu \u015fehir, kendisine sorulacak her t\u00fcrl\u00fc soruya cevap niteli\u011fi ta\u015f\u0131yabilecek insan tecr\u00fcbesini ve bilgi birikimini bize c\u00f6mert\u00e7e sunmaktad\u0131r.  \u0130stanbul\u2019da G\u00fcndelik Hayat toplumsal kimli\u011fimizin k\u00f6kenlerine do\u011fru \u00e7\u0131k\u0131lan bir yolculu\u011fun \u00e7arp\u0131c\u0131 g\u00f6r\u00fcnt\u00fclerinden ibarettir. \u0130nsan, K\u00fclt\u00fcr ve Mek\u00e2n ili\u015fkileri d\u00fczleminde bir imparatorluk \u015fehrinin tarihini ku\u015fatan \u00e7al\u0131\u015fma, sosyal disiplinler aras\u0131ndaki dengeyi ba\u015far\u0131yla kuran yeni tarih yaz\u0131m\u0131n\u0131n da dikkate de\u011fer bir \u00f6rne\u011fidir. Siyasetten k\u00fclt\u00fcre, mimariden edebiyata uzanan \u00e7ok boyutlu bir zemin \u00fczerinde ger\u00e7ekle\u015ftirilmi\u015f kurgusu ve kendine has \u00fcsl\u00fbbuyla ayn\u0131 zamanda, g\u00fcn\u00fcm\u00fcz tarih\u00e7isinin de \u0130stanbul\u2019a sundu\u011fu bir arma\u011fand\u0131r. <\/p>\n","protected":false},"excerpt":{"rendered":"<p>\u0130nsanl\u0131\u011f\u0131n varolu\u015f haritas\u0131nda \u0130stanbul, imparatorluklar d\u00f6nemi boyunca hep y\u00f6netici g\u00fcc\u00fcn merkezini temsil etti. Roma, Bizans ve Osmanl\u0131, bu merkezin etraf\u0131nda \u015fekillenen birer medeniyet dairesi olarak tarihte<span class=\"excerpt-hellip\"> [\u2026]<\/span><\/p>\n","protected":false},"featured_media":0,"template":"","meta":{"_monsterinsights_skip_tracking":false,"_monsterinsights_sitenote_active":false,"_monsterinsights_sitenote_note":"","_monsterinsights_sitenote_category":0},"product_brand":[],"product_cat":[13054,20153],"product_tag":[],"class_list":{"0":"post-746701","1":"product","2":"type-product","3":"status-publish","5":"product_cat-gezi-ve-rehber-kitaplari","6":"product_cat-istanbul-rehberi","7":"pa_cilt-ciltsiz","8":"pa_tur-kitap","9":"pa_yayinevi-yapi-kredi-yayinlari","10":"pa_yazar-ekrem-isin","12":"first","13":"instock","14":"sale","15":"shipping-taxable","16":"purchasable","17":"product-type-simple"},"_links":{"self":[{"href":"https:\/\/roveyayinevi.com.tr\/index.php\/wp-json\/wp\/v2\/product\/746701","targetHints":{"allow":["GET"]}}],"collection":[{"href":"https:\/\/roveyayinevi.com.tr\/index.php\/wp-json\/wp\/v2\/product"}],"about":[{"href":"https:\/\/roveyayinevi.com.tr\/index.php\/wp-json\/wp\/v2\/types\/product"}],"wp:attachment":[{"href":"https:\/\/roveyayinevi.com.tr\/index.php\/wp-json\/wp\/v2\/media?parent=746701"}],"wp:term":[{"taxonomy":"product_brand","embeddable":true,"href":"https:\/\/roveyayinevi.com.tr\/index.php\/wp-json\/wp\/v2\/product_brand?post=746701"},{"taxonomy":"product_cat","embeddable":true,"href":"https:\/\/roveyayinevi.com.tr\/index.php\/wp-json\/wp\/v2\/product_cat?post=746701"},{"taxonomy":"product_tag","embeddable":true,"href":"https:\/\/roveyayinevi.com.tr\/index.php\/wp-json\/wp\/v2\/product_tag?post=746701"}],"curies":[{"name":"wp","href":"https:\/\/api.w.org\/{rel}","templated":true}]}}