{"id":746700,"date":"2025-08-28T02:48:50","date_gmt":"2025-08-27T23:48:50","guid":{"rendered":"https:\/\/roveyayinevi.com.tr\/index.php\/urun\/dilbilimci-ve-diller\/"},"modified":"2026-04-16T02:59:00","modified_gmt":"2026-04-15T23:59:00","slug":"dilbilimci-ve-diller","status":"publish","type":"product","link":"https:\/\/roveyayinevi.com.tr\/index.php\/urun\/dilbilimci-ve-diller\/","title":{"rendered":"Dilbilimci ve Diller"},"content":{"rendered":"<p>Frans\u0131z dilbilimcisi Claude Hag\u00e8ge \u00f6zellikle Sami dilleri, Afrika dilleri, Amerika Yerli dilleri, Avustronezya dilleri ve \u00c7in-Tibet dilleri \u00fcst\u00fcne yapt\u0131\u011f\u0131 \u00e7al\u0131\u015fmalarla \u201calan dilbilimi\u201dnin \u00f6nemli temsilcilerinden biri olarak kabul edilir. Bilimsel ara\u015ft\u0131rmalar\u0131 ve kuramsal katk\u0131lar\u0131 nedeniyle Alt\u0131n Madalya ile \u00f6d\u00fcllendirildi\u011fi Bilimsel Ara\u015ft\u0131rma Ulusal Merkezi\u2019nde (CNRS, Fransa) yapt\u0131\u011f\u0131 konu\u015fman\u0131n yer ald\u0131\u011f\u0131 bu kitab\u0131nda Claude Hag\u00e8ge yeti\u015fme \u00e7izgisini, alan dilbilimine y\u00f6neli\u015fini, benimsedi\u011fi deneyimsel-t\u00fcmevar\u0131ml\u0131 yakla\u015f\u0131m\u0131, kuramsal katk\u0131lar\u0131n\u0131, dil ile d\u00fcnya g\u00f6r\u00fc\u015f\u00fc aras\u0131ndaki ba\u011f\u0131nt\u0131y\u0131, dillerin evrimini ve dil ile yaz\u0131 aras\u0131ndaki ili\u015fkiyi ele al\u0131yor. <\/p>\n","protected":false},"excerpt":{"rendered":"<p>Frans\u0131z dilbilimcisi Claude Hag\u00e8ge \u00f6zellikle Sami dilleri, Afrika dilleri, Amerika Yerli dilleri, Avustronezya dilleri ve \u00c7in-Tibet dilleri \u00fcst\u00fcne yapt\u0131\u011f\u0131 \u00e7al\u0131\u015fmalarla \u201calan dilbilimi\u201dnin \u00f6nemli temsilcilerinden biri olarak<span class=\"excerpt-hellip\"> [\u2026]<\/span><\/p>\n","protected":false},"featured_media":0,"template":"","meta":{"_monsterinsights_skip_tracking":false,"_monsterinsights_sitenote_active":false,"_monsterinsights_sitenote_note":"","_monsterinsights_sitenote_category":0},"product_brand":[],"product_cat":[20225,12291],"product_tag":[],"class_list":{"0":"post-746700","1":"product","2":"type-product","3":"status-publish","5":"product_cat-dil-bilim","6":"product_cat-edebiyat","7":"pa_cilt-ciltsiz","8":"pa_tur-kitap","9":"pa_yayinevi-yapi-kredi-yayinlari","10":"pa_yazar-claude-hagege","12":"first","13":"instock","14":"sale","15":"shipping-taxable","16":"purchasable","17":"product-type-simple"},"_links":{"self":[{"href":"https:\/\/roveyayinevi.com.tr\/index.php\/wp-json\/wp\/v2\/product\/746700","targetHints":{"allow":["GET"]}}],"collection":[{"href":"https:\/\/roveyayinevi.com.tr\/index.php\/wp-json\/wp\/v2\/product"}],"about":[{"href":"https:\/\/roveyayinevi.com.tr\/index.php\/wp-json\/wp\/v2\/types\/product"}],"wp:attachment":[{"href":"https:\/\/roveyayinevi.com.tr\/index.php\/wp-json\/wp\/v2\/media?parent=746700"}],"wp:term":[{"taxonomy":"product_brand","embeddable":true,"href":"https:\/\/roveyayinevi.com.tr\/index.php\/wp-json\/wp\/v2\/product_brand?post=746700"},{"taxonomy":"product_cat","embeddable":true,"href":"https:\/\/roveyayinevi.com.tr\/index.php\/wp-json\/wp\/v2\/product_cat?post=746700"},{"taxonomy":"product_tag","embeddable":true,"href":"https:\/\/roveyayinevi.com.tr\/index.php\/wp-json\/wp\/v2\/product_tag?post=746700"}],"curies":[{"name":"wp","href":"https:\/\/api.w.org\/{rel}","templated":true}]}}