{"id":746699,"date":"2025-08-28T02:48:48","date_gmt":"2025-08-27T23:48:48","guid":{"rendered":"https:\/\/roveyayinevi.com.tr\/index.php\/urun\/baskaldiran-yalniz-adam-albert-camus-ve-cagdaslari\/"},"modified":"2026-04-16T02:59:00","modified_gmt":"2026-04-15T23:59:00","slug":"baskaldiran-yalniz-adam-albert-camus-ve-cagdaslari","status":"publish","type":"product","link":"https:\/\/roveyayinevi.com.tr\/index.php\/urun\/baskaldiran-yalniz-adam-albert-camus-ve-cagdaslari\/","title":{"rendered":"Ba\u015fkald\u0131ran Yaln\u0131z Adam Albert Camus ve \u00c7a\u011fda\u015flar\u0131"},"content":{"rendered":"<p>Bu kitapta Albert Camus\u2019n\u00fcn yaz\u0131nsal ve d\u00fc\u015f\u00fcnsel m\u00fccadelesi, anlat\u0131m teknikleri, tart\u0131\u015fmalar\u0131, \u00e7at\u0131\u015fmalar\u0131, yap\u0131tlar\u0131n\u0131n olu\u015fum \u00e7izgileri Yabanc\u0131, Sisifos Miti, Veba (Barthes\u2019la tart\u0131\u015fmas\u0131), Ba\u015fkald\u0131ran \u0130nsan (Sartre\u2019la \u00e7at\u0131\u015fmas\u0131), \u201c\u00d6\u011fle D\u00fc\u015f\u00fcncesi\u201d kavram\u0131, D\u00fc\u015f\u00fc\u015f, Filozoflar\u0131n Tul\u00fbat\u0131 ve \u0130lk Adam yorumlanarak inceleniyor. Ard\u0131ndan Camus\u2019n\u00fcn ya\u015fam\u0131na y\u00f6n veren, yak\u0131n dostluk kurdu\u011fu, kar\u015f\u0131 \u00e7\u0131kt\u0131\u011f\u0131, destek g\u00f6rd\u00fc\u011f\u00fc ya da d\u00fc\u015f\u00fcnce, tav\u0131r ve yap\u0131tlar\u0131ndan etkilendi\u011fi yirmi be\u015f \u00e7a\u011fda\u015f yazar, d\u00fc\u015f\u00fcn\u00fcr ve gazeteciyle ba\u011flant\u0131lar\u0131 de\u011ferlendiriliyor.   Son b\u00f6l\u00fcmde de Camus\u2019n\u00fcn ya\u015fam\u0131 ile yap\u0131tlar\u0131n\u0131n i\u00e7 i\u00e7e ayr\u0131nt\u0131l\u0131 bir biyo-bibliyografyas\u0131 sunuluyor.    * \u201cCamus sevdal\u0131s\u0131 bir kitap bu: Vazge\u00e7ilemeyen m\u00fccadeleci bir yazar\u0131n selamlan\u0131\u015f\u0131 olarak de\u011ferlendirilmeli.\u201d <\/p>\n","protected":false},"excerpt":{"rendered":"<p>Bu kitapta Albert Camus\u2019n\u00fcn yaz\u0131nsal ve d\u00fc\u015f\u00fcnsel m\u00fccadelesi, anlat\u0131m teknikleri, tart\u0131\u015fmalar\u0131, \u00e7at\u0131\u015fmalar\u0131, yap\u0131tlar\u0131n\u0131n olu\u015fum \u00e7izgileri Yabanc\u0131, Sisifos Miti, Veba (Barthes\u2019la tart\u0131\u015fmas\u0131), Ba\u015fkald\u0131ran \u0130nsan (Sartre\u2019la \u00e7at\u0131\u015fmas\u0131), \u201c\u00d6\u011fle<span class=\"excerpt-hellip\"> [\u2026]<\/span><\/p>\n","protected":false},"featured_media":0,"template":"","meta":{"_monsterinsights_skip_tracking":false,"_monsterinsights_sitenote_active":false,"_monsterinsights_sitenote_note":"","_monsterinsights_sitenote_category":0},"product_brand":[],"product_cat":[13072,12291],"product_tag":[],"class_list":{"0":"post-746699","1":"product","2":"type-product","3":"status-publish","5":"product_cat-arastirma-inceleme-referans","6":"product_cat-edebiyat","7":"pa_cilt-ciltsiz","8":"pa_tur-kitap","9":"pa_yayinevi-yapi-kredi-yayinlari","10":"pa_yazar-mehmet-rifat","12":"first","13":"instock","14":"sale","15":"shipping-taxable","16":"purchasable","17":"product-type-simple"},"_links":{"self":[{"href":"https:\/\/roveyayinevi.com.tr\/index.php\/wp-json\/wp\/v2\/product\/746699","targetHints":{"allow":["GET"]}}],"collection":[{"href":"https:\/\/roveyayinevi.com.tr\/index.php\/wp-json\/wp\/v2\/product"}],"about":[{"href":"https:\/\/roveyayinevi.com.tr\/index.php\/wp-json\/wp\/v2\/types\/product"}],"wp:attachment":[{"href":"https:\/\/roveyayinevi.com.tr\/index.php\/wp-json\/wp\/v2\/media?parent=746699"}],"wp:term":[{"taxonomy":"product_brand","embeddable":true,"href":"https:\/\/roveyayinevi.com.tr\/index.php\/wp-json\/wp\/v2\/product_brand?post=746699"},{"taxonomy":"product_cat","embeddable":true,"href":"https:\/\/roveyayinevi.com.tr\/index.php\/wp-json\/wp\/v2\/product_cat?post=746699"},{"taxonomy":"product_tag","embeddable":true,"href":"https:\/\/roveyayinevi.com.tr\/index.php\/wp-json\/wp\/v2\/product_tag?post=746699"}],"curies":[{"name":"wp","href":"https:\/\/api.w.org\/{rel}","templated":true}]}}