{"id":746696,"date":"2025-08-28T02:48:43","date_gmt":"2025-08-27T23:48:43","guid":{"rendered":"https:\/\/roveyayinevi.com.tr\/index.php\/urun\/kasap-gecidi\/"},"modified":"2026-04-16T02:59:00","modified_gmt":"2026-04-15T23:59:00","slug":"kasap-gecidi","status":"publish","type":"product","link":"https:\/\/roveyayinevi.com.tr\/index.php\/urun\/kasap-gecidi\/","title":{"rendered":"Kasap Ge\u00e7idi"},"content":{"rendered":"<p>Harvard \u00f6\u011frencisi Will Andrews, \u015fehir hayat\u0131n\u0131 b\u0131rak\u0131p \u201cVah\u015fi Bat\u0131\u201dya, Kansas\u2019taki Butcher\u2019s Crossing kasabas\u0131na gelir. Bat\u0131, Andrews i\u00e7in rivayetler ve hayallerden olu\u015fan bir yerdir; burada daha \u00f6nce tan\u0131mad\u0131\u011f\u0131 b\u00fcy\u00fck, d\u00f6n\u00fc\u015ft\u00fcr\u00fcc\u00fc tecr\u00fcbeler ya\u015fayaca\u011f\u0131n\u0131, kitaplarda okudu\u011fu saf do\u011fayla kar\u015f\u0131la\u015faca\u011f\u0131n\u0131 ummaktad\u0131r. Bu hayallerin pe\u015finde, bufalo avc\u0131s\u0131 Miller\u2019\u0131n ekibine kat\u0131l\u0131r. Ancak d\u00f6rt ki\u015filik ekibin daha \u00f6nce ke\u015ffedilmemi\u015f bir vadide ba\u015flatt\u0131\u011f\u0131 av b\u00fcy\u00fck bir k\u0131y\u0131ma d\u00f6n\u00fc\u015ft\u00fck\u00e7e ekip \u00fcyeleri hem birbirlerine hem de kendilerine  yabanc\u0131la\u015facak, yolculuklar\u0131 amans\u0131z do\u011fa \u015fartlar\u0131 kar\u015f\u0131s\u0131nda bir \u00f6l\u00fcm kal\u0131m m\u00fccadelesine d\u00f6n\u00fc\u015fecektir.   John Williams Kasap Ge\u00e7idi\u2019nde modern Amerika\u2019n\u0131n temel mitlerinden birini, insan\u0131n a\u00e7g\u00f6zl\u00fcl\u00fc\u011f\u00fc ve do\u011fayla ili\u015fkisi \u00fczerine \u015fiddet dolu bir hik\u00e2ye arac\u0131l\u0131\u011f\u0131yla sorguluyor.   \u201cSert ve ac\u0131mas\u0131z fakat so\u011fukkanl\u0131 diliyle Cormac McCarthy\u2019nin de yolunu a\u00e7an Kasap Ge\u00e7idi, Western t\u00fcr\u00fcn\u00fc yeniden ele alan romanlar\u0131n ilki ve belki de en iyisidir.\u201d   New York Times Book Review <\/p>\n","protected":false},"excerpt":{"rendered":"<p>Harvard \u00f6\u011frencisi Will Andrews, \u015fehir hayat\u0131n\u0131 b\u0131rak\u0131p \u201cVah\u015fi Bat\u0131\u201dya, Kansas\u2019taki Butcher\u2019s Crossing kasabas\u0131na gelir. Bat\u0131, Andrews i\u00e7in rivayetler ve hayallerden olu\u015fan bir yerdir; burada daha \u00f6nce<span class=\"excerpt-hellip\"> [\u2026]<\/span><\/p>\n","protected":false},"featured_media":0,"template":"","meta":{"_monsterinsights_skip_tracking":false,"_monsterinsights_sitenote_active":false,"_monsterinsights_sitenote_note":"","_monsterinsights_sitenote_category":0},"product_brand":[],"product_cat":[12291,12711],"product_tag":[],"class_list":{"0":"post-746696","1":"product","2":"type-product","3":"status-publish","5":"product_cat-edebiyat","6":"product_cat-roman-oyku","7":"pa_cilt-ciltsiz","8":"pa_tur-kitap","9":"pa_yayinevi-yapi-kredi-yayinlari","10":"pa_yazar-john-williams","12":"first","13":"instock","14":"sale","15":"shipping-taxable","16":"purchasable","17":"product-type-simple"},"_links":{"self":[{"href":"https:\/\/roveyayinevi.com.tr\/index.php\/wp-json\/wp\/v2\/product\/746696","targetHints":{"allow":["GET"]}}],"collection":[{"href":"https:\/\/roveyayinevi.com.tr\/index.php\/wp-json\/wp\/v2\/product"}],"about":[{"href":"https:\/\/roveyayinevi.com.tr\/index.php\/wp-json\/wp\/v2\/types\/product"}],"wp:attachment":[{"href":"https:\/\/roveyayinevi.com.tr\/index.php\/wp-json\/wp\/v2\/media?parent=746696"}],"wp:term":[{"taxonomy":"product_brand","embeddable":true,"href":"https:\/\/roveyayinevi.com.tr\/index.php\/wp-json\/wp\/v2\/product_brand?post=746696"},{"taxonomy":"product_cat","embeddable":true,"href":"https:\/\/roveyayinevi.com.tr\/index.php\/wp-json\/wp\/v2\/product_cat?post=746696"},{"taxonomy":"product_tag","embeddable":true,"href":"https:\/\/roveyayinevi.com.tr\/index.php\/wp-json\/wp\/v2\/product_tag?post=746696"}],"curies":[{"name":"wp","href":"https:\/\/api.w.org\/{rel}","templated":true}]}}