{"id":746694,"date":"2025-08-28T02:48:40","date_gmt":"2025-08-27T23:48:40","guid":{"rendered":"https:\/\/roveyayinevi.com.tr\/index.php\/urun\/mendil-altinda-2\/"},"modified":"2026-04-16T02:59:00","modified_gmt":"2026-04-15T23:59:00","slug":"mendil-altinda-2","status":"publish","type":"product","link":"https:\/\/roveyayinevi.com.tr\/index.php\/urun\/mendil-altinda-2\/","title":{"rendered":"Mendil Alt\u0131nda"},"content":{"rendered":"<p>\u201c1925\u2019te Meslek dergisinde 35 hik\u00e2yesi \u00e7\u0131kt\u0131 ise de sanat hayat\u0131na, Aya\u015fl\u0131 ve Kirac\u0131lar\u0131 bir yana, 1946\u2019ya kadar uzun bir ara verdi. Bu tarihten sonra yay\u0131mlad\u0131\u011f\u0131 hik\u00e2yelerle sevilen, aranan bir hik\u00e2yeci oldu. Hayattan ald\u0131\u011f\u0131 konular\u0131 konu\u015fur gibi, temiz bir dille, sadelik, i\u00e7tenlik ve rahatl\u0131kla edebiyats\u0131z, oyunsuz yazd\u0131. Esendal\u2019\u0131n, kahramanlar\u0131na sevgi ve \u015fefkatle e\u011filen, onlar\u0131 g\u00fcndelik ya\u015fay\u0131\u015flar\u0131 i\u00e7inde en yapmac\u0131ks\u0131z, rahat ve karakteristik taraflar\u0131ndan g\u00f6rmesini bilen, renkli-canl\u0131 aktaran bir hik\u00e2yeci oldu\u011funu g\u00f6sterir.\u201d (Beh\u00e7et Necatigil)   \u201cYal\u0131nl\u0131k, a\u00e7\u0131kl\u0131k, k\u0131sal\u0131k ger\u00e7ek yaz\u0131n adamlar\u0131n\u0131n ula\u015fmak istedikleri bir d\u00fczeydir. Ama herkes bunu yapamaz, az s\u00f6zle, az tan\u0131mlamayla, az \u2018edebiyat\u2019la, daha do\u011frusu \u2018edebiyat yapmamak\u2019la ba\u015far\u0131l\u0131 olunaca\u011f\u0131n\u0131 bilemez, d\u00fc\u015f\u00fcnemez. Esendal\u2019\u0131n \u00f6yk\u00fclerinin ba\u015far\u0131s\u0131, kal\u0131c\u0131 yan\u0131 \u00f6l\u00fcms\u00fcz g\u00fczelli\u011fi, onun da \u00c7ehov gibi, \u2018Denizin rengi mavidir\u2019 diyebilecek kadar s\u00fcslerden uzak bir dille yazmas\u0131yd\u0131. Bug\u00fcn bile bu \u00f6yk\u00fcleri, i\u00e7inde ya\u015farm\u0131\u015f\u00e7as\u0131na okuyor, o olaylar\u0131n i\u00e7inde imi\u015fiz gibi okuyorsak, yazar\u0131n ger\u00e7ek \u2018edebiyat\u2019\u0131n temel niteliklerini bilmesinden, ba\u015far\u0131yla kullanmas\u0131ndand\u0131r.\u201d (Oktay Akbal) <\/p>\n","protected":false},"excerpt":{"rendered":"<p>\u201c1925\u2019te Meslek dergisinde 35 hik\u00e2yesi \u00e7\u0131kt\u0131 ise de sanat hayat\u0131na, Aya\u015fl\u0131 ve Kirac\u0131lar\u0131 bir yana, 1946\u2019ya kadar uzun bir ara verdi. Bu tarihten sonra yay\u0131mlad\u0131\u011f\u0131 hik\u00e2yelerle<span class=\"excerpt-hellip\"> [\u2026]<\/span><\/p>\n","protected":false},"featured_media":0,"template":"","meta":{"_monsterinsights_skip_tracking":false,"_monsterinsights_sitenote_active":false,"_monsterinsights_sitenote_note":"","_monsterinsights_sitenote_category":0},"product_brand":[],"product_cat":[12291,12711],"product_tag":[],"class_list":{"0":"post-746694","1":"product","2":"type-product","3":"status-publish","5":"product_cat-edebiyat","6":"product_cat-roman-oyku","7":"pa_cilt-ciltsiz","8":"pa_tur-kitap","9":"pa_yayinevi-yapi-kredi-yayinlari","10":"pa_yazar-memduh-sevket-esendal","12":"first","13":"instock","14":"sale","15":"shipping-taxable","16":"purchasable","17":"product-type-simple"},"_links":{"self":[{"href":"https:\/\/roveyayinevi.com.tr\/index.php\/wp-json\/wp\/v2\/product\/746694","targetHints":{"allow":["GET"]}}],"collection":[{"href":"https:\/\/roveyayinevi.com.tr\/index.php\/wp-json\/wp\/v2\/product"}],"about":[{"href":"https:\/\/roveyayinevi.com.tr\/index.php\/wp-json\/wp\/v2\/types\/product"}],"wp:attachment":[{"href":"https:\/\/roveyayinevi.com.tr\/index.php\/wp-json\/wp\/v2\/media?parent=746694"}],"wp:term":[{"taxonomy":"product_brand","embeddable":true,"href":"https:\/\/roveyayinevi.com.tr\/index.php\/wp-json\/wp\/v2\/product_brand?post=746694"},{"taxonomy":"product_cat","embeddable":true,"href":"https:\/\/roveyayinevi.com.tr\/index.php\/wp-json\/wp\/v2\/product_cat?post=746694"},{"taxonomy":"product_tag","embeddable":true,"href":"https:\/\/roveyayinevi.com.tr\/index.php\/wp-json\/wp\/v2\/product_tag?post=746694"}],"curies":[{"name":"wp","href":"https:\/\/api.w.org\/{rel}","templated":true}]}}