{"id":746689,"date":"2025-08-28T02:48:32","date_gmt":"2025-08-27T23:48:32","guid":{"rendered":"https:\/\/roveyayinevi.com.tr\/index.php\/urun\/ayasli-ile-kiracilari-4\/"},"modified":"2026-04-16T02:59:00","modified_gmt":"2026-04-15T23:59:00","slug":"ayasli-ile-kiracilari-4","status":"publish","type":"product","link":"https:\/\/roveyayinevi.com.tr\/index.php\/urun\/ayasli-ile-kiracilari-4\/","title":{"rendered":"Aya\u015fl\u0131 \u0130le Kirac\u0131lar\u0131"},"content":{"rendered":"<p>\u201cCumhuriyetin ilk y\u0131llar\u0131nda, Ankara\u2019da, Aya\u015fl\u0131 \u0130brahim Efendi ad\u0131nda biri, dokuz odal\u0131 bir apartman dairesini oda oda kiraya vermektedir. Bir k\u00f6y a\u011fas\u0131n\u0131n o\u011flu olan Aya\u015fl\u0131 \u0130brahim, e\u015fk\u0131yal\u0131k, zaptiye \u00e7avu\u015flu\u011fu, arzuhalcilik, otelcilik, vb gibi t\u00fcrl\u00fc boyalara boyanm\u0131\u015f bir adamd\u0131r. Odalarda, kad\u0131n, erkek, gen\u00e7, ihtiyar, evli, bek\u00e2r \u00e7e\u015fitli insanlar oturmaktad\u0131r: Aya\u015fl\u0131\u2019n\u0131n apartman kat\u0131nda ge\u00e7en hayat\u0131 an\u0131 bi\u00e7iminde yazan bek\u00e2r bir banka memuru; eski bir \u00e7iftlik sahibi olan ya\u015fl\u0131 Hasan Bey; eski konsoloslardan ihtiyar \u015eefik Bey; odun ve k\u00f6m\u00fcr sat\u0131c\u0131s\u0131 Buharal\u0131 Abd\u00fclkerim ile kar\u0131s\u0131 \u0130ffet Han\u0131m; eski bar k\u0131zlar\u0131ndan Faika ile kocas\u0131 \u015fof\u00f6r Fuat; geceleri odas\u0131nda kumar oynatan Turan Han\u0131m\u2019la kocas\u0131 Haki Bey; bunlardan ba\u015fka, ikide bir de\u011fi\u015fen hizmet\u00e7iler; d\u0131\u015far\u0131dan gelip giden misafirler. Romanda, T\u00fcrkiye\u2019nin \u00e7e\u015fitli katlar\u0131ndan gelen bu insanlar\u0131n ayr\u0131 ayr\u0131 maceralar\u0131 ve birbirleriyle olan ili\u015fkileri anlat\u0131lmaktad\u0131r.\u201d (Beh\u00e7et Necatigil) \u201cAya\u015fl\u0131 ile Kirac\u0131lar\u0131, T\u00fcrk roman\u0131nda yepyeni bir devir a\u00e7m\u0131\u015ft\u0131r. Bug\u00fcn gen\u00e7 kalemlerin kudretle ya\u015fatt\u0131klar\u0131 bu nev\u2019e kahramans\u0131z roman diyebiliriz. Hi\u00e7 \u015f\u00fcphe yok, T\u00fcrk edebiyat tarihi, Aya\u015fl\u0131 ile Kirac\u0131lar\u0131 m\u00fcellifini hakiki adiyle l\u00e2y\u0131k oldu\u011fu mevkie koyacak ve onu yeni bir roman anlay\u0131\u015f\u0131n\u0131n ilk ak\u0131nc\u0131s\u0131 olarak g\u00f6sterecektir.\u201d (Sabri Esat Siyavu\u015fgil)    \u201cMemduh \u015eevket Esendal\u2019\u0131n 1934 y\u0131l\u0131nda, b\u00f6ylesine temiz bir T\u00fcrk\u00e7e ile roman yazmas\u0131 bir ba\u015far\u0131 say\u0131lmal\u0131. S\u00f6z\u00fc hi\u00e7 uzatm\u0131yor. Telgraf yazar gibi yaz\u0131yor roman\u0131n\u0131. K\u0131sa t\u00fcmceleri s\u0131k s\u0131k kullan\u0131yor ve bunda \u00e7ok ba\u015far\u0131l\u0131. Anlatt\u0131\u011f\u0131 ki\u015filere \u00e7ok yanl\u0131 bakmaya \u00e7al\u0131\u015f\u0131yor. Bu bak\u0131mdan \u00f6zellikle Aya\u015fl\u0131\u2019y\u0131 anlat\u0131rken ba\u015far\u0131l\u0131; iyi yanlar\u0131n\u0131 da, k\u00f6t\u00fc yanlar\u0131n\u0131 da ustal\u0131kla belirtiyor. Kimi insanlar\u0131n d\u00fc\u015f\u00fcnme bi\u00e7imini sadece konu\u015fmalarla \u00e7ok iyi veriyor.\u201d (Fethi Naci) <\/p>\n","protected":false},"excerpt":{"rendered":"<p>\u201cCumhuriyetin ilk y\u0131llar\u0131nda, Ankara\u2019da, Aya\u015fl\u0131 \u0130brahim Efendi ad\u0131nda biri, dokuz odal\u0131 bir apartman dairesini oda oda kiraya vermektedir. Bir k\u00f6y a\u011fas\u0131n\u0131n o\u011flu olan Aya\u015fl\u0131 \u0130brahim, e\u015fk\u0131yal\u0131k,<span class=\"excerpt-hellip\"> [\u2026]<\/span><\/p>\n","protected":false},"featured_media":0,"template":"","meta":{"_monsterinsights_skip_tracking":false,"_monsterinsights_sitenote_active":false,"_monsterinsights_sitenote_note":"","_monsterinsights_sitenote_category":0},"product_brand":[],"product_cat":[12291,12711],"product_tag":[],"class_list":{"0":"post-746689","1":"product","2":"type-product","3":"status-publish","5":"product_cat-edebiyat","6":"product_cat-roman-oyku","7":"pa_cilt-ciltsiz","8":"pa_tur-kitap","9":"pa_yayinevi-yapi-kredi-yayinlari","10":"pa_yazar-memduh-sevket-esendal","12":"first","13":"instock","14":"sale","15":"shipping-taxable","16":"purchasable","17":"product-type-simple"},"_links":{"self":[{"href":"https:\/\/roveyayinevi.com.tr\/index.php\/wp-json\/wp\/v2\/product\/746689","targetHints":{"allow":["GET"]}}],"collection":[{"href":"https:\/\/roveyayinevi.com.tr\/index.php\/wp-json\/wp\/v2\/product"}],"about":[{"href":"https:\/\/roveyayinevi.com.tr\/index.php\/wp-json\/wp\/v2\/types\/product"}],"wp:attachment":[{"href":"https:\/\/roveyayinevi.com.tr\/index.php\/wp-json\/wp\/v2\/media?parent=746689"}],"wp:term":[{"taxonomy":"product_brand","embeddable":true,"href":"https:\/\/roveyayinevi.com.tr\/index.php\/wp-json\/wp\/v2\/product_brand?post=746689"},{"taxonomy":"product_cat","embeddable":true,"href":"https:\/\/roveyayinevi.com.tr\/index.php\/wp-json\/wp\/v2\/product_cat?post=746689"},{"taxonomy":"product_tag","embeddable":true,"href":"https:\/\/roveyayinevi.com.tr\/index.php\/wp-json\/wp\/v2\/product_tag?post=746689"}],"curies":[{"name":"wp","href":"https:\/\/api.w.org\/{rel}","templated":true}]}}