{"id":746687,"date":"2025-08-28T02:48:28","date_gmt":"2025-08-27T23:48:28","guid":{"rendered":"https:\/\/roveyayinevi.com.tr\/index.php\/urun\/oguz-atayin-tehlikeli-oyunlari\/"},"modified":"2026-04-16T02:59:00","modified_gmt":"2026-04-15T23:59:00","slug":"oguz-atayin-tehlikeli-oyunlari","status":"publish","type":"product","link":"https:\/\/roveyayinevi.com.tr\/index.php\/urun\/oguz-atayin-tehlikeli-oyunlari\/","title":{"rendered":"O\u011fuz Atay\u2019\u0131n Tehlikeli Oyunlar\u2019\u0131"},"content":{"rendered":"<p>Postmodern edebiyat\u0131n i\u015faret fi\u015feklerinden kabul edilen Tehlikeli Oyunlar, bireyin i\u00e7 hesapla\u015fmalar\u0131n\u0131, krizli ili\u015fkilerini, kimlik karma\u015falar\u0131n\u0131 ve yazma eyleminin bizzat kendisini ele al\u0131r. Roman\u0131na en bask\u0131n imge olarak oyunu sindiren O\u011fuz Atay, gecekondu mahallesine s\u0131\u011f\u0131nan ve s\u0131radan insanlarla \u00e7evrili bir hayata ba\u015flayan Hikmet\u2019in portresini \u00e7izer. H\u00fcseyin Ahmet \u00c7elik; Tehlikeli Oyunlar\u2019\u0131n edebiyat\u0131m\u0131za katk\u0131lar\u0131n\u0131, neden k\u00fclt bir eser oldu\u011funu, sonraki ku\u015faklar\u0131 nas\u0131l etkiledi\u011fini, roman\u0131n kendisine y\u00f6nelik tepkileri titiz bir dille \u00e7\u00f6z\u00fcml\u00fcyor.   \u201cTehlikeli Oyunlar benli\u011fini arayan mustarip bir ruhun i\u00e7 alemine yapt\u0131\u011f\u0131 yolculu\u011fun bir seyahatnamesidir. T\u00fcrk edebiyat\u0131n\u0131n k\u00f6\u015fe ta\u015flar\u0131, s\u00fctunlar\u0131, kemerleri, istinat duvarlar\u0131ndan ba\u011f\u0131ms\u0131z; \u00e7arp\u0131c\u0131, \u015f\u00fcpheli bir mimari yap\u0131d\u0131r.\u201d <\/p>\n","protected":false},"excerpt":{"rendered":"<p>Postmodern edebiyat\u0131n i\u015faret fi\u015feklerinden kabul edilen Tehlikeli Oyunlar, bireyin i\u00e7 hesapla\u015fmalar\u0131n\u0131, krizli ili\u015fkilerini, kimlik karma\u015falar\u0131n\u0131 ve yazma eyleminin bizzat kendisini ele al\u0131r. Roman\u0131na en bask\u0131n imge<span class=\"excerpt-hellip\"> [\u2026]<\/span><\/p>\n","protected":false},"featured_media":0,"template":"","meta":{"_monsterinsights_skip_tracking":false,"_monsterinsights_sitenote_active":false,"_monsterinsights_sitenote_note":"","_monsterinsights_sitenote_category":0},"product_brand":[],"product_cat":[13072,12291],"product_tag":[],"class_list":{"0":"post-746687","1":"product","2":"type-product","3":"status-publish","5":"product_cat-arastirma-inceleme-referans","6":"product_cat-edebiyat","7":"pa_cilt-ciltsiz","8":"pa_tur-kitap","9":"pa_yayinevi-ketebe-yayinlari","10":"pa_yazar-huseyin-ahmet-celik","12":"first","13":"instock","14":"sale","15":"shipping-taxable","16":"purchasable","17":"product-type-simple"},"_links":{"self":[{"href":"https:\/\/roveyayinevi.com.tr\/index.php\/wp-json\/wp\/v2\/product\/746687","targetHints":{"allow":["GET"]}}],"collection":[{"href":"https:\/\/roveyayinevi.com.tr\/index.php\/wp-json\/wp\/v2\/product"}],"about":[{"href":"https:\/\/roveyayinevi.com.tr\/index.php\/wp-json\/wp\/v2\/types\/product"}],"wp:attachment":[{"href":"https:\/\/roveyayinevi.com.tr\/index.php\/wp-json\/wp\/v2\/media?parent=746687"}],"wp:term":[{"taxonomy":"product_brand","embeddable":true,"href":"https:\/\/roveyayinevi.com.tr\/index.php\/wp-json\/wp\/v2\/product_brand?post=746687"},{"taxonomy":"product_cat","embeddable":true,"href":"https:\/\/roveyayinevi.com.tr\/index.php\/wp-json\/wp\/v2\/product_cat?post=746687"},{"taxonomy":"product_tag","embeddable":true,"href":"https:\/\/roveyayinevi.com.tr\/index.php\/wp-json\/wp\/v2\/product_tag?post=746687"}],"curies":[{"name":"wp","href":"https:\/\/api.w.org\/{rel}","templated":true}]}}