{"id":746686,"date":"2025-08-28T02:48:27","date_gmt":"2025-08-27T23:48:27","guid":{"rendered":"https:\/\/roveyayinevi.com.tr\/index.php\/urun\/miras-9\/"},"modified":"2026-04-16T02:59:00","modified_gmt":"2026-04-15T23:59:00","slug":"miras-9","status":"publish","type":"product","link":"https:\/\/roveyayinevi.com.tr\/index.php\/urun\/miras-9\/","title":{"rendered":"Miras"},"content":{"rendered":"<p>Memduh \u015eevket Esendal\u2019\u0131n ilk kez 15 Aral\u0131k 1924 ile 1 Eyl\u00fcl 1925 tarihleri aras\u0131nda Meslek gazetesinde tefrika edilen roman\u0131 Miras, II. Abd\u00fclhamit d\u00f6neminde ge\u00e7en ve \u0130stanbul\u2019un farkl\u0131 y\u00fczlerini okurla bulu\u015fturan bir eserdir. Esendal\u2019\u0131n \u201cMustafa Memduh\u201d ismiyle yay\u0131mlad\u0131\u011f\u0131 roman\u0131n Meslek gazetesindeki tefrikas\u0131 otuz sekiz say\u0131 s\u00fcrm\u00fc\u015f, eser tamamlanamadan gazete kapanm\u0131\u015ft\u0131r. Sultan II. Abd\u00fclhamit devrinde ge\u00e7en Miras\u2019ta, \u201cmahalle kurulacak b\u00fcy\u00fckl\u00fckteki bir konakta\u201d ya\u015fayan Silahtar Ali Pa\u015fa ailesinde miras y\u00fcz\u00fcnden ortaya \u00e7\u0131kan d\u00fc\u015fmanl\u0131klar anlat\u0131l\u0131yor. Asl\u0131nda hi\u00e7 de beklenmedik say\u0131lmayacak bu \u201cmiras kavgas\u0131\u201d ve konak, usta yazar\u0131n mahir dokunu\u015flar\u0131yla birdenbire devrin \u0130stanbul\u2019unun ve insan\u0131n yozla\u015fmas\u0131n\u0131n temsiline d\u00f6n\u00fc\u015f\u00fcyor.<\/p>\n","protected":false},"excerpt":{"rendered":"<p>Memduh \u015eevket Esendal\u2019\u0131n ilk kez 15 Aral\u0131k 1924 ile 1 Eyl\u00fcl 1925 tarihleri aras\u0131nda Meslek gazetesinde tefrika edilen roman\u0131 Miras, II. Abd\u00fclhamit d\u00f6neminde ge\u00e7en ve \u0130stanbul\u2019un<span class=\"excerpt-hellip\"> [\u2026]<\/span><\/p>\n","protected":false},"featured_media":0,"template":"","meta":{"_monsterinsights_skip_tracking":false,"_monsterinsights_sitenote_active":false,"_monsterinsights_sitenote_note":"","_monsterinsights_sitenote_category":0},"product_brand":[],"product_cat":[12291,12711],"product_tag":[],"class_list":{"0":"post-746686","1":"product","2":"type-product","3":"status-publish","5":"product_cat-edebiyat","6":"product_cat-roman-oyku","7":"pa_cilt-ciltsiz","8":"pa_tur-kitap","9":"pa_yayinevi-ketebe-yayinlari","10":"pa_yazar-memduh-sevket-esendal","12":"first","13":"instock","14":"sale","15":"shipping-taxable","16":"purchasable","17":"product-type-simple"},"_links":{"self":[{"href":"https:\/\/roveyayinevi.com.tr\/index.php\/wp-json\/wp\/v2\/product\/746686","targetHints":{"allow":["GET"]}}],"collection":[{"href":"https:\/\/roveyayinevi.com.tr\/index.php\/wp-json\/wp\/v2\/product"}],"about":[{"href":"https:\/\/roveyayinevi.com.tr\/index.php\/wp-json\/wp\/v2\/types\/product"}],"wp:attachment":[{"href":"https:\/\/roveyayinevi.com.tr\/index.php\/wp-json\/wp\/v2\/media?parent=746686"}],"wp:term":[{"taxonomy":"product_brand","embeddable":true,"href":"https:\/\/roveyayinevi.com.tr\/index.php\/wp-json\/wp\/v2\/product_brand?post=746686"},{"taxonomy":"product_cat","embeddable":true,"href":"https:\/\/roveyayinevi.com.tr\/index.php\/wp-json\/wp\/v2\/product_cat?post=746686"},{"taxonomy":"product_tag","embeddable":true,"href":"https:\/\/roveyayinevi.com.tr\/index.php\/wp-json\/wp\/v2\/product_tag?post=746686"}],"curies":[{"name":"wp","href":"https:\/\/api.w.org\/{rel}","templated":true}]}}