{"id":746684,"date":"2025-08-28T02:48:24","date_gmt":"2025-08-27T23:48:24","guid":{"rendered":"https:\/\/roveyayinevi.com.tr\/index.php\/urun\/gogun-butun-ceyrekleri\/"},"modified":"2026-04-16T02:59:00","modified_gmt":"2026-04-15T23:59:00","slug":"gogun-butun-ceyrekleri","status":"publish","type":"product","link":"https:\/\/roveyayinevi.com.tr\/index.php\/urun\/gogun-butun-ceyrekleri\/","title":{"rendered":"G\u00f6\u011f\u00fcn B\u00fct\u00fcn \u00c7eyrekleri"},"content":{"rendered":"<p>A\u015fk ve \u00d6l\u00fcms\u00fczl\u00fck \u00fczerine incelikli bir roman.\u015eehrin tek \u00e7ocuk hastanesi\u2026 Hi\u00e7bir \u00e7ocu\u011fun \u00f6lmedi\u011fi bu mucize hastanenin mucize ba\u015fhekimi, belki de t\u00fcm zamanlar\u0131n en yaln\u0131z insan\u0131 Doktor Timur\u2026Ondan hayati ve \u00f6l\u00fcmc\u00fcl bir \u015fey istemek i\u00e7in hastaneye gelen Ya\u015fl\u0131 Adam. Ve binlerce y\u0131ld\u0131r, Tufan\u2019\u0131n evvelinden beri kesi\u015fen hayatlar\u2026   \u201cBelki hakl\u0131s\u0131n, ben suyla yar\u0131\u015ft\u0131m. Kurdun ku\u015fun yemiyim art\u0131k, peygamberlerden daha eskiyim. \u0130nsan nas\u0131l bat\u0131yorsa birbirine, ben de bataca\u011f\u0131m etine, diken gibi dikenine. Beni b\u0131rakt\u0131\u011f\u0131n yerlere yata\u011f\u0131m\u0131 serecekler ama sen bir a\u011fac\u0131n g\u00f6lgesinden \u00e7ok, suya uzanm\u0131\u015f gibisin. sana ilk ve son \u00f6\u011f\u00fcd\u00fcm her \u015feyi unut.\u201d <\/p>\n","protected":false},"excerpt":{"rendered":"<p>A\u015fk ve \u00d6l\u00fcms\u00fczl\u00fck \u00fczerine incelikli bir roman.\u015eehrin tek \u00e7ocuk hastanesi\u2026 Hi\u00e7bir \u00e7ocu\u011fun \u00f6lmedi\u011fi bu mucize hastanenin mucize ba\u015fhekimi, belki de t\u00fcm zamanlar\u0131n en yaln\u0131z insan\u0131 Doktor<span class=\"excerpt-hellip\"> [\u2026]<\/span><\/p>\n","protected":false},"featured_media":0,"template":"","meta":{"_monsterinsights_skip_tracking":false,"_monsterinsights_sitenote_active":false,"_monsterinsights_sitenote_note":"","_monsterinsights_sitenote_category":0},"product_brand":[],"product_cat":[12291,12711],"product_tag":[],"class_list":{"0":"post-746684","1":"product","2":"type-product","3":"status-publish","5":"product_cat-edebiyat","6":"product_cat-roman-oyku","7":"pa_cilt-ciltsiz","8":"pa_tur-kitap","9":"pa_yayinevi-cinar-yayinlari","10":"pa_yazar-bedia-ceylan-guzelce","12":"first","13":"instock","14":"sale","15":"shipping-taxable","16":"purchasable","17":"product-type-simple"},"_links":{"self":[{"href":"https:\/\/roveyayinevi.com.tr\/index.php\/wp-json\/wp\/v2\/product\/746684","targetHints":{"allow":["GET"]}}],"collection":[{"href":"https:\/\/roveyayinevi.com.tr\/index.php\/wp-json\/wp\/v2\/product"}],"about":[{"href":"https:\/\/roveyayinevi.com.tr\/index.php\/wp-json\/wp\/v2\/types\/product"}],"wp:attachment":[{"href":"https:\/\/roveyayinevi.com.tr\/index.php\/wp-json\/wp\/v2\/media?parent=746684"}],"wp:term":[{"taxonomy":"product_brand","embeddable":true,"href":"https:\/\/roveyayinevi.com.tr\/index.php\/wp-json\/wp\/v2\/product_brand?post=746684"},{"taxonomy":"product_cat","embeddable":true,"href":"https:\/\/roveyayinevi.com.tr\/index.php\/wp-json\/wp\/v2\/product_cat?post=746684"},{"taxonomy":"product_tag","embeddable":true,"href":"https:\/\/roveyayinevi.com.tr\/index.php\/wp-json\/wp\/v2\/product_tag?post=746684"}],"curies":[{"name":"wp","href":"https:\/\/api.w.org\/{rel}","templated":true}]}}