{"id":746683,"date":"2025-08-28T02:48:22","date_gmt":"2025-08-27T23:48:22","guid":{"rendered":"https:\/\/roveyayinevi.com.tr\/index.php\/urun\/en-guzel-gun\/"},"modified":"2026-04-16T02:59:00","modified_gmt":"2026-04-15T23:59:00","slug":"en-guzel-gun","status":"publish","type":"product","link":"https:\/\/roveyayinevi.com.tr\/index.php\/urun\/en-guzel-gun\/","title":{"rendered":"En G\u00fczel G\u00fcn"},"content":{"rendered":"<p>Hi\u00e7bir ili\u015fki d\u0131\u015far\u0131dan g\u00f6r\u00fcnd\u00fc\u011f\u00fc kadar m\u00fckemmel de\u011fildir. Paul Strom\u2019un m\u00fckemmel bir hayat\u0131 var: Parlak bir kariyer, g\u00fczel bir e\u015f, iki sa\u011fl\u0131kl\u0131 erkek \u00e7ocuk, zengin bir banliy\u00f6de b\u00fcy\u00fck bir ev. \u00dcstelik o m\u00fckemmel bir koca\u2026   Paul, kar\u0131s\u0131 Mia\u2019yla birlikte g\u00f6l evlerinde romantik bir hafta sonu planlam\u0131\u015ft\u0131r. Ve o g\u00fcn, gelmi\u015f ge\u00e7mi\u015f \u201cen g\u00fczel g\u00fcn\u201d olacakt\u0131r. Ancak Paul ve Mia \u015fehirden \u00e7\u0131k\u0131p g\u00f6l evine do\u011fru ilerlerken, aralar\u0131nda bir gerilim ba\u015flar. Birbirlerine ne kadar g\u00fcveniyorlar? Evlilikleri d\u0131\u015far\u0131dan g\u00f6r\u00fcnd\u00fc\u011f\u00fc kadar m\u00fckemmel mi?En G\u00fczel G\u00fcn, yak\u0131nlar\u0131m\u0131z\u0131 ne kadar tan\u0131d\u0131\u011f\u0131m\u0131z\u0131 sorgulatan bir roman. Kaira Rouda, bir hayat\u0131 mahvedecek kadar karanl\u0131k, s\u00fcr\u00fckleyici, gergin bir aldatmaca ve ihanet hikayesi anlat\u0131yor. <\/p>\n","protected":false},"excerpt":{"rendered":"<p>Hi\u00e7bir ili\u015fki d\u0131\u015far\u0131dan g\u00f6r\u00fcnd\u00fc\u011f\u00fc kadar m\u00fckemmel de\u011fildir. Paul Strom\u2019un m\u00fckemmel bir hayat\u0131 var: Parlak bir kariyer, g\u00fczel bir e\u015f, iki sa\u011fl\u0131kl\u0131 erkek \u00e7ocuk, zengin bir banliy\u00f6de<span class=\"excerpt-hellip\"> [\u2026]<\/span><\/p>\n","protected":false},"featured_media":0,"template":"","meta":{"_monsterinsights_skip_tracking":false,"_monsterinsights_sitenote_active":false,"_monsterinsights_sitenote_note":"","_monsterinsights_sitenote_category":0},"product_brand":[],"product_cat":[12291,12711],"product_tag":[],"class_list":{"0":"post-746683","1":"product","2":"type-product","3":"status-publish","5":"product_cat-edebiyat","6":"product_cat-roman-oyku","7":"pa_cilt-ciltsiz","8":"pa_tur-kitap","9":"pa_yayinevi-cinar-yayinlari","10":"pa_yazar-kaira-rouda","12":"first","13":"instock","14":"sale","15":"shipping-taxable","16":"purchasable","17":"product-type-simple"},"_links":{"self":[{"href":"https:\/\/roveyayinevi.com.tr\/index.php\/wp-json\/wp\/v2\/product\/746683","targetHints":{"allow":["GET"]}}],"collection":[{"href":"https:\/\/roveyayinevi.com.tr\/index.php\/wp-json\/wp\/v2\/product"}],"about":[{"href":"https:\/\/roveyayinevi.com.tr\/index.php\/wp-json\/wp\/v2\/types\/product"}],"wp:attachment":[{"href":"https:\/\/roveyayinevi.com.tr\/index.php\/wp-json\/wp\/v2\/media?parent=746683"}],"wp:term":[{"taxonomy":"product_brand","embeddable":true,"href":"https:\/\/roveyayinevi.com.tr\/index.php\/wp-json\/wp\/v2\/product_brand?post=746683"},{"taxonomy":"product_cat","embeddable":true,"href":"https:\/\/roveyayinevi.com.tr\/index.php\/wp-json\/wp\/v2\/product_cat?post=746683"},{"taxonomy":"product_tag","embeddable":true,"href":"https:\/\/roveyayinevi.com.tr\/index.php\/wp-json\/wp\/v2\/product_tag?post=746683"}],"curies":[{"name":"wp","href":"https:\/\/api.w.org\/{rel}","templated":true}]}}