{"id":746682,"date":"2025-08-28T02:48:20","date_gmt":"2025-08-27T23:48:20","guid":{"rendered":"https:\/\/roveyayinevi.com.tr\/index.php\/urun\/ayasli-ile-kiracilari-3\/"},"modified":"2026-04-16T02:59:00","modified_gmt":"2026-04-15T23:59:00","slug":"ayasli-ile-kiracilari-3","status":"publish","type":"product","link":"https:\/\/roveyayinevi.com.tr\/index.php\/urun\/ayasli-ile-kiracilari-3\/","title":{"rendered":"Aya\u015fl\u0131 ile Kirac\u0131lar\u0131"},"content":{"rendered":"<p>Memduh \u015eevket Esendal\u2019\u0131n ilk roman\u0131 Aya\u015fl\u0131 ile Kirac\u0131lar\u0131, ayn\u0131 zamanda yazar\u0131n, \u00fczerine en \u00e7ok konu\u015fulan eseridir. 1934 y\u0131l\u0131nda yay\u0131mlanan roman, okura yeni Cumhuriyet\u2019in ba\u015fkentinden insan manzaralar\u0131, toplumsal durumlar ve ilham verici \u00e7e\u015fitlilikte bir tipler galerisi sunar. Aya\u015fl\u0131 ile Kirac\u0131lar\u0131\u2019nda farkl\u0131 sosyal s\u0131n\u0131flardan bir\u00e7ok kahraman, \u00e7e\u015fitli zorluklardan \u00f6t\u00fcr\u00fc Aya\u015fl\u0131 \u0130brahim Bey\u2019in apartman\u0131nda bir araya gelir. Yerini yurdunu, ailesini, do\u011fup b\u00fcy\u00fcd\u00fc\u011f\u00fc topraklar\u0131 terk ederek Cumhuriyet ba\u015fkentinde kendilerine yeni bir hayat arayan bu insanlar, \u00f6nlerine \u00e7\u0131kan t\u00fcm f\u0131rsatlar\u0131 de\u011ferlendirmek isterlerken savrulacak, ortaya giderek daha da \u00e7etrefil bir tablo \u00e7\u0131kacakt\u0131r. Aya\u015fl\u0131\u2019n\u0131n apartman\u0131nda bir araya gelen kimi \u015fof\u00f6r kimi memur, kimi bankac\u0131 kimi kumarbaz bunca insan, bir yandan kendi g\u00fcndelik hayatlar\u0131na devam ederken bir yandan \u00e7evrelerindekileri de de\u011fi\u015fmeye, kendileriyle birlikte farkl\u0131la\u015fmaya \u00e7a\u011f\u0131racakt\u0131r. Aya\u015fl\u0131 ile Kirac\u0131lar\u0131, t\u0131pk\u0131 yazar\u0131n di\u011fer metinlerinde oldu\u011fu gibi bireyden topluma do\u011fru hareket eden, bu s\u00fcre zarf\u0131nda toplumun t\u00fcm kesimlerini i\u015fin i\u00e7erisine d\u00e2hil eden bir eserdir.   <\/p>\n","protected":false},"excerpt":{"rendered":"<p>Memduh \u015eevket Esendal\u2019\u0131n ilk roman\u0131 Aya\u015fl\u0131 ile Kirac\u0131lar\u0131, ayn\u0131 zamanda yazar\u0131n, \u00fczerine en \u00e7ok konu\u015fulan eseridir. 1934 y\u0131l\u0131nda yay\u0131mlanan roman, okura yeni Cumhuriyet\u2019in ba\u015fkentinden insan manzaralar\u0131,<span class=\"excerpt-hellip\"> [\u2026]<\/span><\/p>\n","protected":false},"featured_media":0,"template":"","meta":{"_monsterinsights_skip_tracking":false,"_monsterinsights_sitenote_active":false,"_monsterinsights_sitenote_note":"","_monsterinsights_sitenote_category":0},"product_brand":[],"product_cat":[12291,12711],"product_tag":[],"class_list":{"0":"post-746682","1":"product","2":"type-product","3":"status-publish","5":"product_cat-edebiyat","6":"product_cat-roman-oyku","7":"pa_cilt-ciltsiz","8":"pa_tur-kitap","9":"pa_yayinevi-ketebe-yayinlari","10":"pa_yazar-memduh-sevket-esendal","12":"first","13":"instock","14":"sale","15":"shipping-taxable","16":"purchasable","17":"product-type-simple"},"_links":{"self":[{"href":"https:\/\/roveyayinevi.com.tr\/index.php\/wp-json\/wp\/v2\/product\/746682","targetHints":{"allow":["GET"]}}],"collection":[{"href":"https:\/\/roveyayinevi.com.tr\/index.php\/wp-json\/wp\/v2\/product"}],"about":[{"href":"https:\/\/roveyayinevi.com.tr\/index.php\/wp-json\/wp\/v2\/types\/product"}],"wp:attachment":[{"href":"https:\/\/roveyayinevi.com.tr\/index.php\/wp-json\/wp\/v2\/media?parent=746682"}],"wp:term":[{"taxonomy":"product_brand","embeddable":true,"href":"https:\/\/roveyayinevi.com.tr\/index.php\/wp-json\/wp\/v2\/product_brand?post=746682"},{"taxonomy":"product_cat","embeddable":true,"href":"https:\/\/roveyayinevi.com.tr\/index.php\/wp-json\/wp\/v2\/product_cat?post=746682"},{"taxonomy":"product_tag","embeddable":true,"href":"https:\/\/roveyayinevi.com.tr\/index.php\/wp-json\/wp\/v2\/product_tag?post=746682"}],"curies":[{"name":"wp","href":"https:\/\/api.w.org\/{rel}","templated":true}]}}