{"id":746680,"date":"2025-08-28T02:48:17","date_gmt":"2025-08-27T23:48:17","guid":{"rendered":"https:\/\/roveyayinevi.com.tr\/index.php\/urun\/insan-nasil-insan-oldu-2\/"},"modified":"2026-04-16T02:59:00","modified_gmt":"2026-04-15T23:59:00","slug":"insan-nasil-insan-oldu-2","status":"publish","type":"product","link":"https:\/\/roveyayinevi.com.tr\/index.php\/urun\/insan-nasil-insan-oldu-2\/","title":{"rendered":"\u0130nsan Nas\u0131l \u0130nsan Oldu?"},"content":{"rendered":"<p>\u0130nsan, insan oldu\u011fundan beri, en temel meselesini olu\u015fturan o soruyu sorar: \u201cBen kimim ve nas\u0131l bu h\u00e2li ald\u0131m?\u201d Yeryu\u0308zu\u0308nde hi\u00e7 kimse s\u00f6z konusu soruya geride ba\u015fka bir soru(n) kalmayacak \u015fekilde net cevap vermez, veremez\u2026 B\u00f6ylelikle insan\u0131n, bu esrarl\u0131 evrende bir s\u0131r olarak kalmas\u0131, varolu\u015funun en temel dinami\u011fini olu\u015fturur. Hayat\u0131n imtihan olmas\u0131 biraz da bu s\u0131rr\u0131n s\u0131r olarak kalmas\u0131na ba\u011fl\u0131 de\u011fil midir? el-Fus\u00fbl fi\u2019l-Es\u2019ile ve\u2019l-Ecvibe\u2019de Gazz\u00e2li, insan ruhu ve onun bedenle ili\u015fkisi \u00e7er\u00e7evesinde kendisine y\u00f6neltilen yedi soruyu cevapl\u0131yor. Sorular\u0131n temelinde Kur\u2019\u00e2n\u2019da insan\u0131n yarat\u0131l\u0131\u015f su\u0308recine temas eden, \u201cruh\u201d ve onun bedene yans\u0131t\u0131lma \u015fekli olan \u201cnefh\u201d ile ilgili \u00e2yetler bulunuyor. Gazz\u00e2li\u2019nin Kel\u00e2m-\u0131 Kadim\u2019den hareketle getirdi\u011fi cevaplar, onun felsef\u00ee-kel\u00e2m\u00ee ve tasavvuf\u00ee du\u0308\u015fu\u0308ncesini deklare etmesi a\u00e7\u0131s\u0131ndan da ayr\u0131ca dikkat \u00e7ekici. \u0130nsanl\u0131\u011f\u0131n en kadim ve de\u011fi\u015fmez sorular\u0131na cevab-\u0131 sevaplar sunan bu ku\u0308\u00e7u\u0308k risale, insan ve kozmosun manevi \u00f6zu\u0308ne \u0131\u015f\u0131k tutuyor. <\/p>\n","protected":false},"excerpt":{"rendered":"<p>\u0130nsan, insan oldu\u011fundan beri, en temel meselesini olu\u015fturan o soruyu sorar: \u201cBen kimim ve nas\u0131l bu h\u00e2li ald\u0131m?\u201d Yeryu\u0308zu\u0308nde hi\u00e7 kimse s\u00f6z konusu soruya geride ba\u015fka<span class=\"excerpt-hellip\"> [\u2026]<\/span><\/p>\n","protected":false},"featured_media":0,"template":"","meta":{"_monsterinsights_skip_tracking":false,"_monsterinsights_sitenote_active":false,"_monsterinsights_sitenote_note":"","_monsterinsights_sitenote_category":0},"product_brand":[],"product_cat":[12718,12719,15238],"product_tag":[],"class_list":{"0":"post-746680","1":"product","2":"type-product","3":"status-publish","5":"product_cat-din","6":"product_cat-islam","7":"product_cat-tasavvuf","8":"pa_cilt-ciltsiz","9":"pa_tur-kitap","10":"pa_yayinevi-ketebe-yayinlari","11":"pa_yazar-imam-gazzali","13":"first","14":"instock","15":"sale","16":"shipping-taxable","17":"purchasable","18":"product-type-simple"},"_links":{"self":[{"href":"https:\/\/roveyayinevi.com.tr\/index.php\/wp-json\/wp\/v2\/product\/746680","targetHints":{"allow":["GET"]}}],"collection":[{"href":"https:\/\/roveyayinevi.com.tr\/index.php\/wp-json\/wp\/v2\/product"}],"about":[{"href":"https:\/\/roveyayinevi.com.tr\/index.php\/wp-json\/wp\/v2\/types\/product"}],"wp:attachment":[{"href":"https:\/\/roveyayinevi.com.tr\/index.php\/wp-json\/wp\/v2\/media?parent=746680"}],"wp:term":[{"taxonomy":"product_brand","embeddable":true,"href":"https:\/\/roveyayinevi.com.tr\/index.php\/wp-json\/wp\/v2\/product_brand?post=746680"},{"taxonomy":"product_cat","embeddable":true,"href":"https:\/\/roveyayinevi.com.tr\/index.php\/wp-json\/wp\/v2\/product_cat?post=746680"},{"taxonomy":"product_tag","embeddable":true,"href":"https:\/\/roveyayinevi.com.tr\/index.php\/wp-json\/wp\/v2\/product_tag?post=746680"}],"curies":[{"name":"wp","href":"https:\/\/api.w.org\/{rel}","templated":true}]}}