{"id":746679,"date":"2025-08-28T02:48:15","date_gmt":"2025-08-27T23:48:15","guid":{"rendered":"https:\/\/roveyayinevi.com.tr\/index.php\/urun\/kemal-tahirin-entelektuel-portresi\/"},"modified":"2026-04-16T02:59:00","modified_gmt":"2026-04-15T23:59:00","slug":"kemal-tahirin-entelektuel-portresi","status":"publish","type":"product","link":"https:\/\/roveyayinevi.com.tr\/index.php\/urun\/kemal-tahirin-entelektuel-portresi\/","title":{"rendered":"Kemal Tahir\u2019in Entelekt\u00fcel Portresi"},"content":{"rendered":"<p>Kemal Tahir, romanlar\u0131yla okuyucusunu tarihsel, siyasi ve toplumsal boyutlar\u0131 itibariyle son derece geni\u015f, \u00e7ok katmanl\u0131 ve \u00e7ok sesli bir d\u00fcnyaya g\u00f6t\u00fcr\u00fcr. \u0130lk bak\u0131\u015fta salt bir romanc\u0131 gibi g\u00f6r\u00fcnse de, asl\u0131nda b\u00fct\u00fcn iyi romanc\u0131lar gibi sosyal bilimlerin birden fazla sahas\u0131na hakim, disiplinleraras\u0131 ara\u015ft\u0131rmalar yapan bir entelekt\u00fceldir. T\u00fcrkiye\u2019nin tarihsel geli\u015fimi, toplumsal yap\u0131s\u0131 ve somut \u015fartlar\u0131n\u0131 esas ald\u0131\u011f\u0131 incelemelerinin sonu\u00e7lar\u0131n\u0131 romanlar\u0131nda ba\u011f\u0131ms\u0131z ve \u00f6zg\u00fcn bir bi\u00e7imde tart\u0131\u015f\u0131r. T\u00fcrkiye\u2019de sosyoloji, d\u00fc\u015f\u00fcnce ve sinema tarihi alanlar\u0131n\u0131n \u00f6nde gelen ismi Kurtulu\u015f Kayal\u0131, 1974-2021 y\u0131llar\u0131 aras\u0131nda Kemal Tahir \u00fczerine yazd\u0131klar\u0131n\u0131 bu kitapta bir araya getiriyor. Kemal Tahir romanlar\u0131n\u0131n arka plan\u0131ndaki entelekt\u00fcel derinli\u011fi, tarihsel sosyoloji yakla\u015f\u0131m\u0131n\u0131, T\u00fcrk edebiyat\u0131na ve d\u00fc\u015f\u00fcncesine katk\u0131s\u0131n\u0131 son derece titiz bir bi\u00e7imde ortaya koyuyor.<\/p>\n","protected":false},"excerpt":{"rendered":"<p>Kemal Tahir, romanlar\u0131yla okuyucusunu tarihsel, siyasi ve toplumsal boyutlar\u0131 itibariyle son derece geni\u015f, \u00e7ok katmanl\u0131 ve \u00e7ok sesli bir d\u00fcnyaya g\u00f6t\u00fcr\u00fcr. \u0130lk bak\u0131\u015fta salt bir romanc\u0131<span class=\"excerpt-hellip\"> [\u2026]<\/span><\/p>\n","protected":false},"featured_media":0,"template":"","meta":{"_monsterinsights_skip_tracking":false,"_monsterinsights_sitenote_active":false,"_monsterinsights_sitenote_note":"","_monsterinsights_sitenote_category":0},"product_brand":[],"product_cat":[12777,12291],"product_tag":[],"class_list":{"0":"post-746679","1":"product","2":"type-product","3":"status-publish","5":"product_cat-deneme","6":"product_cat-edebiyat","7":"pa_cilt-ciltsiz","8":"pa_tur-kitap","9":"pa_yayinevi-ketebe-yayinlari","10":"pa_yazar-kurtulus-kayali","12":"first","13":"instock","14":"sale","15":"shipping-taxable","16":"purchasable","17":"product-type-simple"},"_links":{"self":[{"href":"https:\/\/roveyayinevi.com.tr\/index.php\/wp-json\/wp\/v2\/product\/746679","targetHints":{"allow":["GET"]}}],"collection":[{"href":"https:\/\/roveyayinevi.com.tr\/index.php\/wp-json\/wp\/v2\/product"}],"about":[{"href":"https:\/\/roveyayinevi.com.tr\/index.php\/wp-json\/wp\/v2\/types\/product"}],"wp:attachment":[{"href":"https:\/\/roveyayinevi.com.tr\/index.php\/wp-json\/wp\/v2\/media?parent=746679"}],"wp:term":[{"taxonomy":"product_brand","embeddable":true,"href":"https:\/\/roveyayinevi.com.tr\/index.php\/wp-json\/wp\/v2\/product_brand?post=746679"},{"taxonomy":"product_cat","embeddable":true,"href":"https:\/\/roveyayinevi.com.tr\/index.php\/wp-json\/wp\/v2\/product_cat?post=746679"},{"taxonomy":"product_tag","embeddable":true,"href":"https:\/\/roveyayinevi.com.tr\/index.php\/wp-json\/wp\/v2\/product_tag?post=746679"}],"curies":[{"name":"wp","href":"https:\/\/api.w.org\/{rel}","templated":true}]}}