{"id":746678,"date":"2025-08-28T02:48:14","date_gmt":"2025-08-27T23:48:14","guid":{"rendered":"https:\/\/roveyayinevi.com.tr\/index.php\/urun\/2-numarali-muhimme-i-mektume-defterinin-61-90-sayfalarinin-incelenmesi-h-1209-1210-m-1794-1795\/"},"modified":"2026-04-16T02:59:00","modified_gmt":"2026-04-15T23:59:00","slug":"2-numarali-muhimme-i-mektume-defterinin-61-90-sayfalarinin-incelenmesi-h-1209-1210-m-1794-1795","status":"publish","type":"product","link":"https:\/\/roveyayinevi.com.tr\/index.php\/urun\/2-numarali-muhimme-i-mektume-defterinin-61-90-sayfalarinin-incelenmesi-h-1209-1210-m-1794-1795\/","title":{"rendered":"2 numaral\u0131 M\u00fchimme-i Mekt\u00fbme Defterinin 61-90 Sayfalar\u0131n\u0131n  \u0130ncelenmesi (H.1209-1210\/M.1794-1795)"},"content":{"rendered":"<p>Merkez Te\u015fkilat\u0131\u2019n\u0131n Gizli Belgelerine Ait Bir Hukuk \u00d6rne\u011fi: 2 numaral\u0131 M\u00fchimme-i Mekt\u00fbme Defterinin 61-90 Sayfalar\u0131n\u0131n \u0130ncelenmesi (H.1209-1210\/M.1794-1795) Tan\u0131t\u0131m Metni:<\/p>\n","protected":false},"excerpt":{"rendered":"<p>Merkez Te\u015fkilat\u0131\u2019n\u0131n Gizli Belgelerine Ait Bir Hukuk \u00d6rne\u011fi: 2 numaral\u0131 M\u00fchimme-i Mekt\u00fbme Defterinin 61-90 Sayfalar\u0131n\u0131n \u0130ncelenmesi (H.1209-1210\/M.1794-1795) Tan\u0131t\u0131m Metni:<\/p>\n","protected":false},"featured_media":0,"template":"","meta":{"_monsterinsights_skip_tracking":false,"_monsterinsights_sitenote_active":false,"_monsterinsights_sitenote_note":"","_monsterinsights_sitenote_category":0},"product_brand":[],"product_cat":[12573,12566],"product_tag":[],"class_list":{"0":"post-746678","1":"product","2":"type-product","3":"status-publish","5":"product_cat-akademik-kitaplar","6":"product_cat-egitim","7":"pa_cilt-ciltsiz","8":"pa_tur-kitap","9":"pa_yayinevi-soncag-akademik-kitaplar","10":"pa_yazar-dr-songul-yilmaz-derin-prof-dr-ahmet-aksin","12":"first","13":"instock","14":"sale","15":"shipping-taxable","16":"purchasable","17":"product-type-simple"},"_links":{"self":[{"href":"https:\/\/roveyayinevi.com.tr\/index.php\/wp-json\/wp\/v2\/product\/746678","targetHints":{"allow":["GET"]}}],"collection":[{"href":"https:\/\/roveyayinevi.com.tr\/index.php\/wp-json\/wp\/v2\/product"}],"about":[{"href":"https:\/\/roveyayinevi.com.tr\/index.php\/wp-json\/wp\/v2\/types\/product"}],"wp:attachment":[{"href":"https:\/\/roveyayinevi.com.tr\/index.php\/wp-json\/wp\/v2\/media?parent=746678"}],"wp:term":[{"taxonomy":"product_brand","embeddable":true,"href":"https:\/\/roveyayinevi.com.tr\/index.php\/wp-json\/wp\/v2\/product_brand?post=746678"},{"taxonomy":"product_cat","embeddable":true,"href":"https:\/\/roveyayinevi.com.tr\/index.php\/wp-json\/wp\/v2\/product_cat?post=746678"},{"taxonomy":"product_tag","embeddable":true,"href":"https:\/\/roveyayinevi.com.tr\/index.php\/wp-json\/wp\/v2\/product_tag?post=746678"}],"curies":[{"name":"wp","href":"https:\/\/api.w.org\/{rel}","templated":true}]}}