{"id":746676,"date":"2025-08-28T02:48:12","date_gmt":"2025-08-27T23:48:12","guid":{"rendered":"https:\/\/roveyayinevi.com.tr\/index.php\/urun\/medyatik-siddet\/"},"modified":"2026-04-16T02:59:00","modified_gmt":"2026-04-15T23:59:00","slug":"medyatik-siddet","status":"publish","type":"product","link":"https:\/\/roveyayinevi.com.tr\/index.php\/urun\/medyatik-siddet\/","title":{"rendered":"Medyatik \u015eiddet"},"content":{"rendered":"<p>20 Temmuz 2012\u2019de 25 ya\u015f\u0131ndaki James Holmes isimli katil, Aurora Colorado\u2019da bulunan bir sinema salonunda, b\u00fcy\u00fck ba\u015far\u0131 g\u00f6steren Batman \u00fc\u00e7lemesinin son filmi olan \u2018The Dark Knight Rises\u2019 adl\u0131 filmin gece yar\u0131s\u0131 pr\u00f6miyerine girdi. 12 ki\u015fiyi vurarak \u00f6ld\u00fcrd\u00fc, 70 ki\u015fiyi de yaralad\u0131. Katil eylem yaparken kafas\u0131na bir peruk takm\u0131\u015f ve sa\u00e7lar\u0131n\u0131 filmin k\u00f6t\u00fc karakterine benzer \u015fekilde boyatm\u0131\u015ft\u0131, insanlar\u0131 \u00f6ld\u00fcr\u00fcrken bir yandan da \u201cben jokerim\u201d diye ba\u011f\u0131r\u0131yordu. 1994 y\u0131l\u0131nda 14 ya\u015f\u0131ndaki bir \u00e7ocuk 13 ya\u015f\u0131ndaki bir k\u0131z\u0131n kafas\u0131n\u0131 kesmekle su\u00e7land\u0131. \u00c7ocuk polise \u201cdo\u011fu\u015ftan katiller\u201d gibi \u00fcnl\u00fc olmak istedi\u011fini s\u00f6yledi. Salt Lake City\u2019de 17 ya\u015f\u0131ndaki NBK hayran\u0131 Nathan Martinez, filmin kahraman\u0131 Micky Knox gibi renkli yuvarlak g\u00fcne\u015f g\u00f6zl\u00fc\u011f\u00fc takt\u0131 ve kafas\u0131n\u0131 onun gibi t\u0131ra\u015f etti, \u00fcvey annesini vurdu. \u0130fadesinde 10 ya\u015f\u0131ndaki k\u0131z karde\u015fini de annesi olmadan hayat\u0131n\u0131n nas\u0131l olaca\u011f\u0131n\u0131 d\u00fc\u015f\u00fcnd\u00fc\u011f\u00fc i\u00e7in \u00f6ld\u00fcrd\u00fc\u011f\u00fcn\u00fc s\u00f6yledi. \u00dcvey annesi i\u00e7inde \u201cLaura iyi bir insand\u0131 ve onunla bir sorunum da yoktu, b\u00f6yle bir \u015fey yapmay\u0131 hi\u00e7 planlamam\u0131\u015ft\u0131m\u201d s\u00f6zlerini kulland\u0131. <\/p>\n","protected":false},"excerpt":{"rendered":"<p>20 Temmuz 2012\u2019de 25 ya\u015f\u0131ndaki James Holmes isimli katil, Aurora Colorado\u2019da bulunan bir sinema salonunda, b\u00fcy\u00fck ba\u015far\u0131 g\u00f6steren Batman \u00fc\u00e7lemesinin son filmi olan \u2018The Dark Knight<span class=\"excerpt-hellip\"> [\u2026]<\/span><\/p>\n","protected":false},"featured_media":0,"template":"","meta":{"_monsterinsights_skip_tracking":false,"_monsterinsights_sitenote_active":false,"_monsterinsights_sitenote_note":"","_monsterinsights_sitenote_category":0},"product_brand":[],"product_cat":[12777,12291],"product_tag":[],"class_list":{"0":"post-746676","1":"product","2":"type-product","3":"status-publish","5":"product_cat-deneme","6":"product_cat-edebiyat","7":"pa_cilt-ciltsiz","8":"pa_tur-kitap","9":"pa_yayinevi-platanus-publishing","10":"pa_yazar-mustafa-gokgoz","12":"first","13":"instock","14":"sale","15":"shipping-taxable","16":"purchasable","17":"product-type-simple"},"_links":{"self":[{"href":"https:\/\/roveyayinevi.com.tr\/index.php\/wp-json\/wp\/v2\/product\/746676","targetHints":{"allow":["GET"]}}],"collection":[{"href":"https:\/\/roveyayinevi.com.tr\/index.php\/wp-json\/wp\/v2\/product"}],"about":[{"href":"https:\/\/roveyayinevi.com.tr\/index.php\/wp-json\/wp\/v2\/types\/product"}],"wp:attachment":[{"href":"https:\/\/roveyayinevi.com.tr\/index.php\/wp-json\/wp\/v2\/media?parent=746676"}],"wp:term":[{"taxonomy":"product_brand","embeddable":true,"href":"https:\/\/roveyayinevi.com.tr\/index.php\/wp-json\/wp\/v2\/product_brand?post=746676"},{"taxonomy":"product_cat","embeddable":true,"href":"https:\/\/roveyayinevi.com.tr\/index.php\/wp-json\/wp\/v2\/product_cat?post=746676"},{"taxonomy":"product_tag","embeddable":true,"href":"https:\/\/roveyayinevi.com.tr\/index.php\/wp-json\/wp\/v2\/product_tag?post=746676"}],"curies":[{"name":"wp","href":"https:\/\/api.w.org\/{rel}","templated":true}]}}