{"id":746675,"date":"2025-08-28T02:48:10","date_gmt":"2025-08-27T23:48:10","guid":{"rendered":"https:\/\/roveyayinevi.com.tr\/index.php\/urun\/bir-kalbe-atilan-adim-asik-adam\/"},"modified":"2026-04-16T02:58:59","modified_gmt":"2026-04-15T23:58:59","slug":"bir-kalbe-atilan-adim-asik-adam","status":"publish","type":"product","link":"https:\/\/roveyayinevi.com.tr\/index.php\/urun\/bir-kalbe-atilan-adim-asik-adam\/","title":{"rendered":"\u2018Bir Kalbe At\u0131lan Ad\u0131m\u2019 A\u015f\u0131k Adam"},"content":{"rendered":"<p>Hayat ne garip birini seviyorsun a\u015f\u0131k oluyorsun o seni sevmiyor unut diyor sen unutam\u0131yorsun \u015fu an da bu sat\u0131rlar\u0131 yazarken 18 ya\u015f\u0131mday\u0131m onu g\u00f6rd\u00fc\u011f\u00fcmde 13 ya\u015f\u0131mdayd\u0131m. Bir daha ne zaman havaland\u0131raca\u011f\u0131m bu sayfalar\u0131 bilmiyorum belki gelecek belki hi\u00e7 olmayacak yan\u0131mda belki de her g\u00fcn\u00fcm beraber ge\u00e7ecek zamanla&#8230; Kalbimdeki g\u00fcne\u015f Elimdeki sevgi Varl\u0131\u011f\u0131n bar\u0131\u015f yoklu\u011fun Sava\u015f gibi Edebiye sevdim seni R\u00fcyalarda anlat\u0131rd\u0131m hep seni\u2026 <\/p>\n","protected":false},"excerpt":{"rendered":"<p>Hayat ne garip birini seviyorsun a\u015f\u0131k oluyorsun o seni sevmiyor unut diyor sen unutam\u0131yorsun \u015fu an da bu sat\u0131rlar\u0131 yazarken 18 ya\u015f\u0131mday\u0131m onu g\u00f6rd\u00fc\u011f\u00fcmde 13 ya\u015f\u0131mdayd\u0131m.<span class=\"excerpt-hellip\"> [\u2026]<\/span><\/p>\n","protected":false},"featured_media":0,"template":"","meta":{"_monsterinsights_skip_tracking":false,"_monsterinsights_sitenote_active":false,"_monsterinsights_sitenote_note":"","_monsterinsights_sitenote_category":0},"product_brand":[],"product_cat":[12291,12509],"product_tag":[],"class_list":{"0":"post-746675","1":"product","2":"type-product","3":"status-publish","5":"product_cat-edebiyat","6":"product_cat-siir","7":"pa_cilt-ciltsiz","8":"pa_tur-kitap","9":"pa_yayinevi-platanus-publishing","10":"pa_yazar-seddar-kerim-kisa","12":"first","13":"instock","14":"sale","15":"shipping-taxable","16":"purchasable","17":"product-type-simple"},"_links":{"self":[{"href":"https:\/\/roveyayinevi.com.tr\/index.php\/wp-json\/wp\/v2\/product\/746675","targetHints":{"allow":["GET"]}}],"collection":[{"href":"https:\/\/roveyayinevi.com.tr\/index.php\/wp-json\/wp\/v2\/product"}],"about":[{"href":"https:\/\/roveyayinevi.com.tr\/index.php\/wp-json\/wp\/v2\/types\/product"}],"wp:attachment":[{"href":"https:\/\/roveyayinevi.com.tr\/index.php\/wp-json\/wp\/v2\/media?parent=746675"}],"wp:term":[{"taxonomy":"product_brand","embeddable":true,"href":"https:\/\/roveyayinevi.com.tr\/index.php\/wp-json\/wp\/v2\/product_brand?post=746675"},{"taxonomy":"product_cat","embeddable":true,"href":"https:\/\/roveyayinevi.com.tr\/index.php\/wp-json\/wp\/v2\/product_cat?post=746675"},{"taxonomy":"product_tag","embeddable":true,"href":"https:\/\/roveyayinevi.com.tr\/index.php\/wp-json\/wp\/v2\/product_tag?post=746675"}],"curies":[{"name":"wp","href":"https:\/\/api.w.org\/{rel}","templated":true}]}}