{"id":746674,"date":"2025-08-28T02:48:09","date_gmt":"2025-08-27T23:48:09","guid":{"rendered":"https:\/\/roveyayinevi.com.tr\/index.php\/urun\/anne-baba-lutfen-bana-kizma\/"},"modified":"2026-04-16T02:58:59","modified_gmt":"2026-04-15T23:58:59","slug":"anne-baba-lutfen-bana-kizma","status":"publish","type":"product","link":"https:\/\/roveyayinevi.com.tr\/index.php\/urun\/anne-baba-lutfen-bana-kizma\/","title":{"rendered":"Anne Baba L\u00fctfen Bana K\u0131zma"},"content":{"rendered":"<p>Anne Baba L\u00fctfen Beni Anla kitab\u0131n\u0131n yazarlar\u0131ndan yepyeni bir ba\u015f ucu kitab\u0131 daha\u2026 Anne Baba L\u00fctfen Bana K\u0131zma   \u00c7ocuklarla do\u011fru ileti\u015fim kurmak ve s\u00f6z dinleyen, sakin, mutlu, ba\u015far\u0131l\u0131 k\u00fc\u00e7\u00fck insanlar yeti\u015ftirmek herkesin hayali. \u00d6te yandan ba\u015fta teknoloji olmak \u00fczere y\u00fczlerce uyaran taraf\u0131ndan \u00e2deta ku\u015fat\u0131ld\u0131\u011f\u0131m\u0131z bu yeni d\u00fcnyada \u00e7ocuk b\u00fcy\u00fctmek kesinlikle pek de hayallerdeki gibi de\u011fil! \u00d6zellikle de \u00e7ocuklara hatalar\u0131n\u0131 telafi etmenin yollar\u0131n\u0131 \u00f6\u011fretmek, bitmek bilmeyen akran ya da karde\u015f kavgalar\u0131n\u0131 \u00e7\u00f6zmek, ev \u00f6devi sava\u015flar\u0131n\u0131 kazanmak gibi zorlu konular\u0131n \u00fcstesinden gelmek zorunda oldu\u011funuzda\u2026 T\u00fcm bunlar\u0131 onlar\u0131n hassas psikolojilerine zarar vermeden yapman\u0131z gerekti\u011fini de unutmayal\u0131m! Kula\u011fa yorucu geliyor, de\u011fil mi? T\u00fcm bu heng\u00e2me ve ak\u0131lda tutulmas\u0131 gereken onca kural aras\u0131nda iyi ebeveyn olma sava\u015f\u0131 verirken, kurabiyesi k\u0131r\u0131ld\u0131\u011f\u0131 i\u00e7in d\u00fcnyan\u0131n sonu gelmi\u015f\u00e7esine a\u011flayan bir \u00e7ocukla sinirlerinize h\u00e2kim olmak da bir o kadar zor\u2026 Yine de \u015fimdi derin bir nefes al\u0131n \u00e7\u00fcnk\u00fc yaln\u0131z de\u011filsiniz ve ebeveynlik yolculu\u011funuz boyunca kar\u015f\u0131la\u015fabilece\u011finiz t\u00fcm sorunlar\u0131, hatta en zor konular\u0131 bile sevgi ve sayg\u0131 \u00e7er\u00e7evesinde \u00e7\u00f6zebilmenin bir\u00e7ok yolu var. \u00dcnl\u00fc ebeveyn ko\u00e7lar\u0131 Joanna Faber ve Julie King\u2019e kulak verin yeter! Ger\u00e7ekten ya\u015fanm\u0131\u015f ebeveyn hik\u00e2yeleriyle ve ger\u00e7ek sorunlara yine ger\u00e7ek\u00e7i \u00e7\u00f6z\u00fcmlerle dopdolu bir kitap olan Anne Baba L\u00fctfen Bana K\u0131zma, sadece ebeveynler i\u00e7in de\u011fil b\u00fcy\u00fckanneler, b\u00fcy\u00fckbabalar, \u00f6\u011fretmenler, k\u0131sacas\u0131 \u00e7ocuklarla ileti\u015fimde olan herkes i\u00e7in ger\u00e7ek bir yol g\u00f6sterici. \u201cBu kitap kesinlikle \u00e7ok daha iyi bir ebeveyn olmam\u0131 sa\u011flad\u0131.\u201d Lydia Kiesling -The New York Times <\/p>\n","protected":false},"excerpt":{"rendered":"<p>Anne Baba L\u00fctfen Beni Anla kitab\u0131n\u0131n yazarlar\u0131ndan yepyeni bir ba\u015f ucu kitab\u0131 daha\u2026 Anne Baba L\u00fctfen Bana K\u0131zma \u00c7ocuklarla do\u011fru ileti\u015fim kurmak ve s\u00f6z dinleyen, sakin,<span class=\"excerpt-hellip\"> [\u2026]<\/span><\/p>\n","protected":false},"featured_media":0,"template":"","meta":{"_monsterinsights_skip_tracking":false,"_monsterinsights_sitenote_active":false,"_monsterinsights_sitenote_note":"","_monsterinsights_sitenote_category":0},"product_brand":[],"product_cat":[12831,12324],"product_tag":[],"class_list":{"0":"post-746674","1":"product","2":"type-product","3":"status-publish","5":"product_cat-aile-ve-cocuk","6":"product_cat-sosyoloji","7":"pa_cilt-ciltsiz","8":"pa_tur-kitap","9":"pa_yayinevi-beyaz-balina-yayinlari","10":"pa_yazar-julie-king-joanna-faber","12":"first","13":"instock","14":"sale","15":"shipping-taxable","16":"purchasable","17":"product-type-simple"},"_links":{"self":[{"href":"https:\/\/roveyayinevi.com.tr\/index.php\/wp-json\/wp\/v2\/product\/746674","targetHints":{"allow":["GET"]}}],"collection":[{"href":"https:\/\/roveyayinevi.com.tr\/index.php\/wp-json\/wp\/v2\/product"}],"about":[{"href":"https:\/\/roveyayinevi.com.tr\/index.php\/wp-json\/wp\/v2\/types\/product"}],"wp:attachment":[{"href":"https:\/\/roveyayinevi.com.tr\/index.php\/wp-json\/wp\/v2\/media?parent=746674"}],"wp:term":[{"taxonomy":"product_brand","embeddable":true,"href":"https:\/\/roveyayinevi.com.tr\/index.php\/wp-json\/wp\/v2\/product_brand?post=746674"},{"taxonomy":"product_cat","embeddable":true,"href":"https:\/\/roveyayinevi.com.tr\/index.php\/wp-json\/wp\/v2\/product_cat?post=746674"},{"taxonomy":"product_tag","embeddable":true,"href":"https:\/\/roveyayinevi.com.tr\/index.php\/wp-json\/wp\/v2\/product_tag?post=746674"}],"curies":[{"name":"wp","href":"https:\/\/api.w.org\/{rel}","templated":true}]}}