{"id":746670,"date":"2025-08-28T02:48:04","date_gmt":"2025-08-27T23:48:04","guid":{"rendered":"https:\/\/roveyayinevi.com.tr\/index.php\/urun\/ilk-satranc-kitabim\/"},"modified":"2026-04-16T02:58:59","modified_gmt":"2026-04-15T23:58:59","slug":"ilk-satranc-kitabim","status":"publish","type":"product","link":"https:\/\/roveyayinevi.com.tr\/index.php\/urun\/ilk-satranc-kitabim\/","title":{"rendered":"\u0130lk Satran\u00e7 Kitab\u0131m"},"content":{"rendered":"<p>SATRAN\u00c7, d\u00fcnyan\u0131n en eski ve en g\u00fczel oyunlar\u0131ndan biri. Bu kitapla satran\u00e7 tahtas\u0131n\u0131 ve ta\u015flar\u0131n\u0131 tan\u0131yacak, temel kurallar hakk\u0131nda bilgi edineceksin. Satranca e\u011flenceli bir giri\u015f yapmak isteyen minikler, \u0130lk Satran\u00e7 Kitab\u0131m\u2019\u0131 \u00e7ok sevecek! <\/p>\n","protected":false},"excerpt":{"rendered":"<p>SATRAN\u00c7, d\u00fcnyan\u0131n en eski ve en g\u00fczel oyunlar\u0131ndan biri. Bu kitapla satran\u00e7 tahtas\u0131n\u0131 ve ta\u015flar\u0131n\u0131 tan\u0131yacak, temel kurallar hakk\u0131nda bilgi edineceksin. Satranca e\u011flenceli bir giri\u015f yapmak<span class=\"excerpt-hellip\"> [\u2026]<\/span><\/p>\n","protected":false},"featured_media":0,"template":"","meta":{"_monsterinsights_skip_tracking":false,"_monsterinsights_sitenote_active":false,"_monsterinsights_sitenote_note":"","_monsterinsights_sitenote_category":0},"product_brand":[],"product_cat":[12274,12518],"product_tag":[],"class_list":{"0":"post-746670","1":"product","2":"type-product","3":"status-publish","5":"product_cat-cocuk-ve-genclik-kitaplari","6":"product_cat-okul-oncesi-kitaplar","7":"pa_cilt-ciltsiz","8":"pa_tur-kitap","9":"pa_yayinevi-is-bankasi-kultur-yayinlari","10":"pa_yazar-gonca-mine-celik","12":"first","13":"instock","14":"sale","15":"shipping-taxable","16":"purchasable","17":"product-type-simple"},"_links":{"self":[{"href":"https:\/\/roveyayinevi.com.tr\/index.php\/wp-json\/wp\/v2\/product\/746670","targetHints":{"allow":["GET"]}}],"collection":[{"href":"https:\/\/roveyayinevi.com.tr\/index.php\/wp-json\/wp\/v2\/product"}],"about":[{"href":"https:\/\/roveyayinevi.com.tr\/index.php\/wp-json\/wp\/v2\/types\/product"}],"wp:attachment":[{"href":"https:\/\/roveyayinevi.com.tr\/index.php\/wp-json\/wp\/v2\/media?parent=746670"}],"wp:term":[{"taxonomy":"product_brand","embeddable":true,"href":"https:\/\/roveyayinevi.com.tr\/index.php\/wp-json\/wp\/v2\/product_brand?post=746670"},{"taxonomy":"product_cat","embeddable":true,"href":"https:\/\/roveyayinevi.com.tr\/index.php\/wp-json\/wp\/v2\/product_cat?post=746670"},{"taxonomy":"product_tag","embeddable":true,"href":"https:\/\/roveyayinevi.com.tr\/index.php\/wp-json\/wp\/v2\/product_tag?post=746670"}],"curies":[{"name":"wp","href":"https:\/\/api.w.org\/{rel}","templated":true}]}}