{"id":746666,"date":"2025-08-28T02:47:59","date_gmt":"2025-08-27T23:47:59","guid":{"rendered":"https:\/\/roveyayinevi.com.tr\/index.php\/urun\/antik-yunanda-mit-ve-dusunce\/"},"modified":"2026-04-16T02:58:59","modified_gmt":"2026-04-15T23:58:59","slug":"antik-yunanda-mit-ve-dusunce","status":"publish","type":"product","link":"https:\/\/roveyayinevi.com.tr\/index.php\/urun\/antik-yunanda-mit-ve-dusunce\/","title":{"rendered":"Antik Yunan\u2019da Mit ve D\u00fc\u015f\u00fcnce"},"content":{"rendered":"<p>\u201c\u0130ncelemelerim antik Yunan uzmanlar\u0131n\u0131n ve Antik\u00e7a\u011f tarih\u00e7ilerinin uzmanl\u0131k alan\u0131na giren kaynaklara odaklansa da de\u011fi\u015fik bir perspektif benimsiyor. Mit, rit\u00fcel ve g\u00f6rsel temsiller gibi dinsel olgular\u0131, felsefeyi, bilimi, sanat\u0131, toplumsal kurumlar\u0131, teknolojiyi ve ekonomiyi, insanlar taraf\u0131ndan d\u00fczenli bir zihinsel faaliyetin ifadesi olarak yarat\u0131lm\u0131\u015f yap\u0131tlar diye yorumlad\u0131m. Bu yap\u0131tlar arac\u0131l\u0131\u011f\u0131yla insan\u0131, \u00fcreticisi ve \u00fcr\u00fcn\u00fc oldu\u011fu toplumsal ve k\u00fclt\u00fcrel ba\u011flamdan ay\u0131ramayaca\u011f\u0131m\u0131z antik Yunan insan\u0131n\u0131 anlamaya \u00e7al\u0131\u015f\u0131yoruz.\u201d Antik Yunan uygarl\u0131\u011f\u0131 alan\u0131nda yapt\u0131\u011f\u0131 \u00e7al\u0131\u015fmalarla \u00e7\u0131\u011f\u0131r a\u00e7an Jean-Pierre Vernant, T\u00fcrk\u00e7eye ilk kez \u00e7evrilen Antik Yunan\u2019da Mit ve D\u00fc\u015f\u00fcnce adl\u0131 bu eserinde, tarihsel psikoloji y\u00f6ntemini uygulayarak kadim bir uygarl\u0131\u011f\u0131n d\u00fc\u015f\u00fcnce tarihinin izini s\u00fcr\u00fcyor. Kurucu mitlerden mitolojik kahramanlara, \u015fehir devletlerine ge\u00e7i\u015ften bunun zihniyet d\u00fcnyas\u0131na yans\u0131malar\u0131na, zanaat d\u00fcnyas\u0131ndan eme\u011fe y\u00fcklenen de\u011ferlere, okuyucuyu \u00e7ok boyutlu bir yolculu\u011fa \u00e7\u0131karan Vernant, mitolojik d\u00fc\u015f\u00fcnceden rasyonaliteye ge\u00e7i\u015f konusuna da \u0131\u015f\u0131k tutuyor. <\/p>\n","protected":false},"excerpt":{"rendered":"<p>\u201c\u0130ncelemelerim antik Yunan uzmanlar\u0131n\u0131n ve Antik\u00e7a\u011f tarih\u00e7ilerinin uzmanl\u0131k alan\u0131na giren kaynaklara odaklansa da de\u011fi\u015fik bir perspektif benimsiyor. Mit, rit\u00fcel ve g\u00f6rsel temsiller gibi dinsel olgular\u0131, felsefeyi,<span class=\"excerpt-hellip\"> [\u2026]<\/span><\/p>\n","protected":false},"featured_media":0,"template":"","meta":{"_monsterinsights_skip_tracking":false,"_monsterinsights_sitenote_active":false,"_monsterinsights_sitenote_note":"","_monsterinsights_sitenote_category":0},"product_brand":[],"product_cat":[12718,12858],"product_tag":[],"class_list":{"0":"post-746666","1":"product","2":"type-product","3":"status-publish","5":"product_cat-din","6":"product_cat-mitolojiler","7":"pa_cilt-ciltsiz","8":"pa_tur-kitap","9":"pa_yayinevi-is-bankasi-kultur-yayinlari","10":"pa_yazar-jean-pierre-vernant","12":"first","13":"instock","14":"sale","15":"shipping-taxable","16":"purchasable","17":"product-type-simple"},"_links":{"self":[{"href":"https:\/\/roveyayinevi.com.tr\/index.php\/wp-json\/wp\/v2\/product\/746666","targetHints":{"allow":["GET"]}}],"collection":[{"href":"https:\/\/roveyayinevi.com.tr\/index.php\/wp-json\/wp\/v2\/product"}],"about":[{"href":"https:\/\/roveyayinevi.com.tr\/index.php\/wp-json\/wp\/v2\/types\/product"}],"wp:attachment":[{"href":"https:\/\/roveyayinevi.com.tr\/index.php\/wp-json\/wp\/v2\/media?parent=746666"}],"wp:term":[{"taxonomy":"product_brand","embeddable":true,"href":"https:\/\/roveyayinevi.com.tr\/index.php\/wp-json\/wp\/v2\/product_brand?post=746666"},{"taxonomy":"product_cat","embeddable":true,"href":"https:\/\/roveyayinevi.com.tr\/index.php\/wp-json\/wp\/v2\/product_cat?post=746666"},{"taxonomy":"product_tag","embeddable":true,"href":"https:\/\/roveyayinevi.com.tr\/index.php\/wp-json\/wp\/v2\/product_tag?post=746666"}],"curies":[{"name":"wp","href":"https:\/\/api.w.org\/{rel}","templated":true}]}}