{"id":746663,"date":"2025-08-28T02:47:55","date_gmt":"2025-08-27T23:47:55","guid":{"rendered":"https:\/\/roveyayinevi.com.tr\/index.php\/urun\/gurultu-makinesi\/"},"modified":"2026-04-16T02:58:59","modified_gmt":"2026-04-15T23:58:59","slug":"gurultu-makinesi","status":"publish","type":"product","link":"https:\/\/roveyayinevi.com.tr\/index.php\/urun\/gurultu-makinesi\/","title":{"rendered":"G\u00fcr\u00fclt\u00fc Makinesi"},"content":{"rendered":"<p>\u00c7ocuk edebiyat\u0131m\u0131z\u0131n sevilen kalemlerinden \u00d6mer A\u00e7\u0131k, \u00c7a\u011fla Yi\u011fit\u2019le beraber e\u011flenceli bir diziye imza at\u0131yor. Ne\u015feli, k\u0131p\u0131r k\u0131p\u0131r, yerinde duramayan Umut\u2019la tan\u0131\u015ft\u0131r\u0131yor bizi. Umut\u2019un hayalleri, \u00f6\u011frenme hevesi ve merak\u0131yla evde ve okulda ya\u015fad\u0131\u011f\u0131 renkli ser\u00fcvenleri g\u00fcl\u00fcmseyerek okuyoruz Umut ritim tutmay\u0131 ve m\u00fczi\u011fi \u00e7ok seviyor. Ayr\u0131ca evdeki her \u015fey onun i\u00e7in bir m\u00fczik aleti. B\u00f6ylece onun g\u00fcr\u00fclt\u00fcc\u00fc y\u00f6n\u00fcyle tan\u0131\u015f\u0131yoruz. Do\u011fum g\u00fcn\u00fc yakla\u015f\u0131rken yapt\u0131\u011f\u0131 hediye listesinde elbette bir m\u00fczik aleti de var. Oysa anne babas\u0131, g\u00fcr\u00fclt\u00fc makinesi dedikleri Umut\u2019a, b\u00f6yle bir hediye almaya hi\u00e7 de g\u00f6n\u00fcll\u00fc de\u011fil. Derken s\u00fcrpriz bir konuk, s\u00fcrpriz bir hediyeyle kap\u0131lar\u0131n\u0131 \u00e7alar.<\/p>\n","protected":false},"excerpt":{"rendered":"<p>\u00c7ocuk edebiyat\u0131m\u0131z\u0131n sevilen kalemlerinden \u00d6mer A\u00e7\u0131k, \u00c7a\u011fla Yi\u011fit\u2019le beraber e\u011flenceli bir diziye imza at\u0131yor. Ne\u015feli, k\u0131p\u0131r k\u0131p\u0131r, yerinde duramayan Umut\u2019la tan\u0131\u015ft\u0131r\u0131yor bizi. Umut\u2019un hayalleri, \u00f6\u011frenme hevesi<span class=\"excerpt-hellip\"> [\u2026]<\/span><\/p>\n","protected":false},"featured_media":0,"template":"","meta":{"_monsterinsights_skip_tracking":false,"_monsterinsights_sitenote_active":false,"_monsterinsights_sitenote_note":"","_monsterinsights_sitenote_category":0},"product_brand":[],"product_cat":[12274,12284],"product_tag":[],"class_list":{"0":"post-746663","1":"product","2":"type-product","3":"status-publish","5":"product_cat-cocuk-ve-genclik-kitaplari","6":"product_cat-hikayeler","7":"pa_cilt-ciltsiz","8":"pa_tur-kitap","9":"pa_yayinevi-uyurgezer-kitap","10":"pa_yazar-omer-acik","12":"first","13":"instock","14":"sale","15":"shipping-taxable","16":"purchasable","17":"product-type-simple"},"_links":{"self":[{"href":"https:\/\/roveyayinevi.com.tr\/index.php\/wp-json\/wp\/v2\/product\/746663","targetHints":{"allow":["GET"]}}],"collection":[{"href":"https:\/\/roveyayinevi.com.tr\/index.php\/wp-json\/wp\/v2\/product"}],"about":[{"href":"https:\/\/roveyayinevi.com.tr\/index.php\/wp-json\/wp\/v2\/types\/product"}],"wp:attachment":[{"href":"https:\/\/roveyayinevi.com.tr\/index.php\/wp-json\/wp\/v2\/media?parent=746663"}],"wp:term":[{"taxonomy":"product_brand","embeddable":true,"href":"https:\/\/roveyayinevi.com.tr\/index.php\/wp-json\/wp\/v2\/product_brand?post=746663"},{"taxonomy":"product_cat","embeddable":true,"href":"https:\/\/roveyayinevi.com.tr\/index.php\/wp-json\/wp\/v2\/product_cat?post=746663"},{"taxonomy":"product_tag","embeddable":true,"href":"https:\/\/roveyayinevi.com.tr\/index.php\/wp-json\/wp\/v2\/product_tag?post=746663"}],"curies":[{"name":"wp","href":"https:\/\/api.w.org\/{rel}","templated":true}]}}