{"id":746659,"date":"2025-08-28T02:47:50","date_gmt":"2025-08-27T23:47:50","guid":{"rendered":"https:\/\/roveyayinevi.com.tr\/index.php\/urun\/zari-belasi\/"},"modified":"2026-04-16T02:58:59","modified_gmt":"2026-04-15T23:58:59","slug":"zari-belasi","status":"publish","type":"product","link":"https:\/\/roveyayinevi.com.tr\/index.php\/urun\/zari-belasi\/","title":{"rendered":"Zar\u0131 Belas\u0131"},"content":{"rendered":"<p>Kavgaya tutu\u015fuyor \u00f6l\u00fcmle sevda. Amans\u0131zca vuru\u015fuyorlar. Boz bulan\u0131k ak\u0131yor M\u00e2merli Deresi. Bir sevda savruluyor, bir \u00f6l\u00fcm&#8230; Al kana bulan\u0131yor sevda. K\u00fcl rengi bulutlar sar\u0131yor her bir yan\u0131&#8230; Al yazma savruluyor uzaklara. Karl\u0131 da\u011flar ard\u0131ndan ceylanlar geliyor s\u00fcr\u00fc s\u00fcr\u00fc&#8230; T\u00fcrk\u00fcler s\u00f6yleniyor, sevda t\u00fcrk\u00fcleri&#8230; Ziyaret Da\u011f\u0131&#8217;nda duman t\u00fct\u00fcyor, ermi\u015fin elinde kara bir \u00e7aput&#8230; Karay\u0131lanlar bedenleri \u00fczerine dikeliyor. Sakalar, Z\u00fcmr\u00fcd\u00fcanka olup kanat \u00e7\u0131rp\u0131yor y\u0131lanlara do\u011fru. Dikeldik\u00e7e dikeliyor y\u0131lanlar. Kara \u00e7aputu al\u0131p savuruyor H\u00f6r\u00fc Nene, eline kan de\u011fiyor&#8230; Zalimler \u00e7al\u0131 arkalar\u0131na siniyor, karar\u0131yor y\u00fczleri. \u00c7\u0131\u011fl\u0131klar y\u00fckseliyor g\u00f6\u011f\u00fcn derinliklerine do\u011fru. Bir \u00f6l\u00fcm vuruyor yere, bir sevda&#8230; As\u0131rlard\u0131r bitmiyor \u00f6l\u00fcmle sevdan\u0131n kavgas\u0131. &#8220;Ben var\u0131m&#8221; diyor sevda. \u00c7i\u00e7ekler a\u00e7\u0131yor g\u00f6n\u00fcllerde. Kan daml\u0131yor \u00e7i\u00e7eklere, kan! Bir kavga ka\u00e7 as\u0131r s\u00fcrd\u00fc\u011f\u00fcn\u00fc bilen yok. Sevda ye\u015feriyor, \u00f6l\u00fcm karar\u0131yor..<\/p>\n","protected":false},"excerpt":{"rendered":"<p>Kavgaya tutu\u015fuyor \u00f6l\u00fcmle sevda. Amans\u0131zca vuru\u015fuyorlar. Boz bulan\u0131k ak\u0131yor M\u00e2merli Deresi. Bir sevda savruluyor, bir \u00f6l\u00fcm&#8230; Al kana bulan\u0131yor sevda. K\u00fcl rengi bulutlar sar\u0131yor her bir<span class=\"excerpt-hellip\"> [\u2026]<\/span><\/p>\n","protected":false},"featured_media":0,"template":"","meta":{"_monsterinsights_skip_tracking":false,"_monsterinsights_sitenote_active":false,"_monsterinsights_sitenote_note":"","_monsterinsights_sitenote_category":0},"product_brand":[],"product_cat":[12291,50487],"product_tag":[],"class_list":{"0":"post-746659","1":"product","2":"type-product","3":"status-publish","5":"product_cat-edebiyat","6":"product_cat-kurgu","7":"pa_cilt-ciltsiz","8":"pa_tur-kitap","9":"pa_yayinevi-fa-yayinlari","10":"pa_yazar-pasa-ali-bay","12":"first","13":"instock","14":"sale","15":"shipping-taxable","16":"purchasable","17":"product-type-simple"},"_links":{"self":[{"href":"https:\/\/roveyayinevi.com.tr\/index.php\/wp-json\/wp\/v2\/product\/746659","targetHints":{"allow":["GET"]}}],"collection":[{"href":"https:\/\/roveyayinevi.com.tr\/index.php\/wp-json\/wp\/v2\/product"}],"about":[{"href":"https:\/\/roveyayinevi.com.tr\/index.php\/wp-json\/wp\/v2\/types\/product"}],"wp:attachment":[{"href":"https:\/\/roveyayinevi.com.tr\/index.php\/wp-json\/wp\/v2\/media?parent=746659"}],"wp:term":[{"taxonomy":"product_brand","embeddable":true,"href":"https:\/\/roveyayinevi.com.tr\/index.php\/wp-json\/wp\/v2\/product_brand?post=746659"},{"taxonomy":"product_cat","embeddable":true,"href":"https:\/\/roveyayinevi.com.tr\/index.php\/wp-json\/wp\/v2\/product_cat?post=746659"},{"taxonomy":"product_tag","embeddable":true,"href":"https:\/\/roveyayinevi.com.tr\/index.php\/wp-json\/wp\/v2\/product_tag?post=746659"}],"curies":[{"name":"wp","href":"https:\/\/api.w.org\/{rel}","templated":true}]}}