{"id":746657,"date":"2025-08-28T02:47:46","date_gmt":"2025-08-27T23:47:46","guid":{"rendered":"https:\/\/roveyayinevi.com.tr\/index.php\/urun\/biriz\/"},"modified":"2026-04-16T02:58:59","modified_gmt":"2026-04-15T23:58:59","slug":"biriz","status":"publish","type":"product","link":"https:\/\/roveyayinevi.com.tr\/index.php\/urun\/biriz\/","title":{"rendered":"Biriz"},"content":{"rendered":"<p>Kendimi \u015f\u00f6yle tan\u0131mlamaktay\u0131m: Derler ya; damar\u0131 \u00e7ekmi\u015f diye. Bendeki bu okumak ve yazmak isteminin damar\u0131 rahmetli babamdan i\u015fte. K\u00f6y\u00fcn gaz ya\u011f\u0131 ve ispirto kokan gecelerinden -yenilerin deyimiyle- epigenetik ge\u00e7i\u015f h\u00e2li, karma ve g\u00f6n\u00fcll\u00fc \u00f6\u011frenmek tutkusu. Ne mutlu ki bir k\u0131s\u0131m ge\u00e7i\u015fleri kitapla\u015ft\u0131rd\u0131m. \u00c7ok mutluyum. <\/p>\n","protected":false},"excerpt":{"rendered":"<p>Kendimi \u015f\u00f6yle tan\u0131mlamaktay\u0131m: Derler ya; damar\u0131 \u00e7ekmi\u015f diye. Bendeki bu okumak ve yazmak isteminin damar\u0131 rahmetli babamdan i\u015fte. K\u00f6y\u00fcn gaz ya\u011f\u0131 ve ispirto kokan gecelerinden -yenilerin<span class=\"excerpt-hellip\"> [\u2026]<\/span><\/p>\n","protected":false},"featured_media":0,"template":"","meta":{"_monsterinsights_skip_tracking":false,"_monsterinsights_sitenote_active":false,"_monsterinsights_sitenote_note":"","_monsterinsights_sitenote_category":0},"product_brand":[],"product_cat":[12291,12509],"product_tag":[],"class_list":{"0":"post-746657","1":"product","2":"type-product","3":"status-publish","5":"product_cat-edebiyat","6":"product_cat-siir","7":"pa_cilt-ciltsiz","8":"pa_tur-kitap","9":"pa_yayinevi-fa-yayinlari","10":"pa_yazar-serdar-epozdemir","12":"first","13":"instock","14":"sale","15":"shipping-taxable","16":"purchasable","17":"product-type-simple"},"_links":{"self":[{"href":"https:\/\/roveyayinevi.com.tr\/index.php\/wp-json\/wp\/v2\/product\/746657","targetHints":{"allow":["GET"]}}],"collection":[{"href":"https:\/\/roveyayinevi.com.tr\/index.php\/wp-json\/wp\/v2\/product"}],"about":[{"href":"https:\/\/roveyayinevi.com.tr\/index.php\/wp-json\/wp\/v2\/types\/product"}],"wp:attachment":[{"href":"https:\/\/roveyayinevi.com.tr\/index.php\/wp-json\/wp\/v2\/media?parent=746657"}],"wp:term":[{"taxonomy":"product_brand","embeddable":true,"href":"https:\/\/roveyayinevi.com.tr\/index.php\/wp-json\/wp\/v2\/product_brand?post=746657"},{"taxonomy":"product_cat","embeddable":true,"href":"https:\/\/roveyayinevi.com.tr\/index.php\/wp-json\/wp\/v2\/product_cat?post=746657"},{"taxonomy":"product_tag","embeddable":true,"href":"https:\/\/roveyayinevi.com.tr\/index.php\/wp-json\/wp\/v2\/product_tag?post=746657"}],"curies":[{"name":"wp","href":"https:\/\/api.w.org\/{rel}","templated":true}]}}