{"id":746656,"date":"2025-08-28T02:47:45","date_gmt":"2025-08-27T23:47:45","guid":{"rendered":"https:\/\/roveyayinevi.com.tr\/index.php\/urun\/insan-aurasi\/"},"modified":"2026-04-16T02:58:59","modified_gmt":"2026-04-15T23:58:59","slug":"insan-aurasi","status":"publish","type":"product","link":"https:\/\/roveyayinevi.com.tr\/index.php\/urun\/insan-aurasi\/","title":{"rendered":"\u0130nsan Auras\u0131"},"content":{"rendered":"<p>\u0130nsan auras\u0131 bilimsel olarak varl\u0131\u011f\u0131 kan\u0131tlanan bir olgudur. Kirlian foto\u011fraf\u00e7\u0131l\u0131\u011f\u0131, gizemli \u0131\u015f\u0131lt\u0131s\u0131n\u0131n rengini, yo\u011funlu\u011funu ve hareketini yakalad\u0131. Ancak auran\u0131n \u00e7\u00f6z\u00fclmemi\u015f gizemlerinin \u00e7o\u011funa h\u00e2l\u00e2 yan\u0131t bulunamad\u0131. Bu enerji alan\u0131n\u0131n kayna\u011f\u0131 nedir? Sa\u011fl\u0131k, g\u00f6r\u00fcn\u00fcm, ba\u015far\u0131 ve ili\u015fkiler \u00fczerindeki etkileri nelerdir? Bu cevaplar\u0131 ve daha fazlas\u0131n\u0131 \u0130nsan Auras\u0131&#8217;nda bulabilirsiniz. <\/p>\n","protected":false},"excerpt":{"rendered":"<p>\u0130nsan auras\u0131 bilimsel olarak varl\u0131\u011f\u0131 kan\u0131tlanan bir olgudur. Kirlian foto\u011fraf\u00e7\u0131l\u0131\u011f\u0131, gizemli \u0131\u015f\u0131lt\u0131s\u0131n\u0131n rengini, yo\u011funlu\u011funu ve hareketini yakalad\u0131. Ancak auran\u0131n \u00e7\u00f6z\u00fclmemi\u015f gizemlerinin \u00e7o\u011funa h\u00e2l\u00e2 yan\u0131t bulunamad\u0131. Bu<span class=\"excerpt-hellip\"> [\u2026]<\/span><\/p>\n","protected":false},"featured_media":0,"template":"","meta":{"_monsterinsights_skip_tracking":false,"_monsterinsights_sitenote_active":false,"_monsterinsights_sitenote_note":"","_monsterinsights_sitenote_category":0},"product_brand":[],"product_cat":[12364,16154],"product_tag":[],"class_list":{"0":"post-746656","1":"product","2":"type-product","3":"status-publish","5":"product_cat-genel-konular","6":"product_cat-parapsikoloji","7":"pa_cilt-ciltsiz","8":"pa_tur-kitap","9":"pa_yayinevi-fa-yayinlari","10":"pa_yazar-swami-panchadasi","12":"first","13":"instock","14":"sale","15":"shipping-taxable","16":"purchasable","17":"product-type-simple"},"_links":{"self":[{"href":"https:\/\/roveyayinevi.com.tr\/index.php\/wp-json\/wp\/v2\/product\/746656","targetHints":{"allow":["GET"]}}],"collection":[{"href":"https:\/\/roveyayinevi.com.tr\/index.php\/wp-json\/wp\/v2\/product"}],"about":[{"href":"https:\/\/roveyayinevi.com.tr\/index.php\/wp-json\/wp\/v2\/types\/product"}],"wp:attachment":[{"href":"https:\/\/roveyayinevi.com.tr\/index.php\/wp-json\/wp\/v2\/media?parent=746656"}],"wp:term":[{"taxonomy":"product_brand","embeddable":true,"href":"https:\/\/roveyayinevi.com.tr\/index.php\/wp-json\/wp\/v2\/product_brand?post=746656"},{"taxonomy":"product_cat","embeddable":true,"href":"https:\/\/roveyayinevi.com.tr\/index.php\/wp-json\/wp\/v2\/product_cat?post=746656"},{"taxonomy":"product_tag","embeddable":true,"href":"https:\/\/roveyayinevi.com.tr\/index.php\/wp-json\/wp\/v2\/product_tag?post=746656"}],"curies":[{"name":"wp","href":"https:\/\/api.w.org\/{rel}","templated":true}]}}