{"id":746649,"date":"2025-08-28T02:47:36","date_gmt":"2025-08-27T23:47:36","guid":{"rendered":"https:\/\/roveyayinevi.com.tr\/index.php\/urun\/kapi-3\/"},"modified":"2026-04-16T02:58:59","modified_gmt":"2026-04-15T23:58:59","slug":"kapi-3","status":"publish","type":"product","link":"https:\/\/roveyayinevi.com.tr\/index.php\/urun\/kapi-3\/","title":{"rendered":"Kap\u0131"},"content":{"rendered":"<p>S\u00fcregelen \u015fiddetli bir sava\u015f\u0131n ortas\u0131ndas\u0131n\u0131z. Derme \u00e7atma bir siperde bekliyorsunuz ve ne kadar olaca\u011f\u0131n\u0131 bilmedi\u011finiz bir s\u00fcre sonra d\u00fc\u015fmanla burun buruna geleceksiniz. Beklerken uyuyakald\u0131n\u0131z ve size mutluluk veren bir r\u00fcya g\u00f6rmeye ba\u015flad\u0131n\u0131z. Belki hayallerinizi s\u00fcsleyen zenginlik, belki bir \u00f6m\u00fcr pe\u015finde oldu\u011funuz \u015f\u00f6hret, sayg\u0131nl\u0131k veya ba\u015far\u0131 duygusu, belki de hayat\u0131n\u0131z boyu arzu etti\u011finiz ba\u015fka bir hedef avu\u00e7lar\u0131n\u0131z\u0131n i\u00e7inde&#8230; O kadar mutlusunuz ki g\u00f6rd\u00fc\u011f\u00fcn\u00fcz r\u00fcyada, bunlar\u0131n ger\u00e7ek oldu\u011funa inanmaya ba\u015flad\u0131n\u0131z. Tam da bu esnada d\u00fc\u015fman\u0131n yakla\u015ft\u0131\u011f\u0131n\u0131 fark eden birilerinin sesleri y\u00fckseliyor siperin i\u00e7inde. Uyumaya devam ederseniz sahte bir mutlulu\u011fun i\u00e7inde k\u0131sa zaman sonra yok edileceksiniz; fakat uyan\u0131rsan\u0131z \u00e7arp\u0131\u015facaks\u0131n\u0131z ve hem kendi hayat\u0131n\u0131z\u0131 hem de siperin gerisinde bekleyen insanlar\u0131n hayatlar\u0131n\u0131 kurtarma f\u0131rsat\u0131n\u0131z olacak. Uyand\u0131r\u0131lmak ister miydiniz?   \u201c\u201cK\u00fcl\u00fcn ate\u015ften korkmak i\u00e7in bir sebebi kalm\u0131\u015f m\u0131d\u0131r ki?\u201d diye m\u0131r\u0131ldand\u0131 g\u00f6zlerimin i\u00e7ine bakarak&#8230;\u201d   Serinin ilk iki kitab\u0131nda oyunun kurallar\u0131n\u0131 \u00f6\u011frenen ekip \u00fcyeleri nihayet kap\u0131y\u0131 aralay\u0131p son sahnedeki planla y\u00fczle\u015fiyorlar. Ate\u015fle topra\u011f\u0131n kadim sava\u015f\u0131nda ekip bir se\u00e7im yapmak durumunda: Vakit kaybetmeden \u00e7arp\u0131\u015fmaya ba\u015flamak, siperde uyuyakalm\u0131\u015f di\u011fer insanlar\u0131 uyand\u0131rmak ya da geri ad\u0131m at\u0131p g\u00fczel bir r\u00fcya g\u00f6rebilme \u00fcmidiyle t\u0131pk\u0131 di\u011ferleri gibi uykuya dalmak&#8230;   Kap\u0131: Tarihe not d\u00fc\u015f\u00fcl\u00fcyor&#8230;   Kitapta bahsi ge\u00e7en ki\u015fi ve olaylar hayal \u00fcr\u00fcn\u00fc olmakla beraber, hat\u0131rda tutulmas\u0131 gerekti\u011fi \u00fczere; var olan her \u015fey gibi hayal g\u00fcc\u00fcn\u00fcn de bir s\u0131n\u0131r\u0131 vard\u0131r. <\/p>\n","protected":false},"excerpt":{"rendered":"<p>S\u00fcregelen \u015fiddetli bir sava\u015f\u0131n ortas\u0131ndas\u0131n\u0131z. Derme \u00e7atma bir siperde bekliyorsunuz ve ne kadar olaca\u011f\u0131n\u0131 bilmedi\u011finiz bir s\u00fcre sonra d\u00fc\u015fmanla burun buruna geleceksiniz. Beklerken uyuyakald\u0131n\u0131z ve size<span class=\"excerpt-hellip\"> [\u2026]<\/span><\/p>\n","protected":false},"featured_media":0,"template":"","meta":{"_monsterinsights_skip_tracking":false,"_monsterinsights_sitenote_active":false,"_monsterinsights_sitenote_note":"","_monsterinsights_sitenote_category":0},"product_brand":[],"product_cat":[12291,12711],"product_tag":[],"class_list":{"0":"post-746649","1":"product","2":"type-product","3":"status-publish","5":"product_cat-edebiyat","6":"product_cat-roman-oyku","7":"pa_cilt-ciltsiz","8":"pa_tur-kitap","9":"pa_yayinevi-feniks-yayinlari","10":"pa_yazar-yasar-ozdemir","12":"first","13":"instock","14":"sale","15":"shipping-taxable","16":"purchasable","17":"product-type-simple"},"_links":{"self":[{"href":"https:\/\/roveyayinevi.com.tr\/index.php\/wp-json\/wp\/v2\/product\/746649","targetHints":{"allow":["GET"]}}],"collection":[{"href":"https:\/\/roveyayinevi.com.tr\/index.php\/wp-json\/wp\/v2\/product"}],"about":[{"href":"https:\/\/roveyayinevi.com.tr\/index.php\/wp-json\/wp\/v2\/types\/product"}],"wp:attachment":[{"href":"https:\/\/roveyayinevi.com.tr\/index.php\/wp-json\/wp\/v2\/media?parent=746649"}],"wp:term":[{"taxonomy":"product_brand","embeddable":true,"href":"https:\/\/roveyayinevi.com.tr\/index.php\/wp-json\/wp\/v2\/product_brand?post=746649"},{"taxonomy":"product_cat","embeddable":true,"href":"https:\/\/roveyayinevi.com.tr\/index.php\/wp-json\/wp\/v2\/product_cat?post=746649"},{"taxonomy":"product_tag","embeddable":true,"href":"https:\/\/roveyayinevi.com.tr\/index.php\/wp-json\/wp\/v2\/product_tag?post=746649"}],"curies":[{"name":"wp","href":"https:\/\/api.w.org\/{rel}","templated":true}]}}